{"id":8032,"date":"2023-11-29T22:14:13","date_gmt":"2023-11-29T21:14:13","guid":{"rendered":"https:\/\/r-mboutique.com\/index.php\/product\/viceroy-titanium-471035-17\/"},"modified":"2024-01-27T10:34:31","modified_gmt":"2024-01-27T09:34:31","slug":"viceroy-titanium-471035-17","status":"publish","type":"product","link":"https:\/\/r-mboutique.com\/index.php\/product\/viceroy-titanium-471035-17\/","title":{"rendered":"Viceroy Titanium 471035-17"},"content":{"rendered":"<p>Cette montre \u00e0 un bo\u00eetier en titane avec un diam\u00e8tre de 41mm et poss\u00e8de un bracelet en titane.<span style=\"margin: 0px;padding: 0px;border: 0px;font-style: inherit;font-weight: inherit;line-height: inherit;font-family: inherit;font-size: 14px;vertical-align: baseline;letter-spacing: normal;text-align: start;text-indent: 0px;text-transform: none;text-decoration: none\">Le bo\u00eetier de la montre contient un mouvement et un cristal<\/span><span style=\"margin: 0px;padding: 0px;border: 0px;font-style: inherit;font-weight: inherit;line-height: inherit;font-family: inherit;font-size: 14px;vertical-align: baseline;letter-spacing: normal;text-align: start;text-indent: 0px;text-transform: none;text-decoration: none\"><span class=\"Apple-converted-space\">&nbsp;<\/span><\/span>min\u00e9ral<span style=\"margin: 0px;padding: 0px;border: 0px;font-style: inherit;font-weight: inherit;line-height: inherit;font-family: inherit;font-size: 14px;vertical-align: baseline;letter-spacing: normal;text-align: start;text-indent: 0px;text-transform: none;text-decoration: none\">.<\/span><\/p>\n<p>La montre est \u00e9tanche \u00e0 3ATM. Cela signifie que la montre est \u00e9tanche pour les \u00e9claboussures.<\/p>\n<p><span style=\"font-family: Karla, Arial, Helvetica, sans-serif;font-size: 14px;font-style: normal;font-weight: 400;letter-spacing: normal;text-align: start;text-indent: 0px;text-transform: none;text-decoration: none;float: none\">La montre est livr\u00e9e avec 2 ann\u00e9es de garantie valable dans le monde entier<\/span><\/p>\n","protected":false},"excerpt":{"rendered":"<p>Cette montre \u00e0 un bo\u00eetier en titane avec un diam\u00e8tre de 41mm et poss\u00e8de un bracelet en titane.Le bo\u00eetier de<\/p>\n","protected":false},"featured_media":8031,"comment_status":"open","ping_status":"closed","template":"","meta":{"om_disable_all_campaigns":false},"product_cat":[37,45,26,28],"product_tag":[],"jetpack-related-posts":[{"id":1806,"url":"https:\/\/r-mboutique.com\/index.php\/product\/festina-the-originals-f20330-2\/","url_meta":{"origin":8032,"position":0},"title":"Festina The Originals F20330\/2","author":"Ramzi Merabtine","date":"08\/28\/2020","format":false,"excerpt":"Cette montre Festina \u00e0 un bo\u00eetier en acier inoxydable avec un diam\u00e8tre de 47mm et poss\u00e8de un bracelet en Plastique \/ r\u00e9sine. Le bo\u00eetier de la montre contient un mouvement et un cristal min\u00e9ral. La montre est \u00e9tanche \u00e0 10ATM. Cela signifie que la montre est \u00e9tanche pour nager. La\u2026","rel":"","context":"Article similaire","block_context":{"text":"Article similaire","link":""},"img":{"alt_text":"","src":"https:\/\/i0.wp.com\/r-mboutique.com\/wp-content\/uploads\/2025\/04\/img_6373.jpeg?fit=1153%2C1153&ssl=1&resize=350%2C200","width":350,"height":200,"srcset":"https:\/\/i0.wp.com\/r-mboutique.com\/wp-content\/uploads\/2025\/04\/img_6373.jpeg?fit=1153%2C1153&ssl=1&resize=350%2C200 1x, https:\/\/i0.wp.com\/r-mboutique.com\/wp-content\/uploads\/2025\/04\/img_6373.jpeg?fit=1153%2C1153&ssl=1&resize=525%2C300 1.5x, https:\/\/i0.wp.com\/r-mboutique.com\/wp-content\/uploads\/2025\/04\/img_6373.jpeg?fit=1153%2C1153&ssl=1&resize=700%2C400 2x, https:\/\/i0.wp.com\/r-mboutique.com\/wp-content\/uploads\/2025\/04\/img_6373.jpeg?fit=1153%2C1153&ssl=1&resize=1050%2C600 3x"},"classes":[]},{"id":2410,"url":"https:\/\/r-mboutique.com\/index.php\/product\/festina-boyfriend-f16790-c\/","url_meta":{"origin":8032,"position":1},"title":"Festina Boyfriend F16790\/C","author":"Ramzi Merabtine","date":"11\/01\/2021","format":false,"excerpt":"Cette montre Festina \u00e0 un bo\u00eetier en acier inoxydable avec un diam\u00e8tre de 36mm et poss\u00e8de un bracelet en m\u00e9tal. Le bo\u00eetier de la montre contient un mouvement et un cristal min\u00e9ral. La montre est \u00e9tanche \u00e0 5ATM. Cela signifie que la montre est \u00e9tanche pour nager. La montre est\u2026","rel":"","context":"Article similaire","block_context":{"text":"Article similaire","link":""},"img":{"alt_text":"","src":"https:\/\/i0.wp.com\/r-mboutique.com\/wp-content\/uploads\/2021\/11\/img_3985.png?fit=548%2C548&ssl=1&resize=350%2C200","width":350,"height":200,"srcset":"https:\/\/i0.wp.com\/r-mboutique.com\/wp-content\/uploads\/2021\/11\/img_3985.png?fit=548%2C548&ssl=1&resize=350%2C200 1x, https:\/\/i0.wp.com\/r-mboutique.com\/wp-content\/uploads\/2021\/11\/img_3985.png?fit=548%2C548&ssl=1&resize=525%2C300 1.5x"},"classes":[]},{"id":8766,"url":"https:\/\/r-mboutique.com\/index.php\/product\/viceroy-42255-35\/","url_meta":{"origin":8032,"position":2},"title":"Viceroy 42255-35","author":"Ramzi Merabtine","date":"06\/26\/2025","format":false,"excerpt":"Cette montre\u00a0Viceroy\u00a0\u00e0 un bo\u00eetier en acier inoxydable avec un diam\u00e8tre de 43mm et poss\u00e8de un bracelet en caoutchouc. Le bo\u00eetier de la montre contient un mouvement et un cristal min\u00e9ral. La montre est \u00e9tanche \u00e0 10ATM. Cela signifie que la montre est \u00e9tanche pour la douche. La montre est livr\u00e9e\u2026","rel":"","context":"Article similaire","block_context":{"text":"Article similaire","link":""},"img":{"alt_text":"","src":"https:\/\/i0.wp.com\/r-mboutique.com\/wp-content\/uploads\/2025\/06\/2011af52-67fd-4860-b3ef-987f72bd86d9-scaled.jpeg?fit=1200%2C1200&ssl=1&resize=350%2C200","width":350,"height":200,"srcset":"https:\/\/i0.wp.com\/r-mboutique.com\/wp-content\/uploads\/2025\/06\/2011af52-67fd-4860-b3ef-987f72bd86d9-scaled.jpeg?fit=1200%2C1200&ssl=1&resize=350%2C200 1x, https:\/\/i0.wp.com\/r-mboutique.com\/wp-content\/uploads\/2025\/06\/2011af52-67fd-4860-b3ef-987f72bd86d9-scaled.jpeg?fit=1200%2C1200&ssl=1&resize=525%2C300 1.5x, https:\/\/i0.wp.com\/r-mboutique.com\/wp-content\/uploads\/2025\/06\/2011af52-67fd-4860-b3ef-987f72bd86d9-scaled.jpeg?fit=1200%2C1200&ssl=1&resize=700%2C400 2x, https:\/\/i0.wp.com\/r-mboutique.com\/wp-content\/uploads\/2025\/06\/2011af52-67fd-4860-b3ef-987f72bd86d9-scaled.jpeg?fit=1200%2C1200&ssl=1&resize=1050%2C600 3x"},"classes":[]},{"id":3914,"url":"https:\/\/r-mboutique.com\/index.php\/product\/guess-confetti-w0774l6\/","url_meta":{"origin":8032,"position":3},"title":"Guess Confetti W0774L6","author":"Ramzi Merabtine","date":"01\/21\/2022","format":false,"excerpt":"Cette montre Guess \u00e0 un bo\u00eetier en acier inoxydable avec un diam\u00e8tre de 38mm et poss\u00e8de un bracelet en m\u00e9tal. Le bo\u00eetier de la montre contient un mouvement et un cristal min\u00e9ral. La montre est \u00e9tanche \u00e0 5ATM. Cela signifie que la montre est \u00e9tanche pour la douche. La montre\u2026","rel":"","context":"Article similaire","block_context":{"text":"Article similaire","link":""},"img":{"alt_text":"","src":"https:\/\/i0.wp.com\/r-mboutique.com\/wp-content\/uploads\/2022\/01\/img_5839.jpeg?fit=1000%2C1000&ssl=1&resize=350%2C200","width":350,"height":200,"srcset":"https:\/\/i0.wp.com\/r-mboutique.com\/wp-content\/uploads\/2022\/01\/img_5839.jpeg?fit=1000%2C1000&ssl=1&resize=350%2C200 1x, https:\/\/i0.wp.com\/r-mboutique.com\/wp-content\/uploads\/2022\/01\/img_5839.jpeg?fit=1000%2C1000&ssl=1&resize=525%2C300 1.5x, https:\/\/i0.wp.com\/r-mboutique.com\/wp-content\/uploads\/2022\/01\/img_5839.jpeg?fit=1000%2C1000&ssl=1&resize=700%2C400 2x"},"classes":[]},{"id":5469,"url":"https:\/\/r-mboutique.com\/index.php\/product\/guess-zena-w1094l4\/","url_meta":{"origin":8032,"position":4},"title":"Guess Zena W1094L4","author":"Ramzi Merabtine","date":"05\/10\/2022","format":false,"excerpt":"Cette montre Guess \u00e0 un bo\u00eetier en acier inoxydable avec un diam\u00e8tre de 39mm et poss\u00e8de un bracelet en caoutchouc. Le bo\u00eetier de la montre contient un mouvement et un cristal . La montre est \u00e9tanche \u00e0 5ATM. Cela signifie que la montre est \u00e9tanche pour la douche. La montre\u2026","rel":"","context":"Article similaire","block_context":{"text":"Article similaire","link":""},"img":{"alt_text":"","src":"https:\/\/i0.wp.com\/r-mboutique.com\/wp-content\/uploads\/2022\/05\/img_8757.jpeg?fit=1000%2C1000&ssl=1&resize=350%2C200","width":350,"height":200,"srcset":"https:\/\/i0.wp.com\/r-mboutique.com\/wp-content\/uploads\/2022\/05\/img_8757.jpeg?fit=1000%2C1000&ssl=1&resize=350%2C200 1x, https:\/\/i0.wp.com\/r-mboutique.com\/wp-content\/uploads\/2022\/05\/img_8757.jpeg?fit=1000%2C1000&ssl=1&resize=525%2C300 1.5x, https:\/\/i0.wp.com\/r-mboutique.com\/wp-content\/uploads\/2022\/05\/img_8757.jpeg?fit=1000%2C1000&ssl=1&resize=700%2C400 2x"},"classes":[]},{"id":2699,"url":"https:\/\/r-mboutique.com\/index.php\/product\/f20532-2\/","url_meta":{"origin":8032,"position":5},"title":"Festina Diver Automatic F20532\/1","author":"Ramzi Merabtine","date":"12\/03\/2021","format":false,"excerpt":"Cette montre Festina \u00e0 un bo\u00eetier en acier inoxydable avec un diam\u00e8tre de 44mm et poss\u00e8de un bracelet en m\u00e9tal. Le bo\u00eetier de la montre contient un mouvement et un cristal saphir. La montre est \u00e9tanche \u00e0 20ATM. Cela signifie que la montre est \u00e9tanche pour la plong\u00e9e. La montre\u2026","rel":"","context":"Article similaire","block_context":{"text":"Article similaire","link":""},"img":{"alt_text":"","src":"https:\/\/i0.wp.com\/r-mboutique.com\/wp-content\/uploads\/2021\/12\/img_4391.jpeg?fit=1000%2C1000&ssl=1&resize=350%2C200","width":350,"height":200,"srcset":"https:\/\/i0.wp.com\/r-mboutique.com\/wp-content\/uploads\/2021\/12\/img_4391.jpeg?fit=1000%2C1000&ssl=1&resize=350%2C200 1x, https:\/\/i0.wp.com\/r-mboutique.com\/wp-content\/uploads\/2021\/12\/img_4391.jpeg?fit=1000%2C1000&ssl=1&resize=525%2C300 1.5x, https:\/\/i0.wp.com\/r-mboutique.com\/wp-content\/uploads\/2021\/12\/img_4391.jpeg?fit=1000%2C1000&ssl=1&resize=700%2C400 2x"},"classes":[]}],"_links":{"self":[{"href":"https:\/\/r-mboutique.com\/index.php\/wp-json\/wp\/v2\/product\/8032"}],"collection":[{"href":"https:\/\/r-mboutique.com\/index.php\/wp-json\/wp\/v2\/product"}],"about":[{"href":"https:\/\/r-mboutique.com\/index.php\/wp-json\/wp\/v2\/types\/product"}],"replies":[{"embeddable":true,"href":"https:\/\/r-mboutique.com\/index.php\/wp-json\/wp\/v2\/comments?post=8032"}],"wp:featuredmedia":[{"embeddable":true,"href":"https:\/\/r-mboutique.com\/index.php\/wp-json\/wp\/v2\/media\/8031"}],"wp:attachment":[{"href":"https:\/\/r-mboutique.com\/index.php\/wp-json\/wp\/v2\/media?parent=8032"}],"wp:term":[{"taxonomy":"product_cat","embeddable":true,"href":"https:\/\/r-mboutique.com\/index.php\/wp-json\/wp\/v2\/product_cat?post=8032"},{"taxonomy":"product_tag","embeddable":true,"href":"https:\/\/r-mboutique.com\/index.php\/wp-json\/wp\/v2\/product_tag?post=8032"}],"curies":[{"name":"wp","href":"https:\/\/api.w.org\/{rel}","templated":true}]}}