{"id":8237,"date":"2023-12-26T22:42:38","date_gmt":"2023-12-26T21:42:38","guid":{"rendered":"https:\/\/r-mboutique.com\/index.php\/product\/casio-retro-vintage-a168wgg-1b\/"},"modified":"2025-09-18T06:16:47","modified_gmt":"2025-09-18T05:16:47","slug":"casio-retro-vintage-a168wgg-1b","status":"publish","type":"product","link":"https:\/\/r-mboutique.com\/index.php\/product\/casio-retro-vintage-a168wgg-1b\/","title":{"rendered":"Casio r\u00e9tro Vintage A168WGG-1B"},"content":{"rendered":"<p><span style=\"margin: 0px;padding: 0px;border: 0px;font-style: inherit;font-weight: inherit;line-height: inherit;font-family: inherit;font-size: 14px;vertical-align: baseline\">la fusion de la nostalgie r\u00e9tro et du style de la mode. Bien plus qu\u2019une simple d\u00e9claration de mode, cette montre offre des fonctions pratiques telles que le chronom\u00e8tre et l\u2019alarme, ainsi que l\u2019\u00e9tanch\u00e9it\u00e9 pour une utilisation quotidienne afin de vous lib\u00e9rer de toute inqui\u00e9tude, m\u00eame les jours de pluie.<\/span><\/p>\n<h2 style=\"font-family: Karla, Arial, Helvetica, sans-serif;font-weight: bold;line-height: 1.4;margin: 0px 0px 20px;font-size: 18px;padding: 0px;border: 0px;font-style: normal;vertical-align: baseline;letter-spacing: normal;text-align: start;text-indent: 0px;text-transform: none;text-decoration: none\"><strong>Informations de base :<\/strong><\/h2>\n<p style=\"margin: 0px 0px 20px;padding: 0px;border: 0px;font-style: normal;font-weight: 400;line-height: inherit;font-family: Karla, Arial, Helvetica, sans-serif;font-size: 14px;vertical-align: baseline;letter-spacing: normal;text-align: start;text-indent: 0px;text-transform: none;text-decoration: none\">Taille du bo\u00eetier (L\u00d7 l\u00d7 H) : 38.6 \u00d7 36.3 \u00d7 9.6 mm<\/p>\n<p style=\"margin: 0px 0px 20px;padding: 0px;border: 0px;font-style: normal;font-weight: 400;line-height: inherit;font-family: Karla, Arial, Helvetica, sans-serif;font-size: 14px;vertical-align: baseline;letter-spacing: normal;text-align: start;text-indent: 0px;text-transform: none;text-decoration: none\">Poids : 49 g<\/p>\n<p style=\"margin: 0px 0px 20px;padding: 0px;border: 0px;font-style: normal;font-weight: 400;line-height: inherit;font-family: Karla, Arial, Helvetica, sans-serif;font-size: 14px;vertical-align: baseline;letter-spacing: normal;text-align: start;text-indent: 0px;text-transform: none;text-decoration: none\">Mat\u00e9riau du bo\u00eetier et du cadre : R\u00e9sine\/gris<\/p>\n<p style=\"margin: 0px 0px 20px;padding: 0px;border: 0px;font-style: normal;font-weight: 400;line-height: inherit;font-family: Karla, Arial, Helvetica, sans-serif;font-size: 14px;vertical-align: baseline;letter-spacing: normal;text-align: start;text-indent: 0px;text-transform: none;text-decoration: none\">Bracelet en acier inoxydable<\/p>\n<p style=\"margin: 0px 0px 20px;padding: 0px;border: 0px;font-style: normal;font-weight: 400;line-height: inherit;font-family: Karla, Arial, Helvetica, sans-serif;font-size: 14px;vertical-align: baseline;letter-spacing: normal;text-align: start;text-indent: 0px;text-transform: none;text-decoration: none\">Fermoir r\u00e9glable<\/p>\n<h4 style=\"font-family: Karla, Arial, Helvetica, sans-serif;font-weight: inherit;line-height: 1.4;margin: 0px 0px 20px;font-size: 18px;padding: 0px;border: 0px;font-style: normal;vertical-align: baseline;letter-spacing: normal;text-align: start;text-indent: 0px;text-transform: none;text-decoration: none\">Alimentation et autonomie de la batterie :<\/h4>\n<p style=\"margin: 0px 0px 20px;padding: 0px;border: 0px;font-style: normal;font-weight: 400;line-height: inherit;font-family: Karla, Arial, Helvetica, sans-serif;font-size: 14px;vertical-align: baseline;letter-spacing: normal;text-align: start;text-indent: 0px;text-transform: none;text-decoration: none\">Autonomie approximative de la batterie&nbsp;: 7&nbsp;ans sur CR2016<\/p>\n<h3 style=\"font-family: Karla, Arial, Helvetica, sans-serif;font-weight: inherit;line-height: 1.4;margin: 0px 0px 20px;font-size: 22px;padding: 0px;border: 0px;font-style: normal;vertical-align: baseline;letter-spacing: normal;text-align: start;text-indent: 0px;text-transform: none;text-decoration: none\">Ext\u00e9rieur :<\/h3>\n<p style=\"margin: 0px 0px 20px;padding: 0px;border: 0px;font-style: normal;font-weight: 400;line-height: inherit;font-family: Karla, Arial, Helvetica, sans-serif;font-size: 14px;vertical-align: baseline;letter-spacing: normal;text-align: start;text-indent: 0px;text-transform: none;text-decoration: none\">Verre en r\u00e9sine<\/p>\n<p style=\"margin: 0px 0px 20px;padding: 0px;border: 0px;font-style: normal;font-weight: 400;line-height: inherit;font-family: Karla, Arial, Helvetica, sans-serif;font-size: 14px;vertical-align: baseline;letter-spacing: normal;text-align: start;text-indent: 0px;text-transform: none;text-decoration: none\">Traitement de surface<\/p>\n<p style=\"margin: 0px 0px 20px;padding: 0px;border: 0px;font-style: normal;font-weight: 400;line-height: inherit;font-family: Karla, Arial, Helvetica, sans-serif;font-size: 14px;vertical-align: baseline;letter-spacing: normal;text-align: start;text-indent: 0px;text-transform: none;text-decoration: none\">Bracelet \u00e0 rev\u00eatement ionique de couleur grise<\/p>\n<h3 style=\"font-family: Karla, Arial, Helvetica, sans-serif;font-weight: inherit;line-height: 1.4;margin: 0px 0px 20px;font-size: 22px;padding: 0px;border: 0px;font-style: normal;vertical-align: baseline;letter-spacing: normal;text-align: start;text-indent: 0px;text-transform: none;text-decoration: none\">Fonctions de la montre :<\/h3>\n<p style=\"margin: 0px 0px 20px;padding: 0px;border: 0px;font-style: normal;font-weight: 400;line-height: inherit;font-family: Karla, Arial, Helvetica, sans-serif;font-size: 14px;vertical-align: baseline;letter-spacing: normal;text-align: start;text-indent: 0px;text-transform: none;text-decoration: none\">Chronom\u00e8tre \u00e0 1\/100e de seconde Capacit\u00e9 de mesure&nbsp;: 59\u201959,99\u201d Modes de mesure&nbsp;: Temps \u00e9coul\u00e9, temps interm\u00e9diaire, temps des 1re et 2e&nbsp;places<\/p>\n<p style=\"margin: 0px 0px 20px;padding: 0px;border: 0px;font-style: normal;font-weight: 400;line-height: inherit;font-family: Karla, Arial, Helvetica, sans-serif;font-size: 14px;vertical-align: baseline;letter-spacing: normal;text-align: start;text-indent: 0px;text-transform: none;text-decoration: none\">Signal d\u2019alarme\/des heures<\/p>\n<p style=\"margin: 0px 0px 20px;padding: 0px;border: 0px;font-style: normal;font-weight: 400;line-height: inherit;font-family: Karla, Arial, Helvetica, sans-serif;font-size: 14px;vertical-align: baseline;letter-spacing: normal;text-align: start;text-indent: 0px;text-transform: none;text-decoration: none\">Alarme quotidienne<\/p>\n<p style=\"margin: 0px 0px 20px;padding: 0px;border: 0px;font-style: normal;font-weight: 400;line-height: inherit;font-family: Karla, Arial, Helvetica, sans-serif;font-size: 14px;vertical-align: baseline;letter-spacing: normal;text-align: start;text-indent: 0px;text-transform: none;text-decoration: none\">Signal des heures<\/p>\n<p style=\"margin: 0px 0px 20px;padding: 0px;border: 0px;font-style: normal;font-weight: 400;line-height: inherit;font-family: Karla, Arial, Helvetica, sans-serif;font-size: 14px;vertical-align: baseline;letter-spacing: normal;text-align: start;text-indent: 0px;text-transform: none;text-decoration: none\">\u00c9clairage<\/p>\n<p style=\"margin: 0px 0px 20px;padding: 0px;border: 0px;font-style: normal;font-weight: 400;line-height: inherit;font-family: Karla, Arial, Helvetica, sans-serif;font-size: 14px;vertical-align: baseline;letter-spacing: normal;text-align: start;text-indent: 0px;text-transform: none;text-decoration: none\">R\u00e9tro\u00e9clairage \u00e9lectroluminescent<\/p>\n<p style=\"margin: 0px 0px 20px;padding: 0px;border: 0px;font-style: normal;font-weight: 400;line-height: inherit;font-family: Karla, Arial, Helvetica, sans-serif;font-size: 14px;vertical-align: baseline;letter-spacing: normal;text-align: start;text-indent: 0px;text-transform: none;text-decoration: none\">Couleur de la lumi\u00e8re<\/p>\n<p style=\"margin: 0px 0px 20px;padding: 0px;border: 0px;font-style: normal;font-weight: 400;line-height: inherit;font-family: Karla, Arial, Helvetica, sans-serif;font-size: 14px;vertical-align: baseline;letter-spacing: normal;text-align: start;text-indent: 0px;text-transform: none;text-decoration: none\">EL&nbsp;: bleu vert<\/p>\n<p style=\"margin: 0px 0px 20px;padding: 0px;border: 0px;font-style: normal;font-weight: 400;line-height: inherit;font-family: Karla, Arial, Helvetica, sans-serif;font-size: 14px;vertical-align: baseline;letter-spacing: normal;text-align: start;text-indent: 0px;text-transform: none;text-decoration: none\">Calendrier<\/p>\n<p style=\"margin: 0px 0px 20px;padding: 0px;border: 0px;font-style: normal;font-weight: 400;line-height: inherit;font-family: Karla, Arial, Helvetica, sans-serif;font-size: 14px;vertical-align: baseline;letter-spacing: normal;text-align: start;text-indent: 0px;text-transform: none;text-decoration: none\">Calendrier automatique (28&nbsp;jours pour f\u00e9vrier)<\/p>\n<p style=\"margin: 0px 0px 20px;padding: 0px;border: 0px;font-style: normal;font-weight: 400;line-height: inherit;font-family: Karla, Arial, Helvetica, sans-serif;font-size: 14px;vertical-align: baseline;letter-spacing: normal;text-align: start;text-indent: 0px;text-transform: none;text-decoration: none\">Pr\u00e9cision<\/p>\n<p style=\"margin: 0px 0px 20px;padding: 0px;border: 0px;font-style: normal;font-weight: 400;line-height: inherit;font-family: Karla, Arial, Helvetica, sans-serif;font-size: 14px;vertical-align: baseline;letter-spacing: normal;text-align: start;text-indent: 0px;text-transform: none;text-decoration: none\">Pr\u00e9cision&nbsp;: \u00b130&nbsp;secondes par mois<\/p>\n<p style=\"margin: 0px 0px 20px;padding: 0px;border: 0px;font-style: normal;font-weight: 400;line-height: inherit;font-family: Karla, Arial, Helvetica, sans-serif;font-size: 14px;vertical-align: baseline;letter-spacing: normal;text-align: start;text-indent: 0px;text-transform: none;text-decoration: none\">Autres fonctions<\/p>\n<p style=\"margin: 0px 0px 20px;padding: 0px;border: 0px;font-style: normal;font-weight: 400;line-height: inherit;font-family: Karla, Arial, Helvetica, sans-serif;font-size: 14px;vertical-align: baseline;letter-spacing: normal;text-align: start;text-indent: 0px;text-transform: none;text-decoration: none\">Format 12\/24&nbsp;heures<\/p>\n<p style=\"margin: 0px 0px 20px;padding: 0px;border: 0px;font-style: normal;font-weight: 400;line-height: inherit;font-family: Karla, Arial, Helvetica, sans-serif;font-size: 14px;vertical-align: baseline;letter-spacing: normal;text-align: start;text-indent: 0px;text-transform: none;text-decoration: none\">Indication de l\u2019heure standard&nbsp;: Num\u00e9rique&nbsp;: Heure, minute, seconde, format 12&nbsp;heures, date, jour<\/p>\n","protected":false},"excerpt":{"rendered":"<p>la fusion de la nostalgie r\u00e9tro et du style de la mode. Bien plus qu\u2019une simple d\u00e9claration de mode, cette<\/p>\n","protected":false},"featured_media":8236,"comment_status":"open","ping_status":"closed","template":"","meta":{"om_disable_all_campaigns":false},"product_cat":[37,46,26,30,28],"product_tag":[],"jetpack-related-posts":[{"id":8245,"url":"https:\/\/r-mboutique.com\/index.php\/product\/casio-retro-vintage-a168wg-9w\/","url_meta":{"origin":8237,"position":0},"title":"Casio r\u00e9tro Vintage A168WG-9W","author":"Ramzi Merabtine","date":"12\/26\/2023","format":false,"excerpt":"la fusion de la nostalgie r\u00e9tro et du style de la mode. Bien plus qu\u2019une simple d\u00e9claration de mode, cette montre offre des fonctions pratiques telles que le chronom\u00e8tre et l\u2019alarme, ainsi que l\u2019\u00e9tanch\u00e9it\u00e9 pour une utilisation quotidienne afin de vous lib\u00e9rer de toute inqui\u00e9tude, m\u00eame les jours de pluie.\u2026","rel":"","context":"Article similaire","block_context":{"text":"Article similaire","link":""},"img":{"alt_text":"","src":"https:\/\/i0.wp.com\/r-mboutique.com\/wp-content\/uploads\/2023\/12\/img_9112.jpeg?fit=1200%2C1200&ssl=1&resize=350%2C200","width":350,"height":200,"srcset":"https:\/\/i0.wp.com\/r-mboutique.com\/wp-content\/uploads\/2023\/12\/img_9112.jpeg?fit=1200%2C1200&ssl=1&resize=350%2C200 1x, https:\/\/i0.wp.com\/r-mboutique.com\/wp-content\/uploads\/2023\/12\/img_9112.jpeg?fit=1200%2C1200&ssl=1&resize=525%2C300 1.5x, https:\/\/i0.wp.com\/r-mboutique.com\/wp-content\/uploads\/2023\/12\/img_9112.jpeg?fit=1200%2C1200&ssl=1&resize=700%2C400 2x, https:\/\/i0.wp.com\/r-mboutique.com\/wp-content\/uploads\/2023\/12\/img_9112.jpeg?fit=1200%2C1200&ssl=1&resize=1050%2C600 3x"},"classes":[]},{"id":7622,"url":"https:\/\/r-mboutique.com\/index.php\/product\/casio-retro-vintage-a168werg-2a\/","url_meta":{"origin":8237,"position":1},"title":"Casio r\u00e9tro Vintage A168WERG-2A","author":"Ramzi Merabtine","date":"08\/21\/2023","format":false,"excerpt":"la fusion de la nostalgie r\u00e9tro et du style de la mode avec un cadran de montre aux teintes d\u00e9grad\u00e9es. Bien plus qu'une simple d\u00e9claration de mode, cette montre offre des fonctions pratiques telles que le chronom\u00e8tre et l'alarme, ainsi que l'\u00e9tanch\u00e9it\u00e9 pour une utilisation quotidienne afin de vous lib\u00e9rer\u2026","rel":"","context":"Article similaire","block_context":{"text":"Article similaire","link":""},"img":{"alt_text":"","src":"https:\/\/i0.wp.com\/r-mboutique.com\/wp-content\/uploads\/2023\/08\/img_5399.jpeg?fit=1079%2C1079&ssl=1&resize=350%2C200","width":350,"height":200,"srcset":"https:\/\/i0.wp.com\/r-mboutique.com\/wp-content\/uploads\/2023\/08\/img_5399.jpeg?fit=1079%2C1079&ssl=1&resize=350%2C200 1x, https:\/\/i0.wp.com\/r-mboutique.com\/wp-content\/uploads\/2023\/08\/img_5399.jpeg?fit=1079%2C1079&ssl=1&resize=525%2C300 1.5x, https:\/\/i0.wp.com\/r-mboutique.com\/wp-content\/uploads\/2023\/08\/img_5399.jpeg?fit=1079%2C1079&ssl=1&resize=700%2C400 2x, https:\/\/i0.wp.com\/r-mboutique.com\/wp-content\/uploads\/2023\/08\/img_5399.jpeg?fit=1079%2C1079&ssl=1&resize=1050%2C600 3x"},"classes":[]},{"id":7632,"url":"https:\/\/r-mboutique.com\/index.php\/product\/casio-retro-vintage-a168werb-2a\/","url_meta":{"origin":8237,"position":2},"title":"Casio r\u00e9tro Vintage A168WERB-2A","author":"Ramzi Merabtine","date":"08\/21\/2023","format":false,"excerpt":"la fusion de la nostalgie r\u00e9tro et du style de la mode avec un cadran de montre aux teintes d\u00e9grad\u00e9es. Bien plus qu\u2019une simple d\u00e9claration de mode, cette montre offre des fonctions pratiques telles que le chronom\u00e8tre et l\u2019alarme, ainsi que l\u2019\u00e9tanch\u00e9it\u00e9 pour une utilisation quotidienne afin de vous lib\u00e9rer\u2026","rel":"","context":"Article similaire","block_context":{"text":"Article similaire","link":""},"img":{"alt_text":"","src":"https:\/\/i0.wp.com\/r-mboutique.com\/wp-content\/uploads\/2023\/08\/img_5405.jpeg?fit=1078%2C1078&ssl=1&resize=350%2C200","width":350,"height":200,"srcset":"https:\/\/i0.wp.com\/r-mboutique.com\/wp-content\/uploads\/2023\/08\/img_5405.jpeg?fit=1078%2C1078&ssl=1&resize=350%2C200 1x, https:\/\/i0.wp.com\/r-mboutique.com\/wp-content\/uploads\/2023\/08\/img_5405.jpeg?fit=1078%2C1078&ssl=1&resize=525%2C300 1.5x, https:\/\/i0.wp.com\/r-mboutique.com\/wp-content\/uploads\/2023\/08\/img_5405.jpeg?fit=1078%2C1078&ssl=1&resize=700%2C400 2x, https:\/\/i0.wp.com\/r-mboutique.com\/wp-content\/uploads\/2023\/08\/img_5405.jpeg?fit=1078%2C1078&ssl=1&resize=1050%2C600 3x"},"classes":[]},{"id":7641,"url":"https:\/\/r-mboutique.com\/index.php\/product\/casio-retro-vintage-a168wgg-1a\/","url_meta":{"origin":8237,"position":3},"title":"Casio r\u00e9tro Vintage A168WGG-1A","author":"Ramzi Merabtine","date":"08\/21\/2023","format":false,"excerpt":"la fusion de la nostalgie r\u00e9tro et du style de la mode. Bien plus qu\u2019une simple d\u00e9claration de mode, cette montre offre des fonctions pratiques telles que le chronom\u00e8tre et l\u2019alarme, ainsi que l\u2019\u00e9tanch\u00e9it\u00e9 pour une utilisation quotidienne afin de vous lib\u00e9rer de toute inqui\u00e9tude, m\u00eame les jours de pluie.\u2026","rel":"","context":"Article similaire","block_context":{"text":"Article similaire","link":""},"img":{"alt_text":"","src":"https:\/\/i0.wp.com\/r-mboutique.com\/wp-content\/uploads\/2023\/08\/1ca0a2cc-003b-4387-90a2-5cd3cc0e7c3a.jpeg?fit=1200%2C1200&ssl=1&resize=350%2C200","width":350,"height":200,"srcset":"https:\/\/i0.wp.com\/r-mboutique.com\/wp-content\/uploads\/2023\/08\/1ca0a2cc-003b-4387-90a2-5cd3cc0e7c3a.jpeg?fit=1200%2C1200&ssl=1&resize=350%2C200 1x, https:\/\/i0.wp.com\/r-mboutique.com\/wp-content\/uploads\/2023\/08\/1ca0a2cc-003b-4387-90a2-5cd3cc0e7c3a.jpeg?fit=1200%2C1200&ssl=1&resize=525%2C300 1.5x, https:\/\/i0.wp.com\/r-mboutique.com\/wp-content\/uploads\/2023\/08\/1ca0a2cc-003b-4387-90a2-5cd3cc0e7c3a.jpeg?fit=1200%2C1200&ssl=1&resize=700%2C400 2x, https:\/\/i0.wp.com\/r-mboutique.com\/wp-content\/uploads\/2023\/08\/1ca0a2cc-003b-4387-90a2-5cd3cc0e7c3a.jpeg?fit=1200%2C1200&ssl=1&resize=1050%2C600 3x"},"classes":[]},{"id":2326,"url":"https:\/\/r-mboutique.com\/index.php\/product\/casio-retro-vintage\/","url_meta":{"origin":8237,"position":4},"title":"Casio r\u00e9tro Vintage A168WG-9","author":"Ramzi Merabtine","date":"10\/14\/2021","format":false,"excerpt":"Sp\u00e9cifications techniques Illuminateur Un panneau \u00e9lectroluminescent fait briller tout le visage pour une lecture facile. Fonction chronom\u00e8tre - 1\/100 sec. - 1 heure Le temps \u00e9coul\u00e9, le temps interm\u00e9diaire et le temps final sont mesur\u00e9s avec une pr\u00e9cision de 1\/100 s. La montre peut mesurer des temps allant jusqu'\u00e0 1\u2026","rel":"","context":"Article similaire","block_context":{"text":"Article similaire","link":""},"img":{"alt_text":"","src":"https:\/\/i0.wp.com\/r-mboutique.com\/wp-content\/uploads\/2021\/10\/img_3672.jpeg?fit=500%2C500&ssl=1&resize=350%2C200","width":350,"height":200},"classes":[]},{"id":8505,"url":"https:\/\/r-mboutique.com\/index.php\/product\/casio-mtp-b145d-9av\/","url_meta":{"origin":8237,"position":5},"title":"Casio MTP-B145D-9AV","author":"Ramzi Merabtine","date":"03\/07\/2024","format":false,"excerpt":"Plongez dans les ann\u00e9es\u00a080 avec un look et des couleurs r\u00e9tro. Le design minimaliste du cadran lui conf\u00e8re un style r\u00e9solument tendance et facilite la lecture de l'heure. Informations de baseTaille du bo\u00eetier (L\u00d7 l\u00d7 H) : 40 \u00d7 35 \u00d7 7.4 mm Poids : 82 g Mat\u00e9riau du bo\u00eetier\u2026","rel":"","context":"Article similaire","block_context":{"text":"Article similaire","link":""},"img":{"alt_text":"","src":"https:\/\/i0.wp.com\/r-mboutique.com\/wp-content\/uploads\/2024\/03\/img_0440-scaled.jpeg?fit=1200%2C1200&ssl=1&resize=350%2C200","width":350,"height":200,"srcset":"https:\/\/i0.wp.com\/r-mboutique.com\/wp-content\/uploads\/2024\/03\/img_0440-scaled.jpeg?fit=1200%2C1200&ssl=1&resize=350%2C200 1x, https:\/\/i0.wp.com\/r-mboutique.com\/wp-content\/uploads\/2024\/03\/img_0440-scaled.jpeg?fit=1200%2C1200&ssl=1&resize=525%2C300 1.5x, https:\/\/i0.wp.com\/r-mboutique.com\/wp-content\/uploads\/2024\/03\/img_0440-scaled.jpeg?fit=1200%2C1200&ssl=1&resize=700%2C400 2x, https:\/\/i0.wp.com\/r-mboutique.com\/wp-content\/uploads\/2024\/03\/img_0440-scaled.jpeg?fit=1200%2C1200&ssl=1&resize=1050%2C600 3x"},"classes":[]}],"_links":{"self":[{"href":"https:\/\/r-mboutique.com\/index.php\/wp-json\/wp\/v2\/product\/8237"}],"collection":[{"href":"https:\/\/r-mboutique.com\/index.php\/wp-json\/wp\/v2\/product"}],"about":[{"href":"https:\/\/r-mboutique.com\/index.php\/wp-json\/wp\/v2\/types\/product"}],"replies":[{"embeddable":true,"href":"https:\/\/r-mboutique.com\/index.php\/wp-json\/wp\/v2\/comments?post=8237"}],"wp:featuredmedia":[{"embeddable":true,"href":"https:\/\/r-mboutique.com\/index.php\/wp-json\/wp\/v2\/media\/8236"}],"wp:attachment":[{"href":"https:\/\/r-mboutique.com\/index.php\/wp-json\/wp\/v2\/media?parent=8237"}],"wp:term":[{"taxonomy":"product_cat","embeddable":true,"href":"https:\/\/r-mboutique.com\/index.php\/wp-json\/wp\/v2\/product_cat?post=8237"},{"taxonomy":"product_tag","embeddable":true,"href":"https:\/\/r-mboutique.com\/index.php\/wp-json\/wp\/v2\/product_tag?post=8237"}],"curies":[{"name":"wp","href":"https:\/\/api.w.org\/{rel}","templated":true}]}}