{"id":8389,"date":"2024-02-04T20:06:28","date_gmt":"2024-02-04T19:06:28","guid":{"rendered":"https:\/\/r-mboutique.com\/index.php\/product\/fossil-everett-fs5830\/"},"modified":"2025-09-18T05:45:29","modified_gmt":"2025-09-18T04:45:29","slug":"fossil-everett-fs5830","status":"publish","type":"product","link":"https:\/\/r-mboutique.com\/index.php\/product\/fossil-everett-fs5830\/","title":{"rendered":"Fossil Everett FS5830"},"content":{"rendered":"<p><span style=\"font-family: Soleil, sans-serif;font-size: 14px;font-style: normal;font-weight: 400;letter-spacing: 0.25px;text-align: left;text-indent: 0px;text-transform: none;text-decoration: none;float: none\">Cette montre Everett de 42&nbsp;mm arbore un cadran soleill\u00e9 gris, un mouvement chronographe et un bracelet en acier inoxydable anthracite.<\/span><\/p>\n<p><span style=\"font-family: Karla, Arial, Helvetica, sans-serif;font-size: 14px;font-style: normal;font-weight: 400;letter-spacing: normal;text-align: start;text-indent: 0px;text-transform: none;text-decoration: none;float: none\">La montre est \u00e9tanche \u00e0 5ATM. Cela signifie que la montre est \u00e9tanche pour la douche. La montre est livr\u00e9e avec 2 ann\u00e9es de garantie valable dans le monde entier.<\/span><\/p>\n","protected":false},"excerpt":{"rendered":"<p>Cette montre Everett de 42&nbsp;mm arbore un cadran soleill\u00e9 gris, un mouvement chronographe et un bracelet en acier inoxydable anthracite.<\/p>\n","protected":false},"featured_media":8386,"comment_status":"open","ping_status":"closed","template":"","meta":{"om_disable_all_campaigns":false},"product_cat":[37,43,57,26,28],"product_tag":[],"jetpack-related-posts":[{"id":3140,"url":"https:\/\/r-mboutique.com\/index.php\/product\/fossil-everett-fs5824\/","url_meta":{"origin":8389,"position":0},"title":"Fossil Everett FS5824","author":"Ramzi Merabtine","date":"12\/17\/2021","format":false,"excerpt":"Cette montre Fossil \u00e0 un bo\u00eetier en acier inoxydable avec un diam\u00e8tre de 42mm et poss\u00e8de un bracelet en m\u00e9tal. Le bo\u00eetier de la montre contient un mouvement et un cristal min\u00e9ral. La montre est \u00e9tanche \u00e0 5ATM. Cela signifie que la montre est \u00e9tanche pour la douche. La montre\u2026","rel":"","context":"Article similaire","block_context":{"text":"Article similaire","link":""},"img":{"alt_text":"","src":"https:\/\/i0.wp.com\/r-mboutique.com\/wp-content\/uploads\/2021\/12\/img_4825.jpeg?fit=1000%2C1000&ssl=1&resize=350%2C200","width":350,"height":200,"srcset":"https:\/\/i0.wp.com\/r-mboutique.com\/wp-content\/uploads\/2021\/12\/img_4825.jpeg?fit=1000%2C1000&ssl=1&resize=350%2C200 1x, https:\/\/i0.wp.com\/r-mboutique.com\/wp-content\/uploads\/2021\/12\/img_4825.jpeg?fit=1000%2C1000&ssl=1&resize=525%2C300 1.5x, https:\/\/i0.wp.com\/r-mboutique.com\/wp-content\/uploads\/2021\/12\/img_4825.jpeg?fit=1000%2C1000&ssl=1&resize=700%2C400 2x"},"classes":[]},{"id":3134,"url":"https:\/\/r-mboutique.com\/index.php\/product\/fossil-everett-fs5821\/","url_meta":{"origin":8389,"position":1},"title":"Fossil Everett FS5821","author":"Ramzi Merabtine","date":"12\/17\/2021","format":false,"excerpt":"Cette montre Fossil \u00e0 un bo\u00eetier en acier inoxydable avec un diam\u00e8tre de 42mm et poss\u00e8de un bracelet en m\u00e9tal. Le bo\u00eetier de la montre contient un mouvement et un cristal min\u00e9ral. La montre est \u00e9tanche \u00e0 5ATM. Cela signifie que la montre est \u00e9tanche pour la douche. La montre\u2026","rel":"","context":"Article similaire","block_context":{"text":"Article similaire","link":""},"img":{"alt_text":"","src":"https:\/\/i0.wp.com\/r-mboutique.com\/wp-content\/uploads\/2021\/12\/img_4819.jpeg?fit=1000%2C1000&ssl=1&resize=350%2C200","width":350,"height":200,"srcset":"https:\/\/i0.wp.com\/r-mboutique.com\/wp-content\/uploads\/2021\/12\/img_4819.jpeg?fit=1000%2C1000&ssl=1&resize=350%2C200 1x, https:\/\/i0.wp.com\/r-mboutique.com\/wp-content\/uploads\/2021\/12\/img_4819.jpeg?fit=1000%2C1000&ssl=1&resize=525%2C300 1.5x, https:\/\/i0.wp.com\/r-mboutique.com\/wp-content\/uploads\/2021\/12\/img_4819.jpeg?fit=1000%2C1000&ssl=1&resize=700%2C400 2x"},"classes":[]},{"id":1806,"url":"https:\/\/r-mboutique.com\/index.php\/product\/festina-the-originals-f20330-2\/","url_meta":{"origin":8389,"position":2},"title":"Festina The Originals F20330\/2","author":"Ramzi Merabtine","date":"08\/28\/2020","format":false,"excerpt":"Cette montre Festina \u00e0 un bo\u00eetier en acier inoxydable avec un diam\u00e8tre de 47mm et poss\u00e8de un bracelet en Plastique \/ r\u00e9sine. Le bo\u00eetier de la montre contient un mouvement et un cristal min\u00e9ral. La montre est \u00e9tanche \u00e0 10ATM. Cela signifie que la montre est \u00e9tanche pour nager. La\u2026","rel":"","context":"Article similaire","block_context":{"text":"Article similaire","link":""},"img":{"alt_text":"","src":"https:\/\/i0.wp.com\/r-mboutique.com\/wp-content\/uploads\/2025\/04\/img_6373.jpeg?fit=1153%2C1153&ssl=1&resize=350%2C200","width":350,"height":200,"srcset":"https:\/\/i0.wp.com\/r-mboutique.com\/wp-content\/uploads\/2025\/04\/img_6373.jpeg?fit=1153%2C1153&ssl=1&resize=350%2C200 1x, https:\/\/i0.wp.com\/r-mboutique.com\/wp-content\/uploads\/2025\/04\/img_6373.jpeg?fit=1153%2C1153&ssl=1&resize=525%2C300 1.5x, https:\/\/i0.wp.com\/r-mboutique.com\/wp-content\/uploads\/2025\/04\/img_6373.jpeg?fit=1153%2C1153&ssl=1&resize=700%2C400 2x, https:\/\/i0.wp.com\/r-mboutique.com\/wp-content\/uploads\/2025\/04\/img_6373.jpeg?fit=1153%2C1153&ssl=1&resize=1050%2C600 3x"},"classes":[]},{"id":2410,"url":"https:\/\/r-mboutique.com\/index.php\/product\/festina-boyfriend-f16790-c\/","url_meta":{"origin":8389,"position":3},"title":"Festina Boyfriend F16790\/C","author":"Ramzi Merabtine","date":"11\/01\/2021","format":false,"excerpt":"Cette montre Festina \u00e0 un bo\u00eetier en acier inoxydable avec un diam\u00e8tre de 36mm et poss\u00e8de un bracelet en m\u00e9tal. Le bo\u00eetier de la montre contient un mouvement et un cristal min\u00e9ral. La montre est \u00e9tanche \u00e0 5ATM. Cela signifie que la montre est \u00e9tanche pour nager. La montre est\u2026","rel":"","context":"Article similaire","block_context":{"text":"Article similaire","link":""},"img":{"alt_text":"","src":"https:\/\/i0.wp.com\/r-mboutique.com\/wp-content\/uploads\/2021\/11\/img_3985.png?fit=548%2C548&ssl=1&resize=350%2C200","width":350,"height":200,"srcset":"https:\/\/i0.wp.com\/r-mboutique.com\/wp-content\/uploads\/2021\/11\/img_3985.png?fit=548%2C548&ssl=1&resize=350%2C200 1x, https:\/\/i0.wp.com\/r-mboutique.com\/wp-content\/uploads\/2021\/11\/img_3985.png?fit=548%2C548&ssl=1&resize=525%2C300 1.5x"},"classes":[]},{"id":8766,"url":"https:\/\/r-mboutique.com\/index.php\/product\/viceroy-42255-35\/","url_meta":{"origin":8389,"position":4},"title":"Viceroy 42255-35","author":"Ramzi Merabtine","date":"06\/26\/2025","format":false,"excerpt":"Cette montre\u00a0Viceroy\u00a0\u00e0 un bo\u00eetier en acier inoxydable avec un diam\u00e8tre de 43mm et poss\u00e8de un bracelet en caoutchouc. Le bo\u00eetier de la montre contient un mouvement et un cristal min\u00e9ral. La montre est \u00e9tanche \u00e0 10ATM. Cela signifie que la montre est \u00e9tanche pour la douche. La montre est livr\u00e9e\u2026","rel":"","context":"Article similaire","block_context":{"text":"Article similaire","link":""},"img":{"alt_text":"","src":"https:\/\/i0.wp.com\/r-mboutique.com\/wp-content\/uploads\/2025\/06\/2011af52-67fd-4860-b3ef-987f72bd86d9-scaled.jpeg?fit=1200%2C1200&ssl=1&resize=350%2C200","width":350,"height":200,"srcset":"https:\/\/i0.wp.com\/r-mboutique.com\/wp-content\/uploads\/2025\/06\/2011af52-67fd-4860-b3ef-987f72bd86d9-scaled.jpeg?fit=1200%2C1200&ssl=1&resize=350%2C200 1x, https:\/\/i0.wp.com\/r-mboutique.com\/wp-content\/uploads\/2025\/06\/2011af52-67fd-4860-b3ef-987f72bd86d9-scaled.jpeg?fit=1200%2C1200&ssl=1&resize=525%2C300 1.5x, https:\/\/i0.wp.com\/r-mboutique.com\/wp-content\/uploads\/2025\/06\/2011af52-67fd-4860-b3ef-987f72bd86d9-scaled.jpeg?fit=1200%2C1200&ssl=1&resize=700%2C400 2x, https:\/\/i0.wp.com\/r-mboutique.com\/wp-content\/uploads\/2025\/06\/2011af52-67fd-4860-b3ef-987f72bd86d9-scaled.jpeg?fit=1200%2C1200&ssl=1&resize=1050%2C600 3x"},"classes":[]},{"id":3914,"url":"https:\/\/r-mboutique.com\/index.php\/product\/guess-confetti-w0774l6\/","url_meta":{"origin":8389,"position":5},"title":"Guess Confetti W0774L6","author":"Ramzi Merabtine","date":"01\/21\/2022","format":false,"excerpt":"Cette montre Guess \u00e0 un bo\u00eetier en acier inoxydable avec un diam\u00e8tre de 38mm et poss\u00e8de un bracelet en m\u00e9tal. Le bo\u00eetier de la montre contient un mouvement et un cristal min\u00e9ral. La montre est \u00e9tanche \u00e0 5ATM. Cela signifie que la montre est \u00e9tanche pour la douche. La montre\u2026","rel":"","context":"Article similaire","block_context":{"text":"Article similaire","link":""},"img":{"alt_text":"","src":"https:\/\/i0.wp.com\/r-mboutique.com\/wp-content\/uploads\/2022\/01\/img_5839.jpeg?fit=1000%2C1000&ssl=1&resize=350%2C200","width":350,"height":200,"srcset":"https:\/\/i0.wp.com\/r-mboutique.com\/wp-content\/uploads\/2022\/01\/img_5839.jpeg?fit=1000%2C1000&ssl=1&resize=350%2C200 1x, https:\/\/i0.wp.com\/r-mboutique.com\/wp-content\/uploads\/2022\/01\/img_5839.jpeg?fit=1000%2C1000&ssl=1&resize=525%2C300 1.5x, https:\/\/i0.wp.com\/r-mboutique.com\/wp-content\/uploads\/2022\/01\/img_5839.jpeg?fit=1000%2C1000&ssl=1&resize=700%2C400 2x"},"classes":[]}],"_links":{"self":[{"href":"https:\/\/r-mboutique.com\/index.php\/wp-json\/wp\/v2\/product\/8389"}],"collection":[{"href":"https:\/\/r-mboutique.com\/index.php\/wp-json\/wp\/v2\/product"}],"about":[{"href":"https:\/\/r-mboutique.com\/index.php\/wp-json\/wp\/v2\/types\/product"}],"replies":[{"embeddable":true,"href":"https:\/\/r-mboutique.com\/index.php\/wp-json\/wp\/v2\/comments?post=8389"}],"wp:featuredmedia":[{"embeddable":true,"href":"https:\/\/r-mboutique.com\/index.php\/wp-json\/wp\/v2\/media\/8386"}],"wp:attachment":[{"href":"https:\/\/r-mboutique.com\/index.php\/wp-json\/wp\/v2\/media?parent=8389"}],"wp:term":[{"taxonomy":"product_cat","embeddable":true,"href":"https:\/\/r-mboutique.com\/index.php\/wp-json\/wp\/v2\/product_cat?post=8389"},{"taxonomy":"product_tag","embeddable":true,"href":"https:\/\/r-mboutique.com\/index.php\/wp-json\/wp\/v2\/product_tag?post=8389"}],"curies":[{"name":"wp","href":"https:\/\/api.w.org\/{rel}","templated":true}]}}