{"id":8424,"date":"2024-02-09T16:44:09","date_gmt":"2024-02-09T15:44:09","guid":{"rendered":"https:\/\/r-mboutique.com\/index.php\/product\/bracelet-de-rechange-nato-22mm-3\/"},"modified":"2026-01-24T09:54:16","modified_gmt":"2026-01-24T08:54:16","slug":"bracelet-de-rechange-nato-22mm-3","status":"publish","type":"product","link":"https:\/\/r-mboutique.com\/index.php\/product\/bracelet-de-rechange-nato-22mm-3\/","title":{"rendered":"Bracelet de rechange NATO 22mm"},"content":{"rendered":"<p><span style=\"font-family: Karla, Arial, Helvetica, sans-serif;font-size: 14px;font-style: normal;font-weight: 400;letter-spacing: normal;text-align: start;text-indent: 0px;text-transform: none;text-decoration: none;float: none\">Bracelet de montre 22mm en toile de nylon doubl\u00e9 tiss\u00e9 en cuir, axe interchangeable et fermoir \u00e0 boucle<\/span><\/p>\n","protected":false},"excerpt":{"rendered":"<p>Bracelet de montre 22mm en toile de nylon doubl\u00e9 tiss\u00e9 en cuir, axe interchangeable et fermoir \u00e0 boucle<\/p>\n","protected":false},"featured_media":8423,"comment_status":"open","ping_status":"closed","template":"","meta":{"om_disable_all_campaigns":false},"product_cat":[29],"product_tag":[],"jetpack-related-posts":[{"id":8406,"url":"https:\/\/r-mboutique.com\/index.php\/product\/bracelet-de-rechange-nato-22mm\/","url_meta":{"origin":8424,"position":0},"title":"Bracelet de rechange NATO 22mm","author":"Ramzi Merabtine","date":"02\/09\/2024","format":false,"excerpt":"Bracelet de montre 22mm en toile de nylon doubl\u00e9 tiss\u00e9 en cuir, axe interchangeable et fermoir \u00e0 boucle","rel":"","context":"Article similaire","block_context":{"text":"Article similaire","link":""},"img":{"alt_text":"","src":"https:\/\/i0.wp.com\/r-mboutique.com\/wp-content\/uploads\/2024\/02\/img_0555.jpeg?fit=1033%2C1033&ssl=1&resize=350%2C200","width":350,"height":200,"srcset":"https:\/\/i0.wp.com\/r-mboutique.com\/wp-content\/uploads\/2024\/02\/img_0555.jpeg?fit=1033%2C1033&ssl=1&resize=350%2C200 1x, https:\/\/i0.wp.com\/r-mboutique.com\/wp-content\/uploads\/2024\/02\/img_0555.jpeg?fit=1033%2C1033&ssl=1&resize=525%2C300 1.5x, https:\/\/i0.wp.com\/r-mboutique.com\/wp-content\/uploads\/2024\/02\/img_0555.jpeg?fit=1033%2C1033&ssl=1&resize=700%2C400 2x"},"classes":[]},{"id":8418,"url":"https:\/\/r-mboutique.com\/index.php\/product\/bracelet-de-rechange-nato-22mm-2\/","url_meta":{"origin":8424,"position":1},"title":"Bracelet de rechange NATO 22mm","author":"Ramzi Merabtine","date":"02\/09\/2024","format":false,"excerpt":"Bracelet de montre 22mm en toile de nylon doubl\u00e9 tiss\u00e9 en cuir, axe interchangeable et fermoir \u00e0 boucle","rel":"","context":"Article similaire","block_context":{"text":"Article similaire","link":""},"img":{"alt_text":"","src":"https:\/\/i0.wp.com\/r-mboutique.com\/wp-content\/uploads\/2024\/02\/img_0556.jpeg?fit=1033%2C1033&ssl=1&resize=350%2C200","width":350,"height":200,"srcset":"https:\/\/i0.wp.com\/r-mboutique.com\/wp-content\/uploads\/2024\/02\/img_0556.jpeg?fit=1033%2C1033&ssl=1&resize=350%2C200 1x, https:\/\/i0.wp.com\/r-mboutique.com\/wp-content\/uploads\/2024\/02\/img_0556.jpeg?fit=1033%2C1033&ssl=1&resize=525%2C300 1.5x, https:\/\/i0.wp.com\/r-mboutique.com\/wp-content\/uploads\/2024\/02\/img_0556.jpeg?fit=1033%2C1033&ssl=1&resize=700%2C400 2x"},"classes":[]},{"id":8412,"url":"https:\/\/r-mboutique.com\/index.php\/product\/bracelet-de-rechange-nato-20mm\/","url_meta":{"origin":8424,"position":2},"title":"Bracelet de rechange NATO 20mm","author":"Ramzi Merabtine","date":"02\/09\/2024","format":false,"excerpt":"Bracelet de montre 20mm en toile de nylon doubl\u00e9 tiss\u00e9 en cuir, axe interchangeable et fermoir \u00e0 boucle","rel":"","context":"Article similaire","block_context":{"text":"Article similaire","link":""},"img":{"alt_text":"","src":"https:\/\/i0.wp.com\/r-mboutique.com\/wp-content\/uploads\/2024\/02\/img_0555-1.jpeg?fit=1033%2C1033&ssl=1&resize=350%2C200","width":350,"height":200,"srcset":"https:\/\/i0.wp.com\/r-mboutique.com\/wp-content\/uploads\/2024\/02\/img_0555-1.jpeg?fit=1033%2C1033&ssl=1&resize=350%2C200 1x, https:\/\/i0.wp.com\/r-mboutique.com\/wp-content\/uploads\/2024\/02\/img_0555-1.jpeg?fit=1033%2C1033&ssl=1&resize=525%2C300 1.5x, https:\/\/i0.wp.com\/r-mboutique.com\/wp-content\/uploads\/2024\/02\/img_0555-1.jpeg?fit=1033%2C1033&ssl=1&resize=700%2C400 2x"},"classes":[]},{"id":8436,"url":"https:\/\/r-mboutique.com\/index.php\/product\/bracelet-de-rechange-nato-20mm-3\/","url_meta":{"origin":8424,"position":3},"title":"Bracelet de rechange NATO 20mm","author":"Ramzi Merabtine","date":"02\/09\/2024","format":false,"excerpt":"Bracelet de montre 20mm en toile de nylon doubl\u00e9 tiss\u00e9 en cuir, axe interchangeable et fermoir \u00e0 boucle","rel":"","context":"Article similaire","block_context":{"text":"Article similaire","link":""},"img":{"alt_text":"","src":"https:\/\/i0.wp.com\/r-mboutique.com\/wp-content\/uploads\/2024\/02\/img_0552.jpeg?fit=1025%2C1025&ssl=1&resize=350%2C200","width":350,"height":200,"srcset":"https:\/\/i0.wp.com\/r-mboutique.com\/wp-content\/uploads\/2024\/02\/img_0552.jpeg?fit=1025%2C1025&ssl=1&resize=350%2C200 1x, https:\/\/i0.wp.com\/r-mboutique.com\/wp-content\/uploads\/2024\/02\/img_0552.jpeg?fit=1025%2C1025&ssl=1&resize=525%2C300 1.5x, https:\/\/i0.wp.com\/r-mboutique.com\/wp-content\/uploads\/2024\/02\/img_0552.jpeg?fit=1025%2C1025&ssl=1&resize=700%2C400 2x"},"classes":[]},{"id":8430,"url":"https:\/\/r-mboutique.com\/index.php\/product\/bracelet-de-rechange-nato-20mm-2\/","url_meta":{"origin":8424,"position":4},"title":"Bracelet de rechange NATO 20mm","author":"Ramzi Merabtine","date":"02\/09\/2024","format":false,"excerpt":"Bracelet de montre 20mm en toile de nylon doubl\u00e9 tiss\u00e9 en cuir, axe interchangeable et fermoir \u00e0 boucle","rel":"","context":"Article similaire","block_context":{"text":"Article similaire","link":""},"img":{"alt_text":"","src":"https:\/\/i0.wp.com\/r-mboutique.com\/wp-content\/uploads\/2024\/02\/img_0558.jpeg?fit=1033%2C1033&ssl=1&resize=350%2C200","width":350,"height":200,"srcset":"https:\/\/i0.wp.com\/r-mboutique.com\/wp-content\/uploads\/2024\/02\/img_0558.jpeg?fit=1033%2C1033&ssl=1&resize=350%2C200 1x, https:\/\/i0.wp.com\/r-mboutique.com\/wp-content\/uploads\/2024\/02\/img_0558.jpeg?fit=1033%2C1033&ssl=1&resize=525%2C300 1.5x, https:\/\/i0.wp.com\/r-mboutique.com\/wp-content\/uploads\/2024\/02\/img_0558.jpeg?fit=1033%2C1033&ssl=1&resize=700%2C400 2x"},"classes":[]},{"id":8442,"url":"https:\/\/r-mboutique.com\/index.php\/product\/bracelet-de-rechange-nato-20mm-4\/","url_meta":{"origin":8424,"position":5},"title":"Bracelet de rechange NATO 20mm","author":"Ramzi Merabtine","date":"02\/09\/2024","format":false,"excerpt":"Bracelet de montre 20mm en toile de nylon doubl\u00e9 tiss\u00e9 en cuir, axe interchangeable et fermoir \u00e0 boucle","rel":"","context":"Article similaire","block_context":{"text":"Article similaire","link":""},"img":{"alt_text":"","src":"https:\/\/i0.wp.com\/r-mboutique.com\/wp-content\/uploads\/2024\/02\/img_0554.jpeg?fit=1033%2C1033&ssl=1&resize=350%2C200","width":350,"height":200,"srcset":"https:\/\/i0.wp.com\/r-mboutique.com\/wp-content\/uploads\/2024\/02\/img_0554.jpeg?fit=1033%2C1033&ssl=1&resize=350%2C200 1x, https:\/\/i0.wp.com\/r-mboutique.com\/wp-content\/uploads\/2024\/02\/img_0554.jpeg?fit=1033%2C1033&ssl=1&resize=525%2C300 1.5x, https:\/\/i0.wp.com\/r-mboutique.com\/wp-content\/uploads\/2024\/02\/img_0554.jpeg?fit=1033%2C1033&ssl=1&resize=700%2C400 2x"},"classes":[]}],"_links":{"self":[{"href":"https:\/\/r-mboutique.com\/index.php\/wp-json\/wp\/v2\/product\/8424"}],"collection":[{"href":"https:\/\/r-mboutique.com\/index.php\/wp-json\/wp\/v2\/product"}],"about":[{"href":"https:\/\/r-mboutique.com\/index.php\/wp-json\/wp\/v2\/types\/product"}],"replies":[{"embeddable":true,"href":"https:\/\/r-mboutique.com\/index.php\/wp-json\/wp\/v2\/comments?post=8424"}],"wp:featuredmedia":[{"embeddable":true,"href":"https:\/\/r-mboutique.com\/index.php\/wp-json\/wp\/v2\/media\/8423"}],"wp:attachment":[{"href":"https:\/\/r-mboutique.com\/index.php\/wp-json\/wp\/v2\/media?parent=8424"}],"wp:term":[{"taxonomy":"product_cat","embeddable":true,"href":"https:\/\/r-mboutique.com\/index.php\/wp-json\/wp\/v2\/product_cat?post=8424"},{"taxonomy":"product_tag","embeddable":true,"href":"https:\/\/r-mboutique.com\/index.php\/wp-json\/wp\/v2\/product_tag?post=8424"}],"curies":[{"name":"wp","href":"https:\/\/api.w.org\/{rel}","templated":true}]}}