{"id":8436,"date":"2024-02-09T16:48:22","date_gmt":"2024-02-09T15:48:22","guid":{"rendered":"https:\/\/r-mboutique.com\/index.php\/product\/bracelet-de-rechange-nato-20mm-3\/"},"modified":"2026-01-24T09:53:48","modified_gmt":"2026-01-24T08:53:48","slug":"bracelet-de-rechange-nato-20mm-3","status":"publish","type":"product","link":"https:\/\/r-mboutique.com\/index.php\/product\/bracelet-de-rechange-nato-20mm-3\/","title":{"rendered":"Bracelet de rechange NATO 20mm"},"content":{"rendered":"<p><span style=\"font-family: Karla, Arial, Helvetica, sans-serif;font-size: 14px;font-style: normal;font-weight: 400;letter-spacing: normal;text-align: start;text-indent: 0px;text-transform: none;text-decoration: none;float: none\">Bracelet de montre 20mm en toile de nylon doubl\u00e9 tiss\u00e9 en cuir, axe interchangeable et fermoir \u00e0 <\/span>boucle<\/p>\n","protected":false},"excerpt":{"rendered":"<p>Bracelet de montre 20mm en toile de nylon doubl\u00e9 tiss\u00e9 en cuir, axe interchangeable et fermoir \u00e0 boucle<\/p>\n","protected":false},"featured_media":8433,"comment_status":"open","ping_status":"closed","template":"","meta":{"om_disable_all_campaigns":false},"product_cat":[29],"product_tag":[],"jetpack-related-posts":[{"id":8412,"url":"https:\/\/r-mboutique.com\/index.php\/product\/bracelet-de-rechange-nato-20mm\/","url_meta":{"origin":8436,"position":0},"title":"Bracelet de rechange NATO 20mm","author":"Ramzi Merabtine","date":"02\/09\/2024","format":false,"excerpt":"Bracelet de montre 20mm en toile de nylon doubl\u00e9 tiss\u00e9 en cuir, axe interchangeable et fermoir \u00e0 boucle","rel":"","context":"Article similaire","block_context":{"text":"Article similaire","link":""},"img":{"alt_text":"","src":"https:\/\/i0.wp.com\/r-mboutique.com\/wp-content\/uploads\/2024\/02\/img_0555-1.jpeg?fit=1033%2C1033&ssl=1&resize=350%2C200","width":350,"height":200,"srcset":"https:\/\/i0.wp.com\/r-mboutique.com\/wp-content\/uploads\/2024\/02\/img_0555-1.jpeg?fit=1033%2C1033&ssl=1&resize=350%2C200 1x, https:\/\/i0.wp.com\/r-mboutique.com\/wp-content\/uploads\/2024\/02\/img_0555-1.jpeg?fit=1033%2C1033&ssl=1&resize=525%2C300 1.5x, https:\/\/i0.wp.com\/r-mboutique.com\/wp-content\/uploads\/2024\/02\/img_0555-1.jpeg?fit=1033%2C1033&ssl=1&resize=700%2C400 2x"},"classes":[]},{"id":8430,"url":"https:\/\/r-mboutique.com\/index.php\/product\/bracelet-de-rechange-nato-20mm-2\/","url_meta":{"origin":8436,"position":1},"title":"Bracelet de rechange NATO 20mm","author":"Ramzi Merabtine","date":"02\/09\/2024","format":false,"excerpt":"Bracelet de montre 20mm en toile de nylon doubl\u00e9 tiss\u00e9 en cuir, axe interchangeable et fermoir \u00e0 boucle","rel":"","context":"Article similaire","block_context":{"text":"Article similaire","link":""},"img":{"alt_text":"","src":"https:\/\/i0.wp.com\/r-mboutique.com\/wp-content\/uploads\/2024\/02\/img_0558.jpeg?fit=1033%2C1033&ssl=1&resize=350%2C200","width":350,"height":200,"srcset":"https:\/\/i0.wp.com\/r-mboutique.com\/wp-content\/uploads\/2024\/02\/img_0558.jpeg?fit=1033%2C1033&ssl=1&resize=350%2C200 1x, https:\/\/i0.wp.com\/r-mboutique.com\/wp-content\/uploads\/2024\/02\/img_0558.jpeg?fit=1033%2C1033&ssl=1&resize=525%2C300 1.5x, https:\/\/i0.wp.com\/r-mboutique.com\/wp-content\/uploads\/2024\/02\/img_0558.jpeg?fit=1033%2C1033&ssl=1&resize=700%2C400 2x"},"classes":[]},{"id":8442,"url":"https:\/\/r-mboutique.com\/index.php\/product\/bracelet-de-rechange-nato-20mm-4\/","url_meta":{"origin":8436,"position":2},"title":"Bracelet de rechange NATO 20mm","author":"Ramzi Merabtine","date":"02\/09\/2024","format":false,"excerpt":"Bracelet de montre 20mm en toile de nylon doubl\u00e9 tiss\u00e9 en cuir, axe interchangeable et fermoir \u00e0 boucle","rel":"","context":"Article similaire","block_context":{"text":"Article similaire","link":""},"img":{"alt_text":"","src":"https:\/\/i0.wp.com\/r-mboutique.com\/wp-content\/uploads\/2024\/02\/img_0554.jpeg?fit=1033%2C1033&ssl=1&resize=350%2C200","width":350,"height":200,"srcset":"https:\/\/i0.wp.com\/r-mboutique.com\/wp-content\/uploads\/2024\/02\/img_0554.jpeg?fit=1033%2C1033&ssl=1&resize=350%2C200 1x, https:\/\/i0.wp.com\/r-mboutique.com\/wp-content\/uploads\/2024\/02\/img_0554.jpeg?fit=1033%2C1033&ssl=1&resize=525%2C300 1.5x, https:\/\/i0.wp.com\/r-mboutique.com\/wp-content\/uploads\/2024\/02\/img_0554.jpeg?fit=1033%2C1033&ssl=1&resize=700%2C400 2x"},"classes":[]},{"id":8448,"url":"https:\/\/r-mboutique.com\/index.php\/product\/bracelet-de-rechange-nato-20mm-5\/","url_meta":{"origin":8436,"position":3},"title":"Bracelet de rechange NATO 20mm","author":"Ramzi Merabtine","date":"02\/09\/2024","format":false,"excerpt":"Bracelet de montre 20mm en toile de nylon doubl\u00e9 tiss\u00e9 en cuir, axe interchangeable et fermoir \u00e0 boucle","rel":"","context":"Article similaire","block_context":{"text":"Article similaire","link":""},"img":{"alt_text":"","src":"https:\/\/i0.wp.com\/r-mboutique.com\/wp-content\/uploads\/2024\/02\/img_0553.jpeg?fit=1033%2C1033&ssl=1&resize=350%2C200","width":350,"height":200,"srcset":"https:\/\/i0.wp.com\/r-mboutique.com\/wp-content\/uploads\/2024\/02\/img_0553.jpeg?fit=1033%2C1033&ssl=1&resize=350%2C200 1x, https:\/\/i0.wp.com\/r-mboutique.com\/wp-content\/uploads\/2024\/02\/img_0553.jpeg?fit=1033%2C1033&ssl=1&resize=525%2C300 1.5x, https:\/\/i0.wp.com\/r-mboutique.com\/wp-content\/uploads\/2024\/02\/img_0553.jpeg?fit=1033%2C1033&ssl=1&resize=700%2C400 2x"},"classes":[]},{"id":8406,"url":"https:\/\/r-mboutique.com\/index.php\/product\/bracelet-de-rechange-nato-22mm\/","url_meta":{"origin":8436,"position":4},"title":"Bracelet de rechange NATO 22mm","author":"Ramzi Merabtine","date":"02\/09\/2024","format":false,"excerpt":"Bracelet de montre 22mm en toile de nylon doubl\u00e9 tiss\u00e9 en cuir, axe interchangeable et fermoir \u00e0 boucle","rel":"","context":"Article similaire","block_context":{"text":"Article similaire","link":""},"img":{"alt_text":"","src":"https:\/\/i0.wp.com\/r-mboutique.com\/wp-content\/uploads\/2024\/02\/img_0555.jpeg?fit=1033%2C1033&ssl=1&resize=350%2C200","width":350,"height":200,"srcset":"https:\/\/i0.wp.com\/r-mboutique.com\/wp-content\/uploads\/2024\/02\/img_0555.jpeg?fit=1033%2C1033&ssl=1&resize=350%2C200 1x, https:\/\/i0.wp.com\/r-mboutique.com\/wp-content\/uploads\/2024\/02\/img_0555.jpeg?fit=1033%2C1033&ssl=1&resize=525%2C300 1.5x, https:\/\/i0.wp.com\/r-mboutique.com\/wp-content\/uploads\/2024\/02\/img_0555.jpeg?fit=1033%2C1033&ssl=1&resize=700%2C400 2x"},"classes":[]},{"id":8424,"url":"https:\/\/r-mboutique.com\/index.php\/product\/bracelet-de-rechange-nato-22mm-3\/","url_meta":{"origin":8436,"position":5},"title":"Bracelet de rechange NATO 22mm","author":"Ramzi Merabtine","date":"02\/09\/2024","format":false,"excerpt":"Bracelet de montre 22mm en toile de nylon doubl\u00e9 tiss\u00e9 en cuir, axe interchangeable et fermoir \u00e0 boucle","rel":"","context":"Article similaire","block_context":{"text":"Article similaire","link":""},"img":{"alt_text":"","src":"https:\/\/i0.wp.com\/r-mboutique.com\/wp-content\/uploads\/2024\/02\/img_0557.jpeg?fit=1033%2C1033&ssl=1&resize=350%2C200","width":350,"height":200,"srcset":"https:\/\/i0.wp.com\/r-mboutique.com\/wp-content\/uploads\/2024\/02\/img_0557.jpeg?fit=1033%2C1033&ssl=1&resize=350%2C200 1x, https:\/\/i0.wp.com\/r-mboutique.com\/wp-content\/uploads\/2024\/02\/img_0557.jpeg?fit=1033%2C1033&ssl=1&resize=525%2C300 1.5x, https:\/\/i0.wp.com\/r-mboutique.com\/wp-content\/uploads\/2024\/02\/img_0557.jpeg?fit=1033%2C1033&ssl=1&resize=700%2C400 2x"},"classes":[]}],"_links":{"self":[{"href":"https:\/\/r-mboutique.com\/index.php\/wp-json\/wp\/v2\/product\/8436"}],"collection":[{"href":"https:\/\/r-mboutique.com\/index.php\/wp-json\/wp\/v2\/product"}],"about":[{"href":"https:\/\/r-mboutique.com\/index.php\/wp-json\/wp\/v2\/types\/product"}],"replies":[{"embeddable":true,"href":"https:\/\/r-mboutique.com\/index.php\/wp-json\/wp\/v2\/comments?post=8436"}],"wp:featuredmedia":[{"embeddable":true,"href":"https:\/\/r-mboutique.com\/index.php\/wp-json\/wp\/v2\/media\/8433"}],"wp:attachment":[{"href":"https:\/\/r-mboutique.com\/index.php\/wp-json\/wp\/v2\/media?parent=8436"}],"wp:term":[{"taxonomy":"product_cat","embeddable":true,"href":"https:\/\/r-mboutique.com\/index.php\/wp-json\/wp\/v2\/product_cat?post=8436"},{"taxonomy":"product_tag","embeddable":true,"href":"https:\/\/r-mboutique.com\/index.php\/wp-json\/wp\/v2\/product_tag?post=8436"}],"curies":[{"name":"wp","href":"https:\/\/api.w.org\/{rel}","templated":true}]}}