{"id":8513,"date":"2024-03-07T20:58:44","date_gmt":"2024-03-07T19:58:44","guid":{"rendered":"https:\/\/r-mboutique.com\/index.php\/product\/casio-mtp-b145d-4av\/"},"modified":"2025-12-02T09:19:28","modified_gmt":"2025-12-02T08:19:28","slug":"casio-mtp-b145d-4av","status":"publish","type":"product","link":"https:\/\/r-mboutique.com\/index.php\/product\/casio-mtp-b145d-4av\/","title":{"rendered":"Casio MTP-B145D-4AV"},"content":{"rendered":"<p><span style=\"margin: 0px;padding: 0px;border: 0px;font-style: inherit;font-weight: inherit;line-height: inherit;font-family: inherit;font-size: 14px;vertical-align: baseline\">Plongez dans les ann\u00e9es&nbsp;80 avec un look et des couleurs r\u00e9tro.<br \/>\nLe design minimaliste du cadran lui conf\u00e8re un style r\u00e9solument tendance et facilite la lecture de l\u2019heure.<\/span><\/p>\n<h4 style=\"font-family: Karla, Arial, Helvetica, sans-serif;font-weight: inherit;line-height: 1.4;margin: 0px 0px 20px;font-size: 18px;padding: 0px;border: 0px;font-style: normal;vertical-align: baseline;letter-spacing: normal;text-align: start;text-indent: 0px;text-transform: none;text-decoration: none\">Informations de base<\/h4>\n<p style=\"margin: 0px 0px 20px;padding: 0px;border: 0px;font-style: normal;font-weight: 400;line-height: inherit;font-family: Karla, Arial, Helvetica, sans-serif;font-size: 14px;vertical-align: baseline;letter-spacing: normal;text-align: start;text-indent: 0px;text-transform: none;text-decoration: none\">Taille du bo\u00eetier (L\u00d7 l\u00d7 H) : 40 \u00d7 35 \u00d7 7.4 mm<\/p>\n<p style=\"margin: 0px 0px 20px;padding: 0px;border: 0px;font-style: normal;font-weight: 400;line-height: inherit;font-family: Karla, Arial, Helvetica, sans-serif;font-size: 14px;vertical-align: baseline;letter-spacing: normal;text-align: start;text-indent: 0px;text-transform: none;text-decoration: none\">Poids : 82 g<\/p>\n<p style=\"margin: 0px 0px 20px;padding: 0px;border: 0px;font-style: normal;font-weight: 400;line-height: inherit;font-family: Karla, Arial, Helvetica, sans-serif;font-size: 14px;vertical-align: baseline;letter-spacing: normal;text-align: start;text-indent: 0px;text-transform: none;text-decoration: none\">Mat\u00e9riau du bo\u00eetier et du cadre : Acier inoxydable<\/p>\n<p style=\"margin: 0px 0px 20px;padding: 0px;border: 0px;font-style: normal;font-weight: 400;line-height: inherit;font-family: Karla, Arial, Helvetica, sans-serif;font-size: 14px;vertical-align: baseline;letter-spacing: normal;text-align: start;text-indent: 0px;text-transform: none;text-decoration: none\">Bracelet en acier inoxydable<\/p>\n<p style=\"margin: 0px 0px 20px;padding: 0px;border: 0px;font-style: normal;font-weight: 400;line-height: inherit;font-family: Karla, Arial, Helvetica, sans-serif;font-size: 14px;vertical-align: baseline;letter-spacing: normal;text-align: start;text-indent: 0px;text-transform: none;text-decoration: none\">Fermoir \u00e0 triple boucle d\u00e9ployante \u00e0 simple pression<\/p>\n<p style=\"margin: 0px 0px 20px;padding: 0px;border: 0px;font-style: normal;font-weight: 400;line-height: inherit;font-family: Karla, Arial, Helvetica, sans-serif;font-size: 14px;vertical-align: baseline;letter-spacing: normal;text-align: start;text-indent: 0px;text-transform: none;text-decoration: none\">\u00c9tanch\u00e9it\u00e9 : \u00c9tanche jusqu\u2019\u00e0 5 bar<\/p>\n<h5 style=\"font-family: Karla, Arial, Helvetica, sans-serif;font-weight: inherit;line-height: 1.4;margin: 0px 0px 20px;font-size: 16px;padding: 0px;border: 0px;font-style: normal;vertical-align: baseline;letter-spacing: normal;text-align: start;text-indent: 0px;text-transform: none;text-decoration: none\">Alimentation et autonomie de la batterie<\/h5>\n<p style=\"margin: 0px 0px 20px;padding: 0px;border: 0px;font-style: normal;font-weight: 400;line-height: inherit;font-family: Karla, Arial, Helvetica, sans-serif;font-size: 14px;vertical-align: baseline;letter-spacing: normal;text-align: start;text-indent: 0px;text-transform: none;text-decoration: none\">Autonomie approximative de la batterie&nbsp;: 3&nbsp;ans sur SR621SW<\/p>\n<h5 style=\"font-family: Karla, Arial, Helvetica, sans-serif;font-weight: inherit;line-height: 1.4;margin: 0px 0px 20px;font-size: 16px;padding: 0px;border: 0px;font-style: normal;vertical-align: baseline;letter-spacing: normal;text-align: start;text-indent: 0px;text-transform: none;text-decoration: none\">Ext\u00e9rieur<\/h5>\n<p style=\"margin: 0px 0px 20px;padding: 0px;border: 0px;font-style: normal;font-weight: 400;line-height: inherit;font-family: Karla, Arial, Helvetica, sans-serif;font-size: 14px;vertical-align: baseline;letter-spacing: normal;text-align: start;text-indent: 0px;text-transform: none;text-decoration: none\">Verre : Verre min\u00e9ral<\/p>\n<p style=\"margin: 0px 0px 20px;padding: 0px;border: 0px;font-style: normal;font-weight: 400;line-height: inherit;font-family: Karla, Arial, Helvetica, sans-serif;font-size: 14px;vertical-align: baseline;letter-spacing: normal;text-align: start;text-indent: 0px;text-transform: none;text-decoration: none\">Taille de bracelet compatible : 150 \u00e0 205 mm<\/p>\n<h5 style=\"font-family: Karla, Arial, Helvetica, sans-serif;font-weight: inherit;line-height: 1.4;margin: 0px 0px 20px;font-size: 16px;padding: 0px;border: 0px;font-style: normal;vertical-align: baseline;letter-spacing: normal;text-align: start;text-indent: 0px;text-transform: none;text-decoration: none\">Fonctions de la montre<\/h5>\n<p style=\"margin: 0px 0px 20px;padding: 0px;border: 0px;font-style: normal;font-weight: 400;line-height: inherit;font-family: Karla, Arial, Helvetica, sans-serif;font-size: 14px;vertical-align: baseline;letter-spacing: normal;text-align: start;text-indent: 0px;text-transform: none;text-decoration: none\">Pr\u00e9cision<\/p>\n<p style=\"margin: 0px 0px 20px;padding: 0px;border: 0px;font-style: normal;font-weight: 400;line-height: inherit;font-family: Karla, Arial, Helvetica, sans-serif;font-size: 14px;vertical-align: baseline;letter-spacing: normal;text-align: start;text-indent: 0px;text-transform: none;text-decoration: none\">Pr\u00e9cision&nbsp;: \u00b120&nbsp;secondes par mois<\/p>\n<h6 style=\"font-family: Karla, Arial, Helvetica, sans-serif;font-weight: inherit;line-height: 1.4;margin: 0px 0px 20px;font-size: 12px;padding: 0px;border: 0px;font-style: normal;vertical-align: baseline;letter-spacing: normal;text-align: start;text-indent: 0px;text-transform: none;text-decoration: none\">Autres fonctions<\/h6>\n<p style=\"margin: 0px 0px 20px;padding: 0px;border: 0px;font-style: normal;font-weight: 400;line-height: inherit;font-family: Karla, Arial, Helvetica, sans-serif;font-size: 14px;vertical-align: baseline;letter-spacing: normal;text-align: start;text-indent: 0px;text-transform: none;text-decoration: none\">Indication de l\u2019heure standard&nbsp;:<\/p>\n<p style=\"margin: 0px 0px 20px;padding: 0px;border: 0px;font-style: normal;font-weight: 400;line-height: inherit;font-family: Karla, Arial, Helvetica, sans-serif;font-size: 14px;vertical-align: baseline;letter-spacing: normal;text-align: start;text-indent: 0px;text-transform: none;text-decoration: none\">Analogique&nbsp;: 3&nbsp;aiguilles (heure, minute, seconde)<\/p>\n<p style=\"margin: 0px 0px 20px;padding: 0px;border: 0px;font-style: normal;font-weight: 400;line-height: inherit;font-family: Karla, Arial, Helvetica, sans-serif;font-size: 14px;vertical-align: baseline;letter-spacing: normal;text-align: start;text-indent: 0px;text-transform: none;text-decoration: none\">Affichage de la date<\/p>\n","protected":false},"excerpt":{"rendered":"<p>Plongez dans les ann\u00e9es&nbsp;80 avec un look et des couleurs r\u00e9tro. Le design minimaliste du cadran lui conf\u00e8re un style<\/p>\n","protected":false},"featured_media":8512,"comment_status":"open","ping_status":"closed","template":"","meta":{"om_disable_all_campaigns":false},"product_cat":[37,46,26,30,28],"product_tag":[],"jetpack-related-posts":[],"_links":{"self":[{"href":"https:\/\/r-mboutique.com\/index.php\/wp-json\/wp\/v2\/product\/8513"}],"collection":[{"href":"https:\/\/r-mboutique.com\/index.php\/wp-json\/wp\/v2\/product"}],"about":[{"href":"https:\/\/r-mboutique.com\/index.php\/wp-json\/wp\/v2\/types\/product"}],"replies":[{"embeddable":true,"href":"https:\/\/r-mboutique.com\/index.php\/wp-json\/wp\/v2\/comments?post=8513"}],"wp:featuredmedia":[{"embeddable":true,"href":"https:\/\/r-mboutique.com\/index.php\/wp-json\/wp\/v2\/media\/8512"}],"wp:attachment":[{"href":"https:\/\/r-mboutique.com\/index.php\/wp-json\/wp\/v2\/media?parent=8513"}],"wp:term":[{"taxonomy":"product_cat","embeddable":true,"href":"https:\/\/r-mboutique.com\/index.php\/wp-json\/wp\/v2\/product_cat?post=8513"},{"taxonomy":"product_tag","embeddable":true,"href":"https:\/\/r-mboutique.com\/index.php\/wp-json\/wp\/v2\/product_tag?post=8513"}],"curies":[{"name":"wp","href":"https:\/\/api.w.org\/{rel}","templated":true}]}}