{"id":8527,"date":"2024-03-09T09:00:26","date_gmt":"2024-03-09T08:00:26","guid":{"rendered":"https:\/\/r-mboutique.com\/index.php\/product\/casio-mtp-b155d-3ev\/"},"modified":"2025-09-18T06:15:59","modified_gmt":"2025-09-18T05:15:59","slug":"casio-mtp-b155d-3ev","status":"publish","type":"product","link":"https:\/\/r-mboutique.com\/index.php\/product\/casio-mtp-b155d-3ev\/","title":{"rendered":"Casio MTP-B155D-3EV"},"content":{"rendered":"<p><span style=\"margin: 0px;padding: 0px;border: 0px;font-style: inherit;font-weight: inherit;line-height: inherit;font-family: inherit;font-size: 14px;vertical-align: baseline\">Cette montre <\/span>Casio<span style=\"margin: 0px;padding: 0px;border: 0px;font-style: inherit;font-weight: inherit;line-height: inherit;font-family: inherit;font-size: 14px;vertical-align: baseline\"> \u00e0 un bo\u00eetier en acier inoxydable avec un diam\u00e8tre de 41,3mm et poss\u00e8de un bracelet en m\u00e9tal. Le bo\u00eetier de la montre contient un mouvement et un cristal min\u00e9ral.<\/span><\/p>\n<p style=\"margin: 0px 0px 20px;padding: 0px;border: 0px;font-style: normal;font-weight: 400;line-height: inherit;font-family: Karla, Arial, Helvetica, sans-serif;font-size: 14px;vertical-align: baseline;letter-spacing: normal;text-align: start;text-indent: 0px;text-transform: none;text-decoration: none\"><span style=\"margin: 0px;padding: 0px;border: 0px;font-style: inherit;font-weight: inherit;line-height: inherit;font-family: inherit;font-size: 14px;vertical-align: baseline\">La montre est \u00e9tanche \u00e0 5ATM. Cela signifie que la montre est \u00e9tanche pour la douche. La montre est livr\u00e9e avec 1 <\/span>an<span style=\"margin: 0px;padding: 0px;border: 0px;font-style: inherit;font-weight: inherit;line-height: inherit;font-family: inherit;font-size: 14px;vertical-align: baseline\"> de garantie valable dans le monde entier.<\/span><\/p>\n","protected":false},"excerpt":{"rendered":"<p>Cette montre Casio \u00e0 un bo\u00eetier en acier inoxydable avec un diam\u00e8tre de 41,3mm et poss\u00e8de un bracelet en m\u00e9tal.<\/p>\n","protected":false},"featured_media":8526,"comment_status":"open","ping_status":"closed","template":"","meta":{"om_disable_all_campaigns":false},"product_cat":[37,46,28],"product_tag":[],"jetpack-related-posts":[{"id":6126,"url":"https:\/\/r-mboutique.com\/index.php\/product\/casio-ltp-v006d-7budf\/","url_meta":{"origin":8527,"position":0},"title":"Casio LTP-V006D-7BUDF","author":"Ramzi Merabtine","date":"08\/17\/2022","format":false,"excerpt":"Cette montre casio \u00e0 un bo\u00eetier en acier inoxydable avec un diam\u00e8tre de 25mm et poss\u00e8de un bracelet en\u00a0acier. Le bo\u00eetier de la montre contient un mouvement et un cristal min\u00e9ral. La montre est \u00e9tanche \u00e0 5ATM. Cela signifie que la montre est \u00e9tanche pour la\u00a0douche.\u00a0","rel":"","context":"Article similaire","block_context":{"text":"Article similaire","link":""},"img":{"alt_text":"","src":"https:\/\/i0.wp.com\/r-mboutique.com\/wp-content\/uploads\/2022\/08\/img_0628.jpeg?fit=490%2C480&ssl=1&resize=350%2C200","width":350,"height":200},"classes":[]},{"id":6132,"url":"https:\/\/r-mboutique.com\/index.php\/product\/casio-ltp-v006d-4budf\/","url_meta":{"origin":8527,"position":1},"title":"Casio LTP-V006D-4BUDF","author":"Ramzi Merabtine","date":"08\/17\/2022","format":false,"excerpt":"Cette montre casio \u00e0 un bo\u00eetier en acier inoxydable avec un diam\u00e8tre de 25mm et poss\u00e8de un bracelet en\u00a0acier. Le bo\u00eetier de la montre contient un mouvement et un cristal min\u00e9ral. La montre est \u00e9tanche \u00e0 5ATM. Cela signifie que la montre est \u00e9tanche pour la\u00a0douche.\u00a0","rel":"","context":"Article similaire","block_context":{"text":"Article similaire","link":""},"img":{"alt_text":"","src":"https:\/\/i0.wp.com\/r-mboutique.com\/wp-content\/uploads\/2022\/08\/img_0627.jpeg?fit=600%2C600&ssl=1&resize=350%2C200","width":350,"height":200,"srcset":"https:\/\/i0.wp.com\/r-mboutique.com\/wp-content\/uploads\/2022\/08\/img_0627.jpeg?fit=600%2C600&ssl=1&resize=350%2C200 1x, https:\/\/i0.wp.com\/r-mboutique.com\/wp-content\/uploads\/2022\/08\/img_0627.jpeg?fit=600%2C600&ssl=1&resize=525%2C300 1.5x"},"classes":[]},{"id":7123,"url":"https:\/\/r-mboutique.com\/index.php\/product\/casio-ltp-v006g-9budf\/","url_meta":{"origin":8527,"position":2},"title":"CASIO LTP-V006G-9BUDF","author":"Ramzi Merabtine","date":"05\/01\/2023","format":false,"excerpt":"Cette montre\u00a0casio\u00a0\u00e0 un bo\u00eetier en acier inoxydable avec un diam\u00e8tre de 25mm et poss\u00e8de un bracelet en\u00a0acier. Le bo\u00eetier de la montre contient un mouvement et un cristal min\u00e9ral. La montre est \u00e9tanche \u00e0 5ATM. Cela signifie que la montre est \u00e9tanche pour la\u00a0douche.\u00a0","rel":"","context":"Article similaire","block_context":{"text":"Article similaire","link":""},"img":{"alt_text":"","src":"https:\/\/i0.wp.com\/r-mboutique.com\/wp-content\/uploads\/2023\/05\/img_2811.jpeg?fit=726%2C727&ssl=1&resize=350%2C200","width":350,"height":200,"srcset":"https:\/\/i0.wp.com\/r-mboutique.com\/wp-content\/uploads\/2023\/05\/img_2811.jpeg?fit=726%2C727&ssl=1&resize=350%2C200 1x, https:\/\/i0.wp.com\/r-mboutique.com\/wp-content\/uploads\/2023\/05\/img_2811.jpeg?fit=726%2C727&ssl=1&resize=525%2C300 1.5x, https:\/\/i0.wp.com\/r-mboutique.com\/wp-content\/uploads\/2023\/05\/img_2811.jpeg?fit=726%2C727&ssl=1&resize=700%2C400 2x"},"classes":[]},{"id":8378,"url":"https:\/\/r-mboutique.com\/index.php\/product\/casio-mtp-v300b-1a\/","url_meta":{"origin":8527,"position":3},"title":"Casio MTP-V300B-1A","author":"Ramzi Merabtine","date":"02\/04\/2024","format":false,"excerpt":"Cette montre Casio \u00e0 un bo\u00eetier en acier inoxydable avec un diam\u00e8tre de 41,5mm et poss\u00e8de un bracelet en m\u00e9tal. Le bo\u00eetier de la montre contient un mouvement et un cristal min\u00e9ral. La montre est \u00e9tanche \u00e0 3ATM. Cela signifie que la montre est \u00e9tanche \u00e0 des \u00e9claboussures. La montre\u2026","rel":"","context":"Article similaire","block_context":{"text":"Article similaire","link":""},"img":{"alt_text":"","src":"https:\/\/i0.wp.com\/r-mboutique.com\/wp-content\/uploads\/2024\/02\/img_0356.jpeg?fit=1200%2C1200&ssl=1&resize=350%2C200","width":350,"height":200,"srcset":"https:\/\/i0.wp.com\/r-mboutique.com\/wp-content\/uploads\/2024\/02\/img_0356.jpeg?fit=1200%2C1200&ssl=1&resize=350%2C200 1x, https:\/\/i0.wp.com\/r-mboutique.com\/wp-content\/uploads\/2024\/02\/img_0356.jpeg?fit=1200%2C1200&ssl=1&resize=525%2C300 1.5x, https:\/\/i0.wp.com\/r-mboutique.com\/wp-content\/uploads\/2024\/02\/img_0356.jpeg?fit=1200%2C1200&ssl=1&resize=700%2C400 2x, https:\/\/i0.wp.com\/r-mboutique.com\/wp-content\/uploads\/2024\/02\/img_0356.jpeg?fit=1200%2C1200&ssl=1&resize=1050%2C600 3x"},"classes":[]},{"id":5681,"url":"https:\/\/r-mboutique.com\/index.php\/product\/casio-ltp-v300d-4audf\/","url_meta":{"origin":8527,"position":4},"title":"Casio LTP-V300D-4AUDF","author":"Ramzi Merabtine","date":"06\/05\/2022","format":false,"excerpt":"Cette montre Casio \u00e0 un bo\u00eetier en acier inoxydable avec un diam\u00e8tre de 33mm et poss\u00e8de un bracelet en m\u00e9tal. Le bo\u00eetier de la montre contient un mouvement et un cristal min\u00e9ral. La montre est \u00e9tanche \u00e0 3ATM. Cela signifie que la montre est \u00e9tanche \u00e0 des \u00e9claboussures. La montre\u2026","rel":"","context":"Article similaire","block_context":{"text":"Article similaire","link":""},"img":{"alt_text":"","src":"https:\/\/i0.wp.com\/r-mboutique.com\/wp-content\/uploads\/2022\/06\/97dad8b2-abed-4bcc-82c3-2d8d299c50b1.jpeg?fit=1200%2C1200&ssl=1&resize=350%2C200","width":350,"height":200,"srcset":"https:\/\/i0.wp.com\/r-mboutique.com\/wp-content\/uploads\/2022\/06\/97dad8b2-abed-4bcc-82c3-2d8d299c50b1.jpeg?fit=1200%2C1200&ssl=1&resize=350%2C200 1x, https:\/\/i0.wp.com\/r-mboutique.com\/wp-content\/uploads\/2022\/06\/97dad8b2-abed-4bcc-82c3-2d8d299c50b1.jpeg?fit=1200%2C1200&ssl=1&resize=525%2C300 1.5x, https:\/\/i0.wp.com\/r-mboutique.com\/wp-content\/uploads\/2022\/06\/97dad8b2-abed-4bcc-82c3-2d8d299c50b1.jpeg?fit=1200%2C1200&ssl=1&resize=700%2C400 2x, https:\/\/i0.wp.com\/r-mboutique.com\/wp-content\/uploads\/2022\/06\/97dad8b2-abed-4bcc-82c3-2d8d299c50b1.jpeg?fit=1200%2C1200&ssl=1&resize=1050%2C600 3x"},"classes":[]},{"id":5687,"url":"https:\/\/r-mboutique.com\/index.php\/product\/casio-ltp-v300d-2audf\/","url_meta":{"origin":8527,"position":5},"title":"Casio LTP-V300D-2AUDF","author":"Ramzi Merabtine","date":"06\/05\/2022","format":false,"excerpt":"Cette montre Casio \u00e0 un bo\u00eetier en acier inoxydable avec un diam\u00e8tre de 33mm et poss\u00e8de un bracelet en m\u00e9tal. Le bo\u00eetier de la montre contient un mouvement et un cristal min\u00e9ral. La montre est \u00e9tanche \u00e0 3ATM. Cela signifie que la montre est \u00e9tanche \u00e0 des \u00e9claboussures. La montre\u2026","rel":"","context":"Article similaire","block_context":{"text":"Article similaire","link":""},"img":{"alt_text":"","src":"https:\/\/i0.wp.com\/r-mboutique.com\/wp-content\/uploads\/2022\/06\/ltp-v300d-2audf-2.jpeg?fit=818%2C818&ssl=1&resize=350%2C200","width":350,"height":200,"srcset":"https:\/\/i0.wp.com\/r-mboutique.com\/wp-content\/uploads\/2022\/06\/ltp-v300d-2audf-2.jpeg?fit=818%2C818&ssl=1&resize=350%2C200 1x, https:\/\/i0.wp.com\/r-mboutique.com\/wp-content\/uploads\/2022\/06\/ltp-v300d-2audf-2.jpeg?fit=818%2C818&ssl=1&resize=525%2C300 1.5x, https:\/\/i0.wp.com\/r-mboutique.com\/wp-content\/uploads\/2022\/06\/ltp-v300d-2audf-2.jpeg?fit=818%2C818&ssl=1&resize=700%2C400 2x"},"classes":[]}],"_links":{"self":[{"href":"https:\/\/r-mboutique.com\/index.php\/wp-json\/wp\/v2\/product\/8527"}],"collection":[{"href":"https:\/\/r-mboutique.com\/index.php\/wp-json\/wp\/v2\/product"}],"about":[{"href":"https:\/\/r-mboutique.com\/index.php\/wp-json\/wp\/v2\/types\/product"}],"replies":[{"embeddable":true,"href":"https:\/\/r-mboutique.com\/index.php\/wp-json\/wp\/v2\/comments?post=8527"}],"wp:featuredmedia":[{"embeddable":true,"href":"https:\/\/r-mboutique.com\/index.php\/wp-json\/wp\/v2\/media\/8526"}],"wp:attachment":[{"href":"https:\/\/r-mboutique.com\/index.php\/wp-json\/wp\/v2\/media?parent=8527"}],"wp:term":[{"taxonomy":"product_cat","embeddable":true,"href":"https:\/\/r-mboutique.com\/index.php\/wp-json\/wp\/v2\/product_cat?post=8527"},{"taxonomy":"product_tag","embeddable":true,"href":"https:\/\/r-mboutique.com\/index.php\/wp-json\/wp\/v2\/product_tag?post=8527"}],"curies":[{"name":"wp","href":"https:\/\/api.w.org\/{rel}","templated":true}]}}