{"id":8717,"date":"2025-05-07T23:18:31","date_gmt":"2025-05-07T22:18:31","guid":{"rendered":"https:\/\/r-mboutique.com\/index.php\/product\/casio-vintage-la680wegb-1aef\/"},"modified":"2025-09-18T06:15:42","modified_gmt":"2025-09-18T05:15:42","slug":"casio-vintage-la680wegb-1aef","status":"publish","type":"product","link":"https:\/\/r-mboutique.com\/index.php\/product\/casio-vintage-la680wegb-1aef\/","title":{"rendered":"Casio Vintage LA680WEGB-1AEF"},"content":{"rendered":"<p><strong>Informations de base<\/strong> :<\/p>\n<div class=\"p-product_detail-spec-accordion__item\" data-cmp-hook-accordion=\"item\">\n<h6>Taille du bo\u00eetier (L\u00d7 l\u00d7 H)<strong> : 33.5 \u00d7 28.6 \u00d7 8.6 mm<\/strong><\/h6>\n<div data-cmp-hook-accordion=\"panel\" class=\"p-product_detail-spec-accordion__panel p-product_detail-spec-accordion__panel--hidden\" aria-hidden=\"false\" style=\"overflow: hidden;height: 447px\">\n<div class=\"p-product_detail-spec-accordion__panel-inner\" style=\"width: 386.9375px;flex-flow: column wrap;justify-content: space-between;margin-right: auto;margin-left: 0px;padding-bottom: 5px\">\n<div class=\"p-product_detail-spec-accordion__panel-item\" style=\"width: 321.15625px;border-top-width: 1px;border-top-style: solid;padding: 8.046875px 0px;margin-right: auto;margin-left: auto\">\n<div class=\"p-product_detail-spec-accordion__panel-item-ttl\" style=\"font-size: 3.2vw;margin-bottom: 10px;align-content: center\">\n<h6>Poids<strong> : 36 g<\/strong><\/h6>\n<\/div>\n<\/div>\n<div class=\"p-product_detail-spec-accordion__panel-item\" style=\"width: 321.15625px;border-top-width: 1px;border-top-style: solid;padding: 8.046875px 0px;margin-right: auto;margin-left: auto\">\n<div class=\"p-product_detail-spec-accordion__panel-item-ttl\" style=\"font-size: 3.2vw;margin-bottom: 10px;align-content: center\">\n<h6>Mat\u00e9riau du bo\u00eetier et du cadre<strong> : R\u00e9sine\/Dor\u00e9<\/strong><\/h6>\n<\/div>\n<\/div>\n<div class=\"p-product_detail-spec-accordion__panel-item\" style=\"width: 321.15625px;border-top-width: 1px;border-top-style: solid;padding: 8.046875px 0px;margin-right: auto;margin-left: auto\">\n<div class=\"p-product_detail-spec-accordion__panel-item-cont\" style=\"font-size: 3.2vw;font-weight: 700\">\n<h6><strong>Bracelet en acier inoxydable<\/strong><\/h6>\n<\/div>\n<div class=\"p-product_detail-spec-accordion__panel-item-cont\" style=\"font-size: 3.2vw;font-weight: 700\">\n<h6><strong>Fermoir r\u00e9glable<\/strong><\/h6>\n<\/div>\n<\/div>\n<div class=\"p-product_detail-spec-accordion__panel-item\" style=\"width: 321.15625px;border-top-width: 1px;border-top-style: solid;padding: 8.046875px 0px;margin-right: auto;margin-left: auto\">\n<div class=\"p-product_detail-spec-accordion__panel-item-cont\" style=\"font-size: 3.2vw;font-weight: 700\">\n<h6><strong>Etanch\u00e9it\u00e9<\/strong><\/h6>\n<\/div>\n<\/div>\n<div class=\"p-product_detail-spec-accordion__panel-item\" style=\"width: 321.15625px;border-top-width: 1px;border-top-style: solid;padding: 8.046875px 0px;margin-right: auto;margin-left: auto\">\n<div class=\"p-product_detail-spec-accordion__panel-item-ttl\" style=\"font-size: 3.2vw;margin-bottom: 10px;align-content: center\">\n<h6>Alimentation et autonomie de la batterie<\/h6>\n<\/div>\n<div class=\"p-product_detail-spec-accordion__panel-item-cont\" style=\"font-size: 3.2vw;font-weight: 700\">\n<h6><strong>Autonomie approximative de la batterie&nbsp;: 5&nbsp;ans sur CR1616<\/strong><\/h6>\n<\/div>\n<\/div>\n<\/div>\n<\/div>\n<\/div>\n<div class=\"p-product_detail-spec-accordion__item\" data-cmp-hook-accordion=\"item\">\n<div data-cmp-hook-accordion=\"panel\" class=\"p-product_detail-spec-accordion__panel p-product_detail-spec-accordion__panel--hidden\" aria-hidden=\"false\" style=\"overflow: hidden;height: 71px\">\n<div class=\"p-product_detail-spec-accordion__panel-inner\" style=\"width: 386.9375px;flex-flow: column wrap;justify-content: space-between;margin-right: auto;margin-left: 0px;padding-bottom: 5px\">\n<div class=\"p-product_detail-spec-accordion__panel-item\" style=\"width: 321.15625px;border-top-width: medium;border-top-style: none;border-top-color: currentcolor;padding: 8.046875px 0px;margin-right: auto;margin-left: auto\">\n<div class=\"p-product_detail-spec-accordion__panel-item-cont\" style=\"font-size: 3.2vw;font-weight: 700\">\n<h6><strong>Verre en r\u00e9sine<\/strong><\/h6>\n<\/div>\n<\/div>\n<\/div>\n<\/div>\n<\/div>\n<div class=\"p-product_detail-spec-accordion__item\" data-cmp-hook-accordion=\"item\">\n<div data-cmp-hook-accordion=\"panel\" class=\"p-product_detail-spec-accordion__panel p-product_detail-spec-accordion__panel--hidden\" aria-hidden=\"false\" style=\"overflow: hidden;height: 614px\">\n<div class=\"p-product_detail-spec-accordion__panel-inner\" style=\"width: 386.9375px;flex-flow: column wrap;justify-content: space-between;margin-right: auto;margin-left: 0px;padding-bottom: 5px\">\n<div class=\"p-product_detail-spec-accordion__panel-item\" style=\"width: 321.15625px;border-top-width: medium;border-top-style: none;border-top-color: currentcolor;padding: 8.046875px 0px;margin-right: auto;margin-left: auto\">\n<div class=\"p-product_detail-spec-accordion__panel-item-cont\" style=\"font-size: 3.2vw;font-weight: 700\">\n<h6><strong>Chronom\u00e8tre au 1\/100e de seconde<br \/>\nCapacit\u00e9 de mesure&nbsp;: 59&#8217;59,99&#8221;<br \/>\nModes de mesure&nbsp;: Temps \u00e9coul\u00e9, temps interm\u00e9diaire, temps des 1re et 2e&nbsp;places<\/strong><\/h6>\n<\/div>\n<\/div>\n<div class=\"p-product_detail-spec-accordion__panel-item\" style=\"width: 321.15625px;border-top-width: 1px;border-top-style: solid;padding: 8.046875px 0px;margin-right: auto;margin-left: auto\">\n<div class=\"p-product_detail-spec-accordion__panel-item-cont\" style=\"font-size: 3.2vw;font-weight: 700\">\n<h6><strong>Alarme quotidienne<\/strong><\/h6>\n<\/div>\n<div class=\"p-product_detail-spec-accordion__panel-item-cont\" style=\"font-size: 3.2vw;font-weight: 700\">\n<h6><strong>Signal des heures<\/strong><\/h6>\n<\/div>\n<\/div>\n<div class=\"p-product_detail-spec-accordion__panel-item\" style=\"width: 321.15625px;border-top-width: 1px;border-top-style: solid;padding: 8.046875px 0px;margin-right: auto;margin-left: auto\">\n<div class=\"p-product_detail-spec-accordion__panel-item-cont\" style=\"font-size: 3.2vw;font-weight: 700\">\n<h6><strong>\u00c9clairage LED<\/strong><\/h6>\n<\/div>\n<\/div>\n<div class=\"p-product_detail-spec-accordion__panel-item\" style=\"width: 321.15625px;border-top-width: 1px;border-top-style: solid;padding: 8.046875px 0px;margin-right: auto;margin-left: auto\">\n<div class=\"p-product_detail-spec-accordion__panel-item-cont\" style=\"font-size: 3.2vw;font-weight: 700\">\n<h6><strong>Calendrier automatique (calendrier automatique d\u00e9fini sur 28&nbsp;jours pour f\u00e9vrier)<\/strong><\/h6>\n<\/div>\n<\/div>\n<div class=\"p-product_detail-spec-accordion__panel-item\" style=\"width: 321.15625px;border-top-width: 1px;border-top-style: solid;padding: 8.046875px 0px;margin-right: auto;margin-left: auto\">\n<div class=\"p-product_detail-spec-accordion__panel-item-cont\" style=\"font-size: 3.2vw;font-weight: 700\">\n<h6><strong>Pr\u00e9cision&nbsp;: \u00b130&nbsp;secondes par mois<\/strong><\/h6>\n<\/div>\n<\/div>\n<div class=\"p-product_detail-spec-accordion__panel-item\" style=\"width: 321.15625px;border-top-width: 1px;border-top-style: solid;padding: 8.046875px 0px;margin-right: auto;margin-left: auto\">\n<div class=\"p-product_detail-spec-accordion__panel-item-ttl\" style=\"font-size: 3.2vw;margin-bottom: 10px;align-content: center\">\n<h6>Autres fonctions<\/h6>\n<\/div>\n<div class=\"p-product_detail-spec-accordion__panel-item-cont\" style=\"font-size: 3.2vw;font-weight: 700\">\n<h6><strong>Format 12\/24&nbsp;heures<\/strong><\/h6>\n<\/div>\n<div class=\"p-product_detail-spec-accordion__panel-item-cont\" style=\"font-size: 3.2vw;font-weight: 700\">\n<h6><strong>Indication de l&#8217;heure standard&nbsp;:<br \/>\nHeure, minute, seconde, format 12&nbsp;heures, date, jour<\/strong><\/h6>\n<\/div>\n<\/div>\n<\/div>\n<\/div>\n<\/div>\n","protected":false},"excerpt":{"rendered":"<p>Informations de base : Taille du bo\u00eetier (L\u00d7 l\u00d7 H) : 33.5 \u00d7 28.6 \u00d7 8.6 mm Poids : 36<\/p>\n","protected":false},"featured_media":8715,"comment_status":"open","ping_status":"closed","template":"","meta":{"om_disable_all_campaigns":false},"product_cat":[37,46,26,30],"product_tag":[],"jetpack-related-posts":[{"id":8725,"url":"https:\/\/r-mboutique.com\/index.php\/product\/casio-vintage-a700w-1a\/","url_meta":{"origin":8717,"position":0},"title":"Casio Vintage A700W-1A","author":"Ramzi Merabtine","date":"05\/08\/2025","format":false,"excerpt":"Caract\u00e9ristiques Informations de base Taille du bo\u00eetier (L\u00a0\u00d7\u00a0l\u00a0\u00d7\u00a0H) : 37.4 \u00d7 35.5 \u00d7 6 mm Poids : 50 g Mat\u00e9riau du bo\u00eetier et de la lunette : R\u00e9sine Bracelet en acier inoxydable Fermoir r\u00e9glable \u00c9tanche Alimentation et autonomie de la batterie Autonomie approximative de la batterie\u00a0: 3\u00a0ans sur CR1616 Verre\u2026","rel":"","context":"Article similaire","block_context":{"text":"Article similaire","link":""},"img":{"alt_text":"","src":"https:\/\/i0.wp.com\/r-mboutique.com\/wp-content\/uploads\/2025\/05\/5153861b-46e4-4b91-b6f2-c94b4b740fd1.jpeg?fit=1200%2C1200&ssl=1&resize=350%2C200","width":350,"height":200,"srcset":"https:\/\/i0.wp.com\/r-mboutique.com\/wp-content\/uploads\/2025\/05\/5153861b-46e4-4b91-b6f2-c94b4b740fd1.jpeg?fit=1200%2C1200&ssl=1&resize=350%2C200 1x, https:\/\/i0.wp.com\/r-mboutique.com\/wp-content\/uploads\/2025\/05\/5153861b-46e4-4b91-b6f2-c94b4b740fd1.jpeg?fit=1200%2C1200&ssl=1&resize=525%2C300 1.5x, https:\/\/i0.wp.com\/r-mboutique.com\/wp-content\/uploads\/2025\/05\/5153861b-46e4-4b91-b6f2-c94b4b740fd1.jpeg?fit=1200%2C1200&ssl=1&resize=700%2C400 2x, https:\/\/i0.wp.com\/r-mboutique.com\/wp-content\/uploads\/2025\/05\/5153861b-46e4-4b91-b6f2-c94b4b740fd1.jpeg?fit=1200%2C1200&ssl=1&resize=1050%2C600 3x"},"classes":[]},{"id":7594,"url":"https:\/\/r-mboutique.com\/index.php\/product\/casio-vintage-mini-la670wea-1\/","url_meta":{"origin":8717,"position":1},"title":"Casio Vintage Mini LA670WEA-1","author":"Ramzi Merabtine","date":"08\/09\/2023","format":false,"excerpt":"Informations de\u00a0base\u00a0: Taille du bo\u00eetier (L\u00d7 l\u00d7 H) 30.3 \u00d7 24.6 \u00d7 7.3 mm Poids 33 g Mat\u00e9riau du bo\u00eetier et du cadre R\u00e9sine\/Dor\u00e9 Bracelet Bracelet en acier inoxydable Fermoir r\u00e9glable \u00c9tanch\u00e9it\u00e9 Etanch\u00e9it\u00e9 Alimentation et autonomie de la batterie Autonomie approximative de la batterie\u00a0: 2\u00a0ans sur CR1216 Verre Verre en\u2026","rel":"","context":"Article similaire","block_context":{"text":"Article similaire","link":""},"img":{"alt_text":"","src":"https:\/\/i0.wp.com\/r-mboutique.com\/wp-content\/uploads\/2023\/08\/img_5225.jpeg?fit=951%2C951&ssl=1&resize=350%2C200","width":350,"height":200,"srcset":"https:\/\/i0.wp.com\/r-mboutique.com\/wp-content\/uploads\/2023\/08\/img_5225.jpeg?fit=951%2C951&ssl=1&resize=350%2C200 1x, https:\/\/i0.wp.com\/r-mboutique.com\/wp-content\/uploads\/2023\/08\/img_5225.jpeg?fit=951%2C951&ssl=1&resize=525%2C300 1.5x, https:\/\/i0.wp.com\/r-mboutique.com\/wp-content\/uploads\/2023\/08\/img_5225.jpeg?fit=951%2C951&ssl=1&resize=700%2C400 2x"},"classes":[]},{"id":7589,"url":"https:\/\/r-mboutique.com\/index.php\/product\/casio-vintage-mini-la670wega-1\/","url_meta":{"origin":8717,"position":2},"title":"Casio Vintage Mini LA670WEGA-1","author":"Ramzi Merabtine","date":"08\/09\/2023","format":false,"excerpt":"Informations de base : Taille du bo\u00eetier (L\u00d7 l\u00d7 H) 30.3 \u00d7 24.6 \u00d7 7.3 mm Poids 33 g Mat\u00e9riau du bo\u00eetier et du cadre R\u00e9sine\/Dor\u00e9 Bracelet Bracelet en acier inoxydable Fermoir r\u00e9glable \u00c9tanch\u00e9it\u00e9 Etanch\u00e9it\u00e9 Alimentation et autonomie de la batterie Autonomie approximative de la batterie\u00a0: 2\u00a0ans sur CR1216 Verre\u2026","rel":"","context":"Article similaire","block_context":{"text":"Article similaire","link":""},"img":{"alt_text":"","src":"https:\/\/i0.wp.com\/r-mboutique.com\/wp-content\/uploads\/2023\/08\/img_5223-1.jpeg?fit=961%2C961&ssl=1&resize=350%2C200","width":350,"height":200,"srcset":"https:\/\/i0.wp.com\/r-mboutique.com\/wp-content\/uploads\/2023\/08\/img_5223-1.jpeg?fit=961%2C961&ssl=1&resize=350%2C200 1x, https:\/\/i0.wp.com\/r-mboutique.com\/wp-content\/uploads\/2023\/08\/img_5223-1.jpeg?fit=961%2C961&ssl=1&resize=525%2C300 1.5x, https:\/\/i0.wp.com\/r-mboutique.com\/wp-content\/uploads\/2023\/08\/img_5223-1.jpeg?fit=961%2C961&ssl=1&resize=700%2C400 2x"},"classes":[]},{"id":8237,"url":"https:\/\/r-mboutique.com\/index.php\/product\/casio-retro-vintage-a168wgg-1b\/","url_meta":{"origin":8717,"position":3},"title":"Casio r\u00e9tro Vintage A168WGG-1B","author":"Ramzi Merabtine","date":"12\/26\/2023","format":false,"excerpt":"la fusion de la nostalgie r\u00e9tro et du style de la mode. Bien plus qu\u2019une simple d\u00e9claration de mode, cette montre offre des fonctions pratiques telles que le chronom\u00e8tre et l\u2019alarme, ainsi que l\u2019\u00e9tanch\u00e9it\u00e9 pour une utilisation quotidienne afin de vous lib\u00e9rer de toute inqui\u00e9tude, m\u00eame les jours de pluie.\u2026","rel":"","context":"Article similaire","block_context":{"text":"Article similaire","link":""},"img":{"alt_text":"","src":"https:\/\/i0.wp.com\/r-mboutique.com\/wp-content\/uploads\/2023\/12\/img_9092.jpeg?fit=1200%2C1200&ssl=1&resize=350%2C200","width":350,"height":200,"srcset":"https:\/\/i0.wp.com\/r-mboutique.com\/wp-content\/uploads\/2023\/12\/img_9092.jpeg?fit=1200%2C1200&ssl=1&resize=350%2C200 1x, https:\/\/i0.wp.com\/r-mboutique.com\/wp-content\/uploads\/2023\/12\/img_9092.jpeg?fit=1200%2C1200&ssl=1&resize=525%2C300 1.5x, https:\/\/i0.wp.com\/r-mboutique.com\/wp-content\/uploads\/2023\/12\/img_9092.jpeg?fit=1200%2C1200&ssl=1&resize=700%2C400 2x, https:\/\/i0.wp.com\/r-mboutique.com\/wp-content\/uploads\/2023\/12\/img_9092.jpeg?fit=1200%2C1200&ssl=1&resize=1050%2C600 3x"},"classes":[]},{"id":8245,"url":"https:\/\/r-mboutique.com\/index.php\/product\/casio-retro-vintage-a168wg-9w\/","url_meta":{"origin":8717,"position":4},"title":"Casio r\u00e9tro Vintage A168WG-9W","author":"Ramzi Merabtine","date":"12\/26\/2023","format":false,"excerpt":"la fusion de la nostalgie r\u00e9tro et du style de la mode. Bien plus qu\u2019une simple d\u00e9claration de mode, cette montre offre des fonctions pratiques telles que le chronom\u00e8tre et l\u2019alarme, ainsi que l\u2019\u00e9tanch\u00e9it\u00e9 pour une utilisation quotidienne afin de vous lib\u00e9rer de toute inqui\u00e9tude, m\u00eame les jours de pluie.\u2026","rel":"","context":"Article similaire","block_context":{"text":"Article similaire","link":""},"img":{"alt_text":"","src":"https:\/\/i0.wp.com\/r-mboutique.com\/wp-content\/uploads\/2023\/12\/img_9112.jpeg?fit=1200%2C1200&ssl=1&resize=350%2C200","width":350,"height":200,"srcset":"https:\/\/i0.wp.com\/r-mboutique.com\/wp-content\/uploads\/2023\/12\/img_9112.jpeg?fit=1200%2C1200&ssl=1&resize=350%2C200 1x, https:\/\/i0.wp.com\/r-mboutique.com\/wp-content\/uploads\/2023\/12\/img_9112.jpeg?fit=1200%2C1200&ssl=1&resize=525%2C300 1.5x, https:\/\/i0.wp.com\/r-mboutique.com\/wp-content\/uploads\/2023\/12\/img_9112.jpeg?fit=1200%2C1200&ssl=1&resize=700%2C400 2x, https:\/\/i0.wp.com\/r-mboutique.com\/wp-content\/uploads\/2023\/12\/img_9112.jpeg?fit=1200%2C1200&ssl=1&resize=1050%2C600 3x"},"classes":[]},{"id":7622,"url":"https:\/\/r-mboutique.com\/index.php\/product\/casio-retro-vintage-a168werg-2a\/","url_meta":{"origin":8717,"position":5},"title":"Casio r\u00e9tro Vintage A168WERG-2A","author":"Ramzi Merabtine","date":"08\/21\/2023","format":false,"excerpt":"la fusion de la nostalgie r\u00e9tro et du style de la mode avec un cadran de montre aux teintes d\u00e9grad\u00e9es. Bien plus qu'une simple d\u00e9claration de mode, cette montre offre des fonctions pratiques telles que le chronom\u00e8tre et l'alarme, ainsi que l'\u00e9tanch\u00e9it\u00e9 pour une utilisation quotidienne afin de vous lib\u00e9rer\u2026","rel":"","context":"Article similaire","block_context":{"text":"Article similaire","link":""},"img":{"alt_text":"","src":"https:\/\/i0.wp.com\/r-mboutique.com\/wp-content\/uploads\/2023\/08\/img_5399.jpeg?fit=1079%2C1079&ssl=1&resize=350%2C200","width":350,"height":200,"srcset":"https:\/\/i0.wp.com\/r-mboutique.com\/wp-content\/uploads\/2023\/08\/img_5399.jpeg?fit=1079%2C1079&ssl=1&resize=350%2C200 1x, https:\/\/i0.wp.com\/r-mboutique.com\/wp-content\/uploads\/2023\/08\/img_5399.jpeg?fit=1079%2C1079&ssl=1&resize=525%2C300 1.5x, https:\/\/i0.wp.com\/r-mboutique.com\/wp-content\/uploads\/2023\/08\/img_5399.jpeg?fit=1079%2C1079&ssl=1&resize=700%2C400 2x, https:\/\/i0.wp.com\/r-mboutique.com\/wp-content\/uploads\/2023\/08\/img_5399.jpeg?fit=1079%2C1079&ssl=1&resize=1050%2C600 3x"},"classes":[]}],"_links":{"self":[{"href":"https:\/\/r-mboutique.com\/index.php\/wp-json\/wp\/v2\/product\/8717"}],"collection":[{"href":"https:\/\/r-mboutique.com\/index.php\/wp-json\/wp\/v2\/product"}],"about":[{"href":"https:\/\/r-mboutique.com\/index.php\/wp-json\/wp\/v2\/types\/product"}],"replies":[{"embeddable":true,"href":"https:\/\/r-mboutique.com\/index.php\/wp-json\/wp\/v2\/comments?post=8717"}],"wp:featuredmedia":[{"embeddable":true,"href":"https:\/\/r-mboutique.com\/index.php\/wp-json\/wp\/v2\/media\/8715"}],"wp:attachment":[{"href":"https:\/\/r-mboutique.com\/index.php\/wp-json\/wp\/v2\/media?parent=8717"}],"wp:term":[{"taxonomy":"product_cat","embeddable":true,"href":"https:\/\/r-mboutique.com\/index.php\/wp-json\/wp\/v2\/product_cat?post=8717"},{"taxonomy":"product_tag","embeddable":true,"href":"https:\/\/r-mboutique.com\/index.php\/wp-json\/wp\/v2\/product_tag?post=8717"}],"curies":[{"name":"wp","href":"https:\/\/api.w.org\/{rel}","templated":true}]}}