{"id":8725,"date":"2025-05-08T08:58:30","date_gmt":"2025-05-08T07:58:30","guid":{"rendered":"https:\/\/r-mboutique.com\/index.php\/product\/casio-vintage-a700w-1a\/"},"modified":"2025-09-18T06:15:39","modified_gmt":"2025-09-18T05:15:39","slug":"casio-vintage-a700w-1a","status":"publish","type":"product","link":"https:\/\/r-mboutique.com\/index.php\/product\/casio-vintage-a700w-1a\/","title":{"rendered":"Casio Vintage A700W-1A"},"content":{"rendered":"<p>Caract\u00e9ristiques<\/p>\n<p>Informations de base<\/p>\n<p>Taille du bo\u00eetier (L&nbsp;\u00d7&nbsp;l&nbsp;\u00d7&nbsp;H) : 37.4 \u00d7 35.5 \u00d7 6 mm<\/p>\n<p>Poids : 50 g<\/p>\n<p>Mat\u00e9riau du bo\u00eetier et de la lunette : R\u00e9sine<\/p>\n<p>Bracelet en acier inoxydable<\/p>\n<p>Fermoir r\u00e9glable<\/p>\n<p>\u00c9tanche<\/p>\n<p>Alimentation et autonomie de la batterie<\/p>\n<p>Autonomie approximative de la batterie&nbsp;: 3&nbsp;ans sur CR1616<\/p>\n<p>Verre min\u00e9ral<\/p>\n<p>Fonctions de la montre<\/p>\n<p>Chronom\u00e8tre au 1\/100e de seconde<\/p>\n<p>Capacit\u00e9 de mesure&nbsp;: 59&#8217;59,99&#8221;<\/p>\n<p>Modes de mesure&nbsp;: Temps interm\u00e9diaire, temps des 1re et 2e&nbsp;places<\/p>\n<p>Signal d&#8217;alarme\/heure<\/p>\n<p>Alarme quotidienne<\/p>\n<p>Signal des heures<\/p>\n<p>\u00c9clairage<\/p>\n<p>R\u00e9tro\u00e9clairage LED<\/p>\n<p>Couleur de la lumi\u00e8re LED&nbsp;: orange<\/p>\n<p>Calendrier<\/p>\n<p>Calendrier automatique (d\u00e9fini sur 28&nbsp;jours pour f\u00e9vrier)<\/p>\n<p>Pr\u00e9cision<\/p>\n<p>Pr\u00e9cision&nbsp;: \u00b130&nbsp;secondes par mois<\/p>\n<p>Autres fonctions<\/p>\n<p>Format 12\/24&nbsp;heures<\/p>\n<p>Indication de l&#8217;heure standard&nbsp;:<\/p>\n<p>Heure, minute, seconde, format 12&nbsp;heures, date, jour<\/p>\n","protected":false},"excerpt":{"rendered":"<p>Caract\u00e9ristiques Informations de base Taille du bo\u00eetier (L&nbsp;\u00d7&nbsp;l&nbsp;\u00d7&nbsp;H) : 37.4 \u00d7 35.5 \u00d7 6 mm Poids : 50 g Mat\u00e9riau<\/p>\n","protected":false},"featured_media":8723,"comment_status":"open","ping_status":"closed","template":"","meta":{"om_disable_all_campaigns":false},"product_cat":[37,46,26,30,28],"product_tag":[],"jetpack-related-posts":[{"id":8546,"url":"https:\/\/r-mboutique.com\/index.php\/product\/casio-ae-1200whd-1av\/","url_meta":{"origin":8725,"position":0},"title":"Casio AE-1200WHD-1AV","author":"Ramzi Merabtine","date":"03\/11\/2024","format":false,"excerpt":"DUR\u00c9E DE VIE DE LA BATTERIE DE 10\u00a0ANS \u2022 Chronom\u00e8tre au 1\/100e\u00a0de seconde \u2022 Carte du monde pour l'heure mondiale \u2022 5\u00a0alarmes \u2022 \u00c9clairage LED \u2022 \u00c9tanche jusqu'\u00e0 100\u00a0m\u00e8tres Informations de base : Taille du bo\u00eetier (L\u00d7 l\u00d7 H) : 45 \u00d7 42.1 \u00d7 12.5 mm Poids : 91 g\u2026","rel":"","context":"Article similaire","block_context":{"text":"Article similaire","link":""},"img":{"alt_text":"","src":"https:\/\/i0.wp.com\/r-mboutique.com\/wp-content\/uploads\/2024\/03\/img_1132.jpeg?fit=1200%2C1200&ssl=1&resize=350%2C200","width":350,"height":200,"srcset":"https:\/\/i0.wp.com\/r-mboutique.com\/wp-content\/uploads\/2024\/03\/img_1132.jpeg?fit=1200%2C1200&ssl=1&resize=350%2C200 1x, https:\/\/i0.wp.com\/r-mboutique.com\/wp-content\/uploads\/2024\/03\/img_1132.jpeg?fit=1200%2C1200&ssl=1&resize=525%2C300 1.5x, https:\/\/i0.wp.com\/r-mboutique.com\/wp-content\/uploads\/2024\/03\/img_1132.jpeg?fit=1200%2C1200&ssl=1&resize=700%2C400 2x, https:\/\/i0.wp.com\/r-mboutique.com\/wp-content\/uploads\/2024\/03\/img_1132.jpeg?fit=1200%2C1200&ssl=1&resize=1050%2C600 3x"},"classes":[]},{"id":7500,"url":"https:\/\/r-mboutique.com\/index.php\/product\/casio-edgy-lw-204-1a\/","url_meta":{"origin":8725,"position":1},"title":"Casio Edgy LW-204-1A","author":"Ramzi Merabtine","date":"07\/24\/2023","format":false,"excerpt":"\u2022 \u00c9tanch\u00e9it\u00e9 jusqu'\u00e0 50 m\u00e8tres \u2022 Chronom\u00e8tre \u00e0 1\/100e de seconde \u2022 Alarme quotidienne \u2022 R\u00e9tro\u00e9clairage LED \u2022 Style sportif et d\u00e9contract\u00e9 Informations de base : Taille du bo\u00eetier (L\u00d7 l\u00d7 H) 38.9 \u00d7 35 \u00d7 9.4 mm Poids 24 g Mat\u00e9riau du bo\u00eetier et du cadre R\u00e9sine Bracelet Bracelet\u2026","rel":"","context":"Article similaire","block_context":{"text":"Article similaire","link":""},"img":{"alt_text":"","src":"https:\/\/i0.wp.com\/r-mboutique.com\/wp-content\/uploads\/2023\/07\/img_4798-1.jpeg?fit=1174%2C1174&ssl=1&resize=350%2C200","width":350,"height":200,"srcset":"https:\/\/i0.wp.com\/r-mboutique.com\/wp-content\/uploads\/2023\/07\/img_4798-1.jpeg?fit=1174%2C1174&ssl=1&resize=350%2C200 1x, https:\/\/i0.wp.com\/r-mboutique.com\/wp-content\/uploads\/2023\/07\/img_4798-1.jpeg?fit=1174%2C1174&ssl=1&resize=525%2C300 1.5x, https:\/\/i0.wp.com\/r-mboutique.com\/wp-content\/uploads\/2023\/07\/img_4798-1.jpeg?fit=1174%2C1174&ssl=1&resize=700%2C400 2x, https:\/\/i0.wp.com\/r-mboutique.com\/wp-content\/uploads\/2023\/07\/img_4798-1.jpeg?fit=1174%2C1174&ssl=1&resize=1050%2C600 3x"},"classes":[]},{"id":8717,"url":"https:\/\/r-mboutique.com\/index.php\/product\/casio-vintage-la680wegb-1aef\/","url_meta":{"origin":8725,"position":2},"title":"Casio Vintage LA680WEGB-1AEF","author":"Ramzi Merabtine","date":"05\/07\/2025","format":false,"excerpt":"Informations de base : Taille du bo\u00eetier (L\u00d7 l\u00d7 H) : 33.5 \u00d7 28.6 \u00d7 8.6 mm Poids : 36 g Mat\u00e9riau du bo\u00eetier et du cadre : R\u00e9sine\/Dor\u00e9 Bracelet en acier inoxydable Fermoir r\u00e9glable Etanch\u00e9it\u00e9 Alimentation et autonomie de la batterie Autonomie approximative de la batterie\u00a0: 5\u00a0ans sur CR1616\u2026","rel":"","context":"Article similaire","block_context":{"text":"Article similaire","link":""},"img":{"alt_text":"","src":"https:\/\/i0.wp.com\/r-mboutique.com\/wp-content\/uploads\/2025\/05\/ad4b37c5-b5d3-43c0-b7c0-0a16ae78ccea.jpeg?fit=1200%2C1200&ssl=1&resize=350%2C200","width":350,"height":200,"srcset":"https:\/\/i0.wp.com\/r-mboutique.com\/wp-content\/uploads\/2025\/05\/ad4b37c5-b5d3-43c0-b7c0-0a16ae78ccea.jpeg?fit=1200%2C1200&ssl=1&resize=350%2C200 1x, https:\/\/i0.wp.com\/r-mboutique.com\/wp-content\/uploads\/2025\/05\/ad4b37c5-b5d3-43c0-b7c0-0a16ae78ccea.jpeg?fit=1200%2C1200&ssl=1&resize=525%2C300 1.5x, https:\/\/i0.wp.com\/r-mboutique.com\/wp-content\/uploads\/2025\/05\/ad4b37c5-b5d3-43c0-b7c0-0a16ae78ccea.jpeg?fit=1200%2C1200&ssl=1&resize=700%2C400 2x, https:\/\/i0.wp.com\/r-mboutique.com\/wp-content\/uploads\/2025\/05\/ad4b37c5-b5d3-43c0-b7c0-0a16ae78ccea.jpeg?fit=1200%2C1200&ssl=1&resize=1050%2C600 3x"},"classes":[]},{"id":7646,"url":"https:\/\/r-mboutique.com\/index.php\/product\/casio-pop-lf-20w-8a\/","url_meta":{"origin":8725,"position":3},"title":"Casio POP LF-20W-8A","author":"Ramzi Merabtine","date":"08\/21\/2023","format":false,"excerpt":"Jouez la carte de l'originalit\u00e9 avec des mod\u00e8les charmants et intemporels, dot\u00e9s d'une horloge de type analogique et d'un affichage num\u00e9rique de l'heure. Gr\u00e2ce \u00e0 son confort compact et \u00e0 ses couleurs naturelles toujours \u00e0 la mode, cette montre s'adapte \u00e0 tous les poignets. Le bracelet est fabriqu\u00e9 en r\u00e9sine\u2026","rel":"","context":"Article similaire","block_context":{"text":"Article similaire","link":""},"img":{"alt_text":"","src":"https:\/\/i0.wp.com\/r-mboutique.com\/wp-content\/uploads\/2023\/08\/img_5415.jpeg?fit=980%2C980&ssl=1&resize=350%2C200","width":350,"height":200,"srcset":"https:\/\/i0.wp.com\/r-mboutique.com\/wp-content\/uploads\/2023\/08\/img_5415.jpeg?fit=980%2C980&ssl=1&resize=350%2C200 1x, https:\/\/i0.wp.com\/r-mboutique.com\/wp-content\/uploads\/2023\/08\/img_5415.jpeg?fit=980%2C980&ssl=1&resize=525%2C300 1.5x, https:\/\/i0.wp.com\/r-mboutique.com\/wp-content\/uploads\/2023\/08\/img_5415.jpeg?fit=980%2C980&ssl=1&resize=700%2C400 2x"},"classes":[]},{"id":8555,"url":"https:\/\/r-mboutique.com\/index.php\/product\/casio-ae-1200whb-3bv\/","url_meta":{"origin":8725,"position":4},"title":"Casio AE-1200WHB-3BV","author":"Ramzi Merabtine","date":"03\/13\/2024","format":false,"excerpt":"Description DUR\u00c9E DE VIE DE LA BATTERIE DE 10\u00a0ANS \u2022 Chronom\u00e8tre au 1\/100e\u00a0de seconde \u2022 Carte du monde pour l\u2019heure mondiale \u2022 5\u00a0alarmes \u2022 \u00c9clairage LED \u2022 \u00c9tanche jusqu\u2019\u00e0 100\u00a0m\u00e8tres Informations de base : Taille du bo\u00eetier (L\u00d7 l\u00d7 H)\u00a0: 45 \u00d7 42.1 \u00d7 12.5 mm Poids\u00a0: 91 g Mat\u00e9riau\u2026","rel":"","context":"Article similaire","block_context":{"text":"Article similaire","link":""},"img":{"alt_text":"","src":"https:\/\/i0.wp.com\/r-mboutique.com\/wp-content\/uploads\/2024\/03\/img_0391-scaled.jpeg?fit=1200%2C1200&ssl=1&resize=350%2C200","width":350,"height":200,"srcset":"https:\/\/i0.wp.com\/r-mboutique.com\/wp-content\/uploads\/2024\/03\/img_0391-scaled.jpeg?fit=1200%2C1200&ssl=1&resize=350%2C200 1x, https:\/\/i0.wp.com\/r-mboutique.com\/wp-content\/uploads\/2024\/03\/img_0391-scaled.jpeg?fit=1200%2C1200&ssl=1&resize=525%2C300 1.5x, https:\/\/i0.wp.com\/r-mboutique.com\/wp-content\/uploads\/2024\/03\/img_0391-scaled.jpeg?fit=1200%2C1200&ssl=1&resize=700%2C400 2x, https:\/\/i0.wp.com\/r-mboutique.com\/wp-content\/uploads\/2024\/03\/img_0391-scaled.jpeg?fit=1200%2C1200&ssl=1&resize=1050%2C600 3x"},"classes":[]},{"id":8561,"url":"https:\/\/r-mboutique.com\/index.php\/product\/casio-ae-1200wh-1bv\/","url_meta":{"origin":8725,"position":5},"title":"Casio AE-1200WH-1BV","author":"Ramzi Merabtine","date":"03\/13\/2024","format":false,"excerpt":"Description DUR\u00c9E DE VIE DE LA BATTERIE DE 10\u00a0ANS \u2022 Chronom\u00e8tre au 1\/100e\u00a0de seconde \u2022 Carte du monde pour l\u2019heure mondiale \u2022 5\u00a0alarmes \u2022 \u00c9clairage LED \u2022 \u00c9tanche jusqu\u2019\u00e0 100\u00a0m\u00e8tres Informations de base : Taille du bo\u00eetier (L\u00d7 l\u00d7 H)\u00a0: 45 \u00d7 42.1 \u00d7 12.5 mm Poids\u00a0: 91 g Mat\u00e9riau\u2026","rel":"","context":"Article similaire","block_context":{"text":"Article similaire","link":""},"img":{"alt_text":"","src":"https:\/\/i0.wp.com\/r-mboutique.com\/wp-content\/uploads\/2024\/03\/img_0395-scaled.jpeg?fit=1200%2C1200&ssl=1&resize=350%2C200","width":350,"height":200,"srcset":"https:\/\/i0.wp.com\/r-mboutique.com\/wp-content\/uploads\/2024\/03\/img_0395-scaled.jpeg?fit=1200%2C1200&ssl=1&resize=350%2C200 1x, https:\/\/i0.wp.com\/r-mboutique.com\/wp-content\/uploads\/2024\/03\/img_0395-scaled.jpeg?fit=1200%2C1200&ssl=1&resize=525%2C300 1.5x, https:\/\/i0.wp.com\/r-mboutique.com\/wp-content\/uploads\/2024\/03\/img_0395-scaled.jpeg?fit=1200%2C1200&ssl=1&resize=700%2C400 2x, https:\/\/i0.wp.com\/r-mboutique.com\/wp-content\/uploads\/2024\/03\/img_0395-scaled.jpeg?fit=1200%2C1200&ssl=1&resize=1050%2C600 3x"},"classes":[]}],"_links":{"self":[{"href":"https:\/\/r-mboutique.com\/index.php\/wp-json\/wp\/v2\/product\/8725"}],"collection":[{"href":"https:\/\/r-mboutique.com\/index.php\/wp-json\/wp\/v2\/product"}],"about":[{"href":"https:\/\/r-mboutique.com\/index.php\/wp-json\/wp\/v2\/types\/product"}],"replies":[{"embeddable":true,"href":"https:\/\/r-mboutique.com\/index.php\/wp-json\/wp\/v2\/comments?post=8725"}],"wp:featuredmedia":[{"embeddable":true,"href":"https:\/\/r-mboutique.com\/index.php\/wp-json\/wp\/v2\/media\/8723"}],"wp:attachment":[{"href":"https:\/\/r-mboutique.com\/index.php\/wp-json\/wp\/v2\/media?parent=8725"}],"wp:term":[{"taxonomy":"product_cat","embeddable":true,"href":"https:\/\/r-mboutique.com\/index.php\/wp-json\/wp\/v2\/product_cat?post=8725"},{"taxonomy":"product_tag","embeddable":true,"href":"https:\/\/r-mboutique.com\/index.php\/wp-json\/wp\/v2\/product_tag?post=8725"}],"curies":[{"name":"wp","href":"https:\/\/api.w.org\/{rel}","templated":true}]}}