{"id":8860,"date":"2025-07-16T21:00:38","date_gmt":"2025-07-16T20:00:38","guid":{"rendered":"https:\/\/r-mboutique.com\/index.php\/product\/mark-maddox-peckham-hc7110-15\/"},"modified":"2025-10-26T21:55:58","modified_gmt":"2025-10-26T20:55:58","slug":"mark-maddox-peckham-hc7110-15","status":"publish","type":"product","link":"https:\/\/r-mboutique.com\/index.php\/product\/mark-maddox-peckham-hc7110-15\/","title":{"rendered":"Mark Maddox PECKHAM HC7110-15"},"content":{"rendered":"<p><span style=\"margin: 0px;padding: 0px;border: 0px;font-style: inherit;font-weight: inherit;line-height: inherit;font-family: inherit;font-size: 14px;vertical-align: baseline\">Cette montre Mark Maddox \u00e0 un bo\u00eetier en acier inoxydable avec un diam\u00e8tre de 42mm et poss\u00e8de un bracelet en<\/span><span style=\"margin: 0px;padding: 0px;border: 0px;font-style: inherit;font-weight: inherit;line-height: inherit;font-family: inherit;font-size: 14px;vertical-align: baseline\"><span class=\"Apple-converted-space\" style=\"margin: 0px;padding: 0px;border: 0px;font-style: inherit;font-weight: inherit;line-height: inherit;font-family: inherit;font-size: 14px;vertical-align: baseline\">&nbsp;<\/span><\/span>Nato<span style=\"margin: 0px;padding: 0px;border: 0px;font-style: inherit;font-weight: inherit;line-height: inherit;font-family: inherit;font-size: 14px;vertical-align: baseline\">. <\/span><\/p>\n<p style=\"margin: 0px 0px 20px;padding: 0px;border: 0px;font-style: normal;font-weight: 400;line-height: inherit;font-family: Karla, Arial, Helvetica, sans-serif;font-size: 14px;vertical-align: baseline;letter-spacing: normal;text-align: start;text-indent: 0px;text-transform: none;text-decoration: none\"><span style=\"margin: 0px;padding: 0px;border: 0px;font-style: inherit;font-weight: inherit;line-height: inherit;font-family: inherit;font-size: 14px;vertical-align: baseline\">Le bo\u00eetier de la montre contient un mouvement et un cristal min\u00e9ral.<\/span><\/p>\n<p style=\"margin: 0px;padding: 0px;border: 0px;font-style: normal;font-weight: normal;line-height: inherit;font-family: Karla, Arial, Helvetica, sans-serif;font-size: 14px;vertical-align: baseline;letter-spacing: normal;text-align: start;text-indent: 0px;text-transform: none;text-decoration: none\"><span style=\"margin: 0px;padding: 0px;border: 0px;font-style: inherit;font-weight: inherit;line-height: inherit;font-family: inherit;font-size: 14px;vertical-align: baseline\">La montre est \u00e9tanche \u00e0 5ATM. Cela signifie que la montre est \u00e9tanche pour laver les mains.<\/span><span style=\"margin: 0px;padding: 0px;border: 0px;font-style: inherit;font-weight: inherit;line-height: inherit;font-family: inherit;font-size: 14px;vertical-align: baseline\"><span class=\"Apple-converted-space\" style=\"margin: 0px;padding: 0px;border: 0px;font-style: inherit;font-weight: inherit;line-height: inherit;font-family: inherit;font-size: 14px;vertical-align: baseline\">&nbsp;<\/span><\/span><\/p>\n<p style=\"margin: 0px;padding: 0px;border: 0px;font-style: normal;font-weight: normal;line-height: inherit;font-family: Karla, Arial, Helvetica, sans-serif;font-size: 14px;vertical-align: baseline;letter-spacing: normal;text-align: start;text-indent: 0px;text-transform: none;text-decoration: none\"><span style=\"margin: 0px;padding: 0px;border: 0px;font-style: inherit;font-weight: inherit;line-height: inherit;font-family: inherit;font-size: 14px;vertical-align: baseline\">La montre est livr\u00e9e avec 2 ann\u00e9es de garantie<\/span><\/p>\n","protected":false},"excerpt":{"rendered":"<p>Cette montre Mark Maddox \u00e0 un bo\u00eetier en acier inoxydable avec un diam\u00e8tre de 42mm et poss\u00e8de un bracelet en&nbsp;Nato.<\/p>\n","protected":false},"featured_media":8859,"comment_status":"open","ping_status":"closed","template":"","meta":{"om_disable_all_campaigns":false},"product_cat":[37,58,26,28],"product_tag":[],"jetpack-related-posts":[{"id":9251,"url":"https:\/\/r-mboutique.com\/index.php\/product\/mark-maddox-peckham-hc7110-35\/","url_meta":{"origin":8860,"position":0},"title":"Mark Maddox Peckham HC7110-35","author":"Ramzi Merabtine","date":"08\/02\/2025","format":false,"excerpt":"Cette montre Mark Maddox \u00e0 un bo\u00eetier en acier inoxydable avec un diam\u00e8tre de 42mm et poss\u00e8de un bracelet en\u00a0cuir synth\u00e9tique.\u00a0 Le bo\u00eetier de la montre contient un mouvement et un cristal min\u00e9ral. La montre est \u00e9tanche \u00e0 5ATM. Cela signifie que la montre est \u00e9tanche pour\u00a0\u00e9claboussures.\u00a0 La montre est\u2026","rel":"","context":"Article similaire","block_context":{"text":"Article similaire","link":""},"img":{"alt_text":"","src":"https:\/\/i0.wp.com\/r-mboutique.com\/wp-content\/uploads\/2025\/08\/img_8964.jpeg?fit=1200%2C1200&ssl=1&resize=350%2C200","width":350,"height":200,"srcset":"https:\/\/i0.wp.com\/r-mboutique.com\/wp-content\/uploads\/2025\/08\/img_8964.jpeg?fit=1200%2C1200&ssl=1&resize=350%2C200 1x, https:\/\/i0.wp.com\/r-mboutique.com\/wp-content\/uploads\/2025\/08\/img_8964.jpeg?fit=1200%2C1200&ssl=1&resize=525%2C300 1.5x, https:\/\/i0.wp.com\/r-mboutique.com\/wp-content\/uploads\/2025\/08\/img_8964.jpeg?fit=1200%2C1200&ssl=1&resize=700%2C400 2x, https:\/\/i0.wp.com\/r-mboutique.com\/wp-content\/uploads\/2025\/08\/img_8964.jpeg?fit=1200%2C1200&ssl=1&resize=1050%2C600 3x"},"classes":[]},{"id":9155,"url":"https:\/\/r-mboutique.com\/index.php\/product\/mark-maddox-peckham-hm7110-55\/","url_meta":{"origin":8860,"position":1},"title":"Mark Maddox Peckham HM7110-55","author":"Ramzi Merabtine","date":"07\/30\/2025","format":false,"excerpt":"Cette montre Mark Maddox \u00e0 un bo\u00eetier en acier inoxydable avec un diam\u00e8tre de 42mm et poss\u00e8de un bracelet en\u00a0acier.\u00a0 Le bo\u00eetier de la montre contient un mouvement et un cristal min\u00e9ral. La montre est \u00e9tanche \u00e0 5ATM. Cela signifie que la montre est \u00e9tanche pour\u00a0\u00e9claboussures.\u00a0 La montre est livr\u00e9e\u2026","rel":"","context":"Article similaire","block_context":{"text":"Article similaire","link":""},"img":{"alt_text":"","src":"https:\/\/i0.wp.com\/r-mboutique.com\/wp-content\/uploads\/2025\/07\/img_8686.jpeg?fit=1200%2C1200&ssl=1&resize=350%2C200","width":350,"height":200,"srcset":"https:\/\/i0.wp.com\/r-mboutique.com\/wp-content\/uploads\/2025\/07\/img_8686.jpeg?fit=1200%2C1200&ssl=1&resize=350%2C200 1x, https:\/\/i0.wp.com\/r-mboutique.com\/wp-content\/uploads\/2025\/07\/img_8686.jpeg?fit=1200%2C1200&ssl=1&resize=525%2C300 1.5x, https:\/\/i0.wp.com\/r-mboutique.com\/wp-content\/uploads\/2025\/07\/img_8686.jpeg?fit=1200%2C1200&ssl=1&resize=700%2C400 2x, https:\/\/i0.wp.com\/r-mboutique.com\/wp-content\/uploads\/2025\/07\/img_8686.jpeg?fit=1200%2C1200&ssl=1&resize=1050%2C600 3x"},"classes":[]},{"id":9258,"url":"https:\/\/r-mboutique.com\/index.php\/product\/mark-maddox-peckham-hc7111-45\/","url_meta":{"origin":8860,"position":2},"title":"Mark Maddox Peckham HC7111-45","author":"Ramzi Merabtine","date":"08\/02\/2025","format":false,"excerpt":"Cette montre Mark Maddox \u00e0 un bo\u00eetier en acier inoxydable PVD avec un diam\u00e8tre de 42mm et poss\u00e8de un bracelet en\u00a0cuir synth\u00e9tique.\u00a0 Le bo\u00eetier de la montre contient un mouvement \u00e0 Quartz multifonctions et un cristal min\u00e9ral. La montre est \u00e9tanche \u00e0 5ATM. Cela signifie que la montre est \u00e9tanche\u2026","rel":"","context":"Article similaire","block_context":{"text":"Article similaire","link":""},"img":{"alt_text":"","src":"https:\/\/i0.wp.com\/r-mboutique.com\/wp-content\/uploads\/2025\/08\/img_8978.jpeg?fit=1200%2C1200&ssl=1&resize=350%2C200","width":350,"height":200,"srcset":"https:\/\/i0.wp.com\/r-mboutique.com\/wp-content\/uploads\/2025\/08\/img_8978.jpeg?fit=1200%2C1200&ssl=1&resize=350%2C200 1x, https:\/\/i0.wp.com\/r-mboutique.com\/wp-content\/uploads\/2025\/08\/img_8978.jpeg?fit=1200%2C1200&ssl=1&resize=525%2C300 1.5x, https:\/\/i0.wp.com\/r-mboutique.com\/wp-content\/uploads\/2025\/08\/img_8978.jpeg?fit=1200%2C1200&ssl=1&resize=700%2C400 2x, https:\/\/i0.wp.com\/r-mboutique.com\/wp-content\/uploads\/2025\/08\/img_8978.jpeg?fit=1200%2C1200&ssl=1&resize=1050%2C600 3x"},"classes":[]},{"id":8898,"url":"https:\/\/r-mboutique.com\/index.php\/product\/mark-maddox-peckham-hm7111-05\/","url_meta":{"origin":8860,"position":3},"title":"Mark Maddox Peckham HM7111-05","author":"Ramzi Merabtine","date":"07\/17\/2025","format":false,"excerpt":"Cette montre Mark Maddox \u00e0 un bo\u00eetier en acier inoxydable avec un diam\u00e8tre de 40mm et poss\u00e8de un bracelet en\u00a0acier.\u00a0 Le bo\u00eetier de la montre contient un mouvement et un cristal min\u00e9ral. La montre est \u00e9tanche \u00e0 5ATM. Cela signifie que la montre est \u00e9tanche pour\u00a0\u00e9claboussures.\u00a0 La montre est livr\u00e9e\u2026","rel":"","context":"Article similaire","block_context":{"text":"Article similaire","link":""},"img":{"alt_text":"","src":"https:\/\/i0.wp.com\/r-mboutique.com\/wp-content\/uploads\/2025\/07\/fbd6c115-08e9-4c9a-906d-e42ae35a0894-scaled.jpeg?fit=1200%2C1200&ssl=1&resize=350%2C200","width":350,"height":200,"srcset":"https:\/\/i0.wp.com\/r-mboutique.com\/wp-content\/uploads\/2025\/07\/fbd6c115-08e9-4c9a-906d-e42ae35a0894-scaled.jpeg?fit=1200%2C1200&ssl=1&resize=350%2C200 1x, https:\/\/i0.wp.com\/r-mboutique.com\/wp-content\/uploads\/2025\/07\/fbd6c115-08e9-4c9a-906d-e42ae35a0894-scaled.jpeg?fit=1200%2C1200&ssl=1&resize=525%2C300 1.5x, https:\/\/i0.wp.com\/r-mboutique.com\/wp-content\/uploads\/2025\/07\/fbd6c115-08e9-4c9a-906d-e42ae35a0894-scaled.jpeg?fit=1200%2C1200&ssl=1&resize=700%2C400 2x, https:\/\/i0.wp.com\/r-mboutique.com\/wp-content\/uploads\/2025\/07\/fbd6c115-08e9-4c9a-906d-e42ae35a0894-scaled.jpeg?fit=1200%2C1200&ssl=1&resize=1050%2C600 3x"},"classes":[]},{"id":8854,"url":"https:\/\/r-mboutique.com\/index.php\/product\/mark-maddox-hc7101-57\/","url_meta":{"origin":8860,"position":4},"title":"Mark Maddox Village HC7101-57","author":"Ramzi Merabtine","date":"07\/16\/2025","format":false,"excerpt":"Cette montre Mark Maddox \u00e0 un bo\u00eetier en acier inoxydable avec un diam\u00e8tre de 41mm et poss\u00e8de un bracelet en\u00a0Nato. Le bo\u00eetier de la montre contient un mouvement et un cristal min\u00e9ral. La montre est \u00e9tanche \u00e0 5ATM. Cela signifie que la montre est \u00e9tanche pour laver les mains.\u00a0 La\u2026","rel":"","context":"Article similaire","block_context":{"text":"Article similaire","link":""},"img":{"alt_text":"","src":"https:\/\/i0.wp.com\/r-mboutique.com\/wp-content\/uploads\/2025\/07\/img_7962.jpeg?fit=1200%2C1200&ssl=1&resize=350%2C200","width":350,"height":200,"srcset":"https:\/\/i0.wp.com\/r-mboutique.com\/wp-content\/uploads\/2025\/07\/img_7962.jpeg?fit=1200%2C1200&ssl=1&resize=350%2C200 1x, https:\/\/i0.wp.com\/r-mboutique.com\/wp-content\/uploads\/2025\/07\/img_7962.jpeg?fit=1200%2C1200&ssl=1&resize=525%2C300 1.5x, https:\/\/i0.wp.com\/r-mboutique.com\/wp-content\/uploads\/2025\/07\/img_7962.jpeg?fit=1200%2C1200&ssl=1&resize=700%2C400 2x, https:\/\/i0.wp.com\/r-mboutique.com\/wp-content\/uploads\/2025\/07\/img_7962.jpeg?fit=1200%2C1200&ssl=1&resize=1050%2C600 3x"},"classes":[]},{"id":9171,"url":"https:\/\/r-mboutique.com\/index.php\/product\/mark-maddox-marina-hc7103-57\/","url_meta":{"origin":8860,"position":5},"title":"Mark Maddox Marina HC7103-57","author":"Ramzi Merabtine","date":"07\/31\/2025","format":false,"excerpt":"Cette montre Mark Maddox \u00e0 un bo\u00eetier en acier inoxydable avec un diam\u00e8tre de 40mm et poss\u00e8de un bracelet en\u00a0Nato.\u00a0 Le bo\u00eetier de la montre contient un mouvement et un cristal min\u00e9ral. La montre est \u00e9tanche \u00e0 5ATM. Cela signifie que la montre est \u00e9tanche pour\u00a0\u00e9claboussures.\u00a0 La montre est livr\u00e9e\u2026","rel":"","context":"Article similaire","block_context":{"text":"Article similaire","link":""},"img":{"alt_text":"","src":"https:\/\/i0.wp.com\/r-mboutique.com\/wp-content\/uploads\/2025\/07\/1ba1e32c-6cf3-4c35-bf61-f33fe66941ab.jpeg?fit=1200%2C1200&ssl=1&resize=350%2C200","width":350,"height":200,"srcset":"https:\/\/i0.wp.com\/r-mboutique.com\/wp-content\/uploads\/2025\/07\/1ba1e32c-6cf3-4c35-bf61-f33fe66941ab.jpeg?fit=1200%2C1200&ssl=1&resize=350%2C200 1x, https:\/\/i0.wp.com\/r-mboutique.com\/wp-content\/uploads\/2025\/07\/1ba1e32c-6cf3-4c35-bf61-f33fe66941ab.jpeg?fit=1200%2C1200&ssl=1&resize=525%2C300 1.5x, https:\/\/i0.wp.com\/r-mboutique.com\/wp-content\/uploads\/2025\/07\/1ba1e32c-6cf3-4c35-bf61-f33fe66941ab.jpeg?fit=1200%2C1200&ssl=1&resize=700%2C400 2x, https:\/\/i0.wp.com\/r-mboutique.com\/wp-content\/uploads\/2025\/07\/1ba1e32c-6cf3-4c35-bf61-f33fe66941ab.jpeg?fit=1200%2C1200&ssl=1&resize=1050%2C600 3x"},"classes":[]}],"_links":{"self":[{"href":"https:\/\/r-mboutique.com\/index.php\/wp-json\/wp\/v2\/product\/8860"}],"collection":[{"href":"https:\/\/r-mboutique.com\/index.php\/wp-json\/wp\/v2\/product"}],"about":[{"href":"https:\/\/r-mboutique.com\/index.php\/wp-json\/wp\/v2\/types\/product"}],"replies":[{"embeddable":true,"href":"https:\/\/r-mboutique.com\/index.php\/wp-json\/wp\/v2\/comments?post=8860"}],"wp:featuredmedia":[{"embeddable":true,"href":"https:\/\/r-mboutique.com\/index.php\/wp-json\/wp\/v2\/media\/8859"}],"wp:attachment":[{"href":"https:\/\/r-mboutique.com\/index.php\/wp-json\/wp\/v2\/media?parent=8860"}],"wp:term":[{"taxonomy":"product_cat","embeddable":true,"href":"https:\/\/r-mboutique.com\/index.php\/wp-json\/wp\/v2\/product_cat?post=8860"},{"taxonomy":"product_tag","embeddable":true,"href":"https:\/\/r-mboutique.com\/index.php\/wp-json\/wp\/v2\/product_tag?post=8860"}],"curies":[{"name":"wp","href":"https:\/\/api.w.org\/{rel}","templated":true}]}}