{"id":9455,"date":"2025-09-05T14:57:53","date_gmt":"2025-09-05T13:57:53","guid":{"rendered":"https:\/\/r-mboutique.com\/index.php\/product\/mark-maddox-casual-hc3011-45\/"},"modified":"2025-09-05T14:58:13","modified_gmt":"2025-09-05T13:58:13","slug":"mark-maddox-casual-hc3011-45","status":"publish","type":"product","link":"https:\/\/r-mboutique.com\/index.php\/product\/mark-maddox-casual-hc3011-45\/","title":{"rendered":"Mark Maddox Casual HC3011-45"},"content":{"rendered":"<p><span style=\"margin: 0px;padding: 0px;border: 0px;font-style: inherit;font-weight: inherit;line-height: inherit;font-family: inherit;font-size: 14px;vertical-align: baseline\">Cette montre Mark Maddox \u00e0 un bo\u00eetier en acier inoxydable avec un diam\u00e8tre de 41mm et poss\u00e8de un bracelet en<\/span><span style=\"margin: 0px;padding: 0px;border: 0px;font-style: inherit;font-weight: inherit;line-height: inherit;font-family: inherit;font-size: 14px;vertical-align: baseline\"><span class=\"Apple-converted-space\" style=\"margin: 0px;padding: 0px;border: 0px;font-style: inherit;font-weight: inherit;line-height: inherit;font-family: inherit;font-size: 14px;vertical-align: baseline\">&nbsp;<\/span><\/span>cuir<span style=\"margin: 0px;padding: 0px;border: 0px;font-style: inherit;font-weight: inherit;line-height: inherit;font-family: inherit;font-size: 14px;vertical-align: baseline\">.<\/span><span style=\"margin: 0px;padding: 0px;border: 0px;font-style: inherit;font-weight: inherit;line-height: inherit;font-family: inherit;font-size: 14px;vertical-align: baseline\"><span class=\"Apple-converted-space\" style=\"margin: 0px;padding: 0px;border: 0px;font-style: inherit;font-weight: inherit;line-height: inherit;font-family: inherit;font-size: 14px;vertical-align: baseline\">&nbsp;<\/span><\/span><\/p>\n<p style=\"margin: 0px 0px 20px;padding: 0px;border: 0px;font-style: normal;font-weight: 400;line-height: inherit;font-family: Karla, Arial, Helvetica, sans-serif;font-size: 14px;vertical-align: baseline;letter-spacing: normal;text-align: start;text-indent: 0px;text-transform: none;text-decoration: none\"><span style=\"margin: 0px;padding: 0px;border: 0px;font-style: inherit;font-weight: inherit;line-height: inherit;font-family: inherit;font-size: 14px;vertical-align: baseline\">Le bo\u00eetier de la montre contient un mouvement<\/span><span style=\"margin: 0px;padding: 0px;border: 0px;font-style: inherit;font-weight: inherit;line-height: inherit;font-family: inherit;font-size: 14px;vertical-align: baseline\"><span class=\"Apple-converted-space\">&nbsp;<\/span><\/span>multifonctions<span style=\"margin: 0px;padding: 0px;border: 0px;font-style: inherit;font-weight: inherit;line-height: inherit;font-family: inherit;font-size: 14px;vertical-align: baseline\"><span class=\"Apple-converted-space\">&nbsp;<\/span><\/span><span style=\"margin: 0px;padding: 0px;border: 0px;font-style: inherit;font-weight: inherit;line-height: inherit;font-family: inherit;font-size: 14px;vertical-align: baseline\">et un cristal min\u00e9ral.<\/span><\/p>\n<p style=\"margin: 0px;padding: 0px;border: 0px;font-style: normal;font-weight: normal;line-height: inherit;font-family: Karla, Arial, Helvetica, sans-serif;font-size: 14px;vertical-align: baseline;letter-spacing: normal;text-align: start;text-indent: 0px;text-transform: none;text-decoration: none\"><span style=\"margin: 0px;padding: 0px;border: 0px;font-style: inherit;font-weight: inherit;line-height: inherit;font-family: inherit;font-size: 14px;vertical-align: baseline\">La montre est \u00e9tanche \u00e0 3ATM. Cela signifie que la montre est \u00e9tanche pour<\/span><span style=\"margin: 0px;padding: 0px;border: 0px;font-style: inherit;font-weight: inherit;line-height: inherit;font-family: inherit;font-size: 14px;vertical-align: baseline\"><span class=\"Apple-converted-space\" style=\"margin: 0px;padding: 0px;border: 0px;font-style: inherit;font-weight: inherit;line-height: inherit;font-family: inherit;font-size: 14px;vertical-align: baseline\">&nbsp;<\/span><\/span>\u00e9claboussures<span style=\"margin: 0px;padding: 0px;border: 0px;font-style: inherit;font-weight: inherit;line-height: inherit;font-family: inherit;font-size: 14px;vertical-align: baseline\">.<\/span><span style=\"margin: 0px;padding: 0px;border: 0px;font-style: inherit;font-weight: inherit;line-height: inherit;font-family: inherit;font-size: 14px;vertical-align: baseline\"><span class=\"Apple-converted-space\" style=\"margin: 0px;padding: 0px;border: 0px;font-style: inherit;font-weight: inherit;line-height: inherit;font-family: inherit;font-size: 14px;vertical-align: baseline\">&nbsp;<\/span><\/span><\/p>\n<p style=\"margin: 0px;padding: 0px;border: 0px;font-style: normal;font-weight: normal;line-height: inherit;font-family: Karla, Arial, Helvetica, sans-serif;font-size: 14px;vertical-align: baseline;letter-spacing: normal;text-align: start;text-indent: 0px;text-transform: none;text-decoration: none\"><span style=\"margin: 0px;padding: 0px;border: 0px;font-style: inherit;font-weight: inherit;line-height: inherit;font-family: inherit;font-size: 14px;vertical-align: baseline\">La montre est livr\u00e9e avec 2 ann\u00e9es de garantie<\/span><\/p>\n","protected":false},"excerpt":{"rendered":"<p>Cette montre Mark Maddox \u00e0 un bo\u00eetier en acier inoxydable avec un diam\u00e8tre de 41mm et poss\u00e8de un bracelet en&nbsp;cuir.&nbsp;<\/p>\n","protected":false},"featured_media":9454,"comment_status":"open","ping_status":"closed","template":"","meta":{"om_disable_all_campaigns":false},"product_cat":[37,58,26,28],"product_tag":[],"jetpack-related-posts":[{"id":9434,"url":"https:\/\/r-mboutique.com\/index.php\/product\/mark-maddox-casual-hc7006-45\/","url_meta":{"origin":9455,"position":0},"title":"Mark Maddox Casual HC7006-45","author":"Ramzi Merabtine","date":"09\/03\/2025","format":false,"excerpt":"Cette montre Mark Maddox \u00e0 un bo\u00eetier en acier inoxydable avec un diam\u00e8tre de 42mm et poss\u00e8de un bracelet en\u00a0cuir.\u00a0 Le bo\u00eetier de la montre contient un mouvement multifonctions et un cristal min\u00e9ral. La montre est \u00e9tanche \u00e0 3ATM. Cela signifie que la montre est \u00e9tanche pour\u00a0\u00e9claboussures.\u00a0 La montre est\u2026","rel":"","context":"Article similaire","block_context":{"text":"Article similaire","link":""},"img":{"alt_text":"","src":"https:\/\/i0.wp.com\/r-mboutique.com\/wp-content\/uploads\/2025\/09\/96e106d8-73f3-4fee-8949-992955f527c9-scaled.jpeg?fit=1200%2C1200&ssl=1&resize=350%2C200","width":350,"height":200,"srcset":"https:\/\/i0.wp.com\/r-mboutique.com\/wp-content\/uploads\/2025\/09\/96e106d8-73f3-4fee-8949-992955f527c9-scaled.jpeg?fit=1200%2C1200&ssl=1&resize=350%2C200 1x, https:\/\/i0.wp.com\/r-mboutique.com\/wp-content\/uploads\/2025\/09\/96e106d8-73f3-4fee-8949-992955f527c9-scaled.jpeg?fit=1200%2C1200&ssl=1&resize=525%2C300 1.5x, https:\/\/i0.wp.com\/r-mboutique.com\/wp-content\/uploads\/2025\/09\/96e106d8-73f3-4fee-8949-992955f527c9-scaled.jpeg?fit=1200%2C1200&ssl=1&resize=700%2C400 2x, https:\/\/i0.wp.com\/r-mboutique.com\/wp-content\/uploads\/2025\/09\/96e106d8-73f3-4fee-8949-992955f527c9-scaled.jpeg?fit=1200%2C1200&ssl=1&resize=1050%2C600 3x"},"classes":[]},{"id":8989,"url":"https:\/\/r-mboutique.com\/index.php\/product\/mark-maddox-casual-hc0015-44\/","url_meta":{"origin":9455,"position":1},"title":"Mark Maddox Casual HC0015-44","author":"Ramzi Merabtine","date":"07\/20\/2025","format":false,"excerpt":"Cette montre Mark Maddox \u00e0 un bo\u00eetier en acier inoxydable avec un diam\u00e8tre de 43mm et poss\u00e8de un bracelet en\u00a0cuir.\u00a0 Le bo\u00eetier de la montre contient un mouvement et un cristal min\u00e9ral. La montre est \u00e9tanche \u00e0 3ATM. Cela signifie que la montre est \u00e9tanche pour\u00a0\u00e9claboussures.\u00a0 La montre est livr\u00e9e\u2026","rel":"","context":"Article similaire","block_context":{"text":"Article similaire","link":""},"img":{"alt_text":"","src":"https:\/\/i0.wp.com\/r-mboutique.com\/wp-content\/uploads\/2025\/07\/img_0638-scaled.jpeg?fit=1200%2C1200&ssl=1&resize=350%2C200","width":350,"height":200,"srcset":"https:\/\/i0.wp.com\/r-mboutique.com\/wp-content\/uploads\/2025\/07\/img_0638-scaled.jpeg?fit=1200%2C1200&ssl=1&resize=350%2C200 1x, https:\/\/i0.wp.com\/r-mboutique.com\/wp-content\/uploads\/2025\/07\/img_0638-scaled.jpeg?fit=1200%2C1200&ssl=1&resize=525%2C300 1.5x, https:\/\/i0.wp.com\/r-mboutique.com\/wp-content\/uploads\/2025\/07\/img_0638-scaled.jpeg?fit=1200%2C1200&ssl=1&resize=700%2C400 2x, https:\/\/i0.wp.com\/r-mboutique.com\/wp-content\/uploads\/2025\/07\/img_0638-scaled.jpeg?fit=1200%2C1200&ssl=1&resize=1050%2C600 3x"},"classes":[]},{"id":9221,"url":"https:\/\/r-mboutique.com\/index.php\/product\/mark-maddox-casual-hc0015-54\/","url_meta":{"origin":9455,"position":2},"title":"Mark Maddox Casual HC0015-54","author":"Ramzi Merabtine","date":"08\/01\/2025","format":false,"excerpt":"Cette montre Mark Maddox \u00e0 un bo\u00eetier en acier inoxydable avec un diam\u00e8tre de 43mm et poss\u00e8de un bracelet en\u00a0cuir.\u00a0 Le bo\u00eetier de la montre contient un mouvement et un cristal min\u00e9ral. La montre est \u00e9tanche \u00e0 3ATM. Cela signifie que la montre est \u00e9tanche pour\u00a0\u00e9claboussures.\u00a0 La montre est livr\u00e9e\u2026","rel":"","context":"Article similaire","block_context":{"text":"Article similaire","link":""},"img":{"alt_text":"","src":"https:\/\/i0.wp.com\/r-mboutique.com\/wp-content\/uploads\/2025\/08\/c4cbde2e-2ebd-4141-80a0-df25c1d36e2b-scaled.jpeg?fit=1200%2C1200&ssl=1&resize=350%2C200","width":350,"height":200,"srcset":"https:\/\/i0.wp.com\/r-mboutique.com\/wp-content\/uploads\/2025\/08\/c4cbde2e-2ebd-4141-80a0-df25c1d36e2b-scaled.jpeg?fit=1200%2C1200&ssl=1&resize=350%2C200 1x, https:\/\/i0.wp.com\/r-mboutique.com\/wp-content\/uploads\/2025\/08\/c4cbde2e-2ebd-4141-80a0-df25c1d36e2b-scaled.jpeg?fit=1200%2C1200&ssl=1&resize=525%2C300 1.5x, https:\/\/i0.wp.com\/r-mboutique.com\/wp-content\/uploads\/2025\/08\/c4cbde2e-2ebd-4141-80a0-df25c1d36e2b-scaled.jpeg?fit=1200%2C1200&ssl=1&resize=700%2C400 2x, https:\/\/i0.wp.com\/r-mboutique.com\/wp-content\/uploads\/2025\/08\/c4cbde2e-2ebd-4141-80a0-df25c1d36e2b-scaled.jpeg?fit=1200%2C1200&ssl=1&resize=1050%2C600 3x"},"classes":[]},{"id":9441,"url":"https:\/\/r-mboutique.com\/index.php\/product\/mark-maddox-casual-hc6018-05\/","url_meta":{"origin":9455,"position":3},"title":"Mark Maddox Casual HC6018-05","author":"Ramzi Merabtine","date":"09\/03\/2025","format":false,"excerpt":"Cette montre Mark Maddox \u00e0 un bo\u00eetier en acier inoxydable avec un diam\u00e8tre de 42mm et poss\u00e8de un bracelet en\u00a0cuir.\u00a0 Le bo\u00eetier de la montre contient un mouvement\u00a0multifonctions\u00a0et un cristal min\u00e9ral. La montre est \u00e9tanche \u00e0 3ATM. Cela signifie que la montre est \u00e9tanche pour\u00a0\u00e9claboussures.\u00a0 La montre est livr\u00e9e avec\u2026","rel":"","context":"Article similaire","block_context":{"text":"Article similaire","link":""},"img":{"alt_text":"","src":"https:\/\/i0.wp.com\/r-mboutique.com\/wp-content\/uploads\/2025\/09\/img_9604.jpeg?fit=1200%2C1200&ssl=1&resize=350%2C200","width":350,"height":200,"srcset":"https:\/\/i0.wp.com\/r-mboutique.com\/wp-content\/uploads\/2025\/09\/img_9604.jpeg?fit=1200%2C1200&ssl=1&resize=350%2C200 1x, https:\/\/i0.wp.com\/r-mboutique.com\/wp-content\/uploads\/2025\/09\/img_9604.jpeg?fit=1200%2C1200&ssl=1&resize=525%2C300 1.5x, https:\/\/i0.wp.com\/r-mboutique.com\/wp-content\/uploads\/2025\/09\/img_9604.jpeg?fit=1200%2C1200&ssl=1&resize=700%2C400 2x, https:\/\/i0.wp.com\/r-mboutique.com\/wp-content\/uploads\/2025\/09\/img_9604.jpeg?fit=1200%2C1200&ssl=1&resize=1050%2C600 3x"},"classes":[]},{"id":9394,"url":"https:\/\/r-mboutique.com\/index.php\/product\/mark-maddox-casual-hc6020-93\/","url_meta":{"origin":9455,"position":4},"title":"Mark Maddox Casual HC6020-93","author":"Ramzi Merabtine","date":"08\/29\/2025","format":false,"excerpt":"Cette montre Mark Maddox \u00e0 un bo\u00eetier en acier inoxydable IP rose avec un diam\u00e8tre de 42mm et poss\u00e8de un bracelet en\u00a0cuir.\u00a0 Le bo\u00eetier de la montre contient un mouvement multifonctions et un cristal min\u00e9ral. La montre est \u00e9tanche \u00e0 3ATM. Cela signifie que la montre est \u00e9tanche pour\u00a0\u00e9claboussures.\u00a0 La\u2026","rel":"","context":"Article similaire","block_context":{"text":"Article similaire","link":""},"img":{"alt_text":"","src":"https:\/\/i0.wp.com\/r-mboutique.com\/wp-content\/uploads\/2025\/09\/c0d28003-d791-46fe-940a-2e05052640f3-scaled.jpeg?fit=1200%2C1200&ssl=1&resize=350%2C200","width":350,"height":200,"srcset":"https:\/\/i0.wp.com\/r-mboutique.com\/wp-content\/uploads\/2025\/09\/c0d28003-d791-46fe-940a-2e05052640f3-scaled.jpeg?fit=1200%2C1200&ssl=1&resize=350%2C200 1x, https:\/\/i0.wp.com\/r-mboutique.com\/wp-content\/uploads\/2025\/09\/c0d28003-d791-46fe-940a-2e05052640f3-scaled.jpeg?fit=1200%2C1200&ssl=1&resize=525%2C300 1.5x, https:\/\/i0.wp.com\/r-mboutique.com\/wp-content\/uploads\/2025\/09\/c0d28003-d791-46fe-940a-2e05052640f3-scaled.jpeg?fit=1200%2C1200&ssl=1&resize=700%2C400 2x, https:\/\/i0.wp.com\/r-mboutique.com\/wp-content\/uploads\/2025\/09\/c0d28003-d791-46fe-940a-2e05052640f3-scaled.jpeg?fit=1200%2C1200&ssl=1&resize=1050%2C600 3x"},"classes":[]},{"id":8848,"url":"https:\/\/r-mboutique.com\/index.php\/product\/mark-maddox-hc7101-37\/","url_meta":{"origin":9455,"position":5},"title":"Mark Maddox Village HC7101-37","author":"Ramzi Merabtine","date":"07\/16\/2025","format":false,"excerpt":"Cette montre Mark Maddox \u00e0 un bo\u00eetier en acier inoxydable avec un diam\u00e8tre de 41mm et poss\u00e8de un bracelet en\u00a0cuir. Le bo\u00eetier de la montre contient un mouvement et un cristal min\u00e9ral. La montre est \u00e9tanche \u00e0 5ATM. Cela signifie que la montre est \u00e9tanche pour laver les mains.\u00a0 La\u2026","rel":"","context":"Article similaire","block_context":{"text":"Article similaire","link":""},"img":{"alt_text":"","src":"https:\/\/i0.wp.com\/r-mboutique.com\/wp-content\/uploads\/2025\/07\/34f3ec07-b956-4cbd-829c-2e6a4b8f1664.jpeg?fit=1200%2C1200&ssl=1&resize=350%2C200","width":350,"height":200,"srcset":"https:\/\/i0.wp.com\/r-mboutique.com\/wp-content\/uploads\/2025\/07\/34f3ec07-b956-4cbd-829c-2e6a4b8f1664.jpeg?fit=1200%2C1200&ssl=1&resize=350%2C200 1x, https:\/\/i0.wp.com\/r-mboutique.com\/wp-content\/uploads\/2025\/07\/34f3ec07-b956-4cbd-829c-2e6a4b8f1664.jpeg?fit=1200%2C1200&ssl=1&resize=525%2C300 1.5x, https:\/\/i0.wp.com\/r-mboutique.com\/wp-content\/uploads\/2025\/07\/34f3ec07-b956-4cbd-829c-2e6a4b8f1664.jpeg?fit=1200%2C1200&ssl=1&resize=700%2C400 2x, https:\/\/i0.wp.com\/r-mboutique.com\/wp-content\/uploads\/2025\/07\/34f3ec07-b956-4cbd-829c-2e6a4b8f1664.jpeg?fit=1200%2C1200&ssl=1&resize=1050%2C600 3x"},"classes":[]}],"_links":{"self":[{"href":"https:\/\/r-mboutique.com\/index.php\/wp-json\/wp\/v2\/product\/9455"}],"collection":[{"href":"https:\/\/r-mboutique.com\/index.php\/wp-json\/wp\/v2\/product"}],"about":[{"href":"https:\/\/r-mboutique.com\/index.php\/wp-json\/wp\/v2\/types\/product"}],"replies":[{"embeddable":true,"href":"https:\/\/r-mboutique.com\/index.php\/wp-json\/wp\/v2\/comments?post=9455"}],"wp:featuredmedia":[{"embeddable":true,"href":"https:\/\/r-mboutique.com\/index.php\/wp-json\/wp\/v2\/media\/9454"}],"wp:attachment":[{"href":"https:\/\/r-mboutique.com\/index.php\/wp-json\/wp\/v2\/media?parent=9455"}],"wp:term":[{"taxonomy":"product_cat","embeddable":true,"href":"https:\/\/r-mboutique.com\/index.php\/wp-json\/wp\/v2\/product_cat?post=9455"},{"taxonomy":"product_tag","embeddable":true,"href":"https:\/\/r-mboutique.com\/index.php\/wp-json\/wp\/v2\/product_tag?post=9455"}],"curies":[{"name":"wp","href":"https:\/\/api.w.org\/{rel}","templated":true}]}}