{"id":9694,"date":"2025-10-24T15:14:44","date_gmt":"2025-10-24T14:14:44","guid":{"rendered":"https:\/\/r-mboutique.com\/?post_type=product&#038;p=9694"},"modified":"2025-11-01T23:19:43","modified_gmt":"2025-11-01T22:19:43","slug":"hugo-boss-gregor-1514083","status":"publish","type":"product","link":"https:\/\/r-mboutique.com\/index.php\/product\/hugo-boss-gregor-1514083\/","title":{"rendered":"Hugo Boss Gregor 1514083"},"content":{"rendered":"<p><span>Cette montre Hugo Boss a un bo\u00eetier Inox 45 mm en diam\u00e8tre et est \u00e9quip\u00e9e d&#8217;un bracelet Inox. Le bo\u00eetier contient un mouvement Seiko Instruments Inc. et la montre est dot\u00e9e d&#8217;un cristal Min\u00e9ral..<\/span><\/p>\n<p><span>La montre est 5 ATM. Cela signifie que la montre est adapt\u00e9e \u00e0 la douche. La montre est livr\u00e9e avec la Garantie de 2 ans.<\/span><\/p>\n","protected":false},"excerpt":{"rendered":"<p>Cette montre Hugo Boss a un bo\u00eetier Inox 45 mm en diam\u00e8tre et est \u00e9quip\u00e9e d&#8217;un bracelet Inox. Le bo\u00eetier<\/p>\n","protected":false},"featured_media":9737,"comment_status":"open","ping_status":"closed","template":"","meta":{"om_disable_all_campaigns":false},"product_cat":[37,42,26,28],"product_tag":[],"jetpack-related-posts":[{"id":9665,"url":"https:\/\/r-mboutique.com\/index.php\/product\/hugo-boss-runner-1514143\/","url_meta":{"origin":9694,"position":0},"title":"Hugo Boss Runner 1514143","author":"Ramzi Merabtine","date":"10\/24\/2025","format":false,"excerpt":"Cette montre Hugo Boss a un bo\u00eetier Inox 43 mm en diam\u00e8tre et est \u00e9quip\u00e9e d'un bracelet Inox. Le bo\u00eetier contient un mouvement Seiko Instruments Inc. et la montre est dot\u00e9e d'un cristal Min\u00e9ral.. La montre est 5 ATM. Cela signifie que la montre est adapt\u00e9e \u00e0 la douche. La\u2026","rel":"","context":"Article similaire","block_context":{"text":"Article similaire","link":""},"img":{"alt_text":"","src":"https:\/\/i0.wp.com\/r-mboutique.com\/wp-content\/uploads\/2025\/11\/img_0852.jpeg?fit=1200%2C1200&ssl=1&resize=350%2C200","width":350,"height":200,"srcset":"https:\/\/i0.wp.com\/r-mboutique.com\/wp-content\/uploads\/2025\/11\/img_0852.jpeg?fit=1200%2C1200&ssl=1&resize=350%2C200 1x, https:\/\/i0.wp.com\/r-mboutique.com\/wp-content\/uploads\/2025\/11\/img_0852.jpeg?fit=1200%2C1200&ssl=1&resize=525%2C300 1.5x, https:\/\/i0.wp.com\/r-mboutique.com\/wp-content\/uploads\/2025\/11\/img_0852.jpeg?fit=1200%2C1200&ssl=1&resize=700%2C400 2x, https:\/\/i0.wp.com\/r-mboutique.com\/wp-content\/uploads\/2025\/11\/img_0852.jpeg?fit=1200%2C1200&ssl=1&resize=1050%2C600 3x"},"classes":[]},{"id":9672,"url":"https:\/\/r-mboutique.com\/index.php\/product\/hugo-boss-runner-1514169\/","url_meta":{"origin":9694,"position":1},"title":"Hugo Boss Runner 1514169","author":"Ramzi Merabtine","date":"10\/24\/2025","format":false,"excerpt":"Cette montre Hugo Boss a un bo\u00eetier Inox 43 mm en diam\u00e8tre et est \u00e9quip\u00e9e d'un bracelet silicone. Le bo\u00eetier contient un mouvement Seiko Instruments Inc. et la montre est dot\u00e9e d'un cristal Min\u00e9ral.. La montre est 5 ATM. Cela signifie que la montre est adapt\u00e9e \u00e0 la douche. La\u2026","rel":"","context":"Article similaire","block_context":{"text":"Article similaire","link":""},"img":{"alt_text":"","src":"https:\/\/i0.wp.com\/r-mboutique.com\/wp-content\/uploads\/2025\/11\/img_0856.jpeg?fit=1200%2C1200&ssl=1&resize=350%2C200","width":350,"height":200,"srcset":"https:\/\/i0.wp.com\/r-mboutique.com\/wp-content\/uploads\/2025\/11\/img_0856.jpeg?fit=1200%2C1200&ssl=1&resize=350%2C200 1x, https:\/\/i0.wp.com\/r-mboutique.com\/wp-content\/uploads\/2025\/11\/img_0856.jpeg?fit=1200%2C1200&ssl=1&resize=525%2C300 1.5x, https:\/\/i0.wp.com\/r-mboutique.com\/wp-content\/uploads\/2025\/11\/img_0856.jpeg?fit=1200%2C1200&ssl=1&resize=700%2C400 2x, https:\/\/i0.wp.com\/r-mboutique.com\/wp-content\/uploads\/2025\/11\/img_0856.jpeg?fit=1200%2C1200&ssl=1&resize=1050%2C600 3x"},"classes":[]},{"id":7199,"url":"https:\/\/r-mboutique.com\/index.php\/product\/hugo-boss-volane-1513953\/","url_meta":{"origin":9694,"position":2},"title":"Hugo Boss Volane 1513953","author":"Ramzi Merabtine","date":"05\/19\/2023","format":false,"excerpt":"Cette montre Hugo Boss a un bo\u00eetier Inox 44 mm en diam\u00e8tre et est \u00e9quip\u00e9e d'un bracelet caoutchouc. Le bo\u00eetier contient un mouvement Seiko Instruments Inc. et la montre est dot\u00e9e d'un cristal Min\u00e9ral.. La montre est 5 ATM. Cela signifie que la montre est adapt\u00e9e \u00e0 la douche. La\u2026","rel":"","context":"Article similaire","block_context":{"text":"Article similaire","link":""},"img":{"alt_text":"","src":"https:\/\/i0.wp.com\/r-mboutique.com\/wp-content\/uploads\/2025\/11\/img_0956.jpeg?fit=989%2C989&ssl=1&resize=350%2C200","width":350,"height":200,"srcset":"https:\/\/i0.wp.com\/r-mboutique.com\/wp-content\/uploads\/2025\/11\/img_0956.jpeg?fit=989%2C989&ssl=1&resize=350%2C200 1x, https:\/\/i0.wp.com\/r-mboutique.com\/wp-content\/uploads\/2025\/11\/img_0956.jpeg?fit=989%2C989&ssl=1&resize=525%2C300 1.5x, https:\/\/i0.wp.com\/r-mboutique.com\/wp-content\/uploads\/2025\/11\/img_0956.jpeg?fit=989%2C989&ssl=1&resize=700%2C400 2x"},"classes":[]},{"id":9677,"url":"https:\/\/r-mboutique.com\/index.php\/product\/hugo-boss-runner-1514168\/","url_meta":{"origin":9694,"position":3},"title":"Hugo Boss Runner 1514168","author":"Ramzi Merabtine","date":"10\/24\/2025","format":false,"excerpt":"Cette montre Hugo Boss a un bo\u00eetier Inox 43 mm en diam\u00e8tre et est \u00e9quip\u00e9e d'un bracelet silicone. Le bo\u00eetier contient un mouvement Seiko Instruments Inc. et la montre est dot\u00e9e d'un cristal Min\u00e9ral.. La montre est 5 ATM. Cela signifie que la montre est adapt\u00e9e \u00e0 la douche. La\u2026","rel":"","context":"Article similaire","block_context":{"text":"Article similaire","link":""},"img":{"alt_text":"","src":"https:\/\/i0.wp.com\/r-mboutique.com\/wp-content\/uploads\/2025\/11\/1af46c0e-1df0-4e4d-ab35-31e8c5710dc9-scaled.jpeg?fit=1200%2C1200&ssl=1&resize=350%2C200","width":350,"height":200,"srcset":"https:\/\/i0.wp.com\/r-mboutique.com\/wp-content\/uploads\/2025\/11\/1af46c0e-1df0-4e4d-ab35-31e8c5710dc9-scaled.jpeg?fit=1200%2C1200&ssl=1&resize=350%2C200 1x, https:\/\/i0.wp.com\/r-mboutique.com\/wp-content\/uploads\/2025\/11\/1af46c0e-1df0-4e4d-ab35-31e8c5710dc9-scaled.jpeg?fit=1200%2C1200&ssl=1&resize=525%2C300 1.5x, https:\/\/i0.wp.com\/r-mboutique.com\/wp-content\/uploads\/2025\/11\/1af46c0e-1df0-4e4d-ab35-31e8c5710dc9-scaled.jpeg?fit=1200%2C1200&ssl=1&resize=700%2C400 2x, https:\/\/i0.wp.com\/r-mboutique.com\/wp-content\/uploads\/2025\/11\/1af46c0e-1df0-4e4d-ab35-31e8c5710dc9-scaled.jpeg?fit=1200%2C1200&ssl=1&resize=1050%2C600 3x"},"classes":[]},{"id":7281,"url":"https:\/\/r-mboutique.com\/index.php\/product\/hugo-boss-admiral-1513912\/","url_meta":{"origin":9694,"position":4},"title":"Hugo Boss Admiral 1513912","author":"Ramzi Merabtine","date":"05\/31\/2023","format":false,"excerpt":"Cette montre Hugo Boss a un bo\u00eetier Inox 46 mm en diam\u00e8tre et est \u00e9quip\u00e9e d'un bracelet en caoutchouc. Le bo\u00eetier contient un mouvement Seiko Instruments Inc. et la montre est dot\u00e9e d'un cristal Min\u00e9ral.. La montre est 10 ATM. Cela signifie que la montre est adapt\u00e9e \u00e0 la natation.\u2026","rel":"","context":"Article similaire","block_context":{"text":"Article similaire","link":""},"img":{"alt_text":"","src":"https:\/\/i0.wp.com\/r-mboutique.com\/wp-content\/uploads\/2023\/05\/img_3477.jpeg?fit=800%2C800&ssl=1&resize=350%2C200","width":350,"height":200,"srcset":"https:\/\/i0.wp.com\/r-mboutique.com\/wp-content\/uploads\/2023\/05\/img_3477.jpeg?fit=800%2C800&ssl=1&resize=350%2C200 1x, https:\/\/i0.wp.com\/r-mboutique.com\/wp-content\/uploads\/2023\/05\/img_3477.jpeg?fit=800%2C800&ssl=1&resize=525%2C300 1.5x, https:\/\/i0.wp.com\/r-mboutique.com\/wp-content\/uploads\/2023\/05\/img_3477.jpeg?fit=800%2C800&ssl=1&resize=700%2C400 2x"},"classes":[]},{"id":7289,"url":"https:\/\/r-mboutique.com\/index.php\/product\/hugo-boss-allure-1513964\/","url_meta":{"origin":9694,"position":5},"title":"Hugo Boss Allure 1513964","author":"Ramzi Merabtine","date":"06\/02\/2023","format":false,"excerpt":"Cette montre Hugo Boss a un bo\u00eetier Inox 44 mm en diam\u00e8tre et est \u00e9quip\u00e9e d'un bracelet cuir. Le bo\u00eetier contient un mouvement Seiko Instruments Inc. et la montre est dot\u00e9e d'un cristal Min\u00e9ral.. La montre est 5 ATM. Cela signifie que la montre est adapt\u00e9e \u00e0 la douche. La\u2026","rel":"","context":"Article similaire","block_context":{"text":"Article similaire","link":""},"img":{"alt_text":"","src":"https:\/\/i0.wp.com\/r-mboutique.com\/wp-content\/uploads\/2023\/06\/img_3488.jpeg?fit=1000%2C1000&ssl=1&resize=350%2C200","width":350,"height":200,"srcset":"https:\/\/i0.wp.com\/r-mboutique.com\/wp-content\/uploads\/2023\/06\/img_3488.jpeg?fit=1000%2C1000&ssl=1&resize=350%2C200 1x, https:\/\/i0.wp.com\/r-mboutique.com\/wp-content\/uploads\/2023\/06\/img_3488.jpeg?fit=1000%2C1000&ssl=1&resize=525%2C300 1.5x, https:\/\/i0.wp.com\/r-mboutique.com\/wp-content\/uploads\/2023\/06\/img_3488.jpeg?fit=1000%2C1000&ssl=1&resize=700%2C400 2x"},"classes":[]}],"_links":{"self":[{"href":"https:\/\/r-mboutique.com\/index.php\/wp-json\/wp\/v2\/product\/9694"}],"collection":[{"href":"https:\/\/r-mboutique.com\/index.php\/wp-json\/wp\/v2\/product"}],"about":[{"href":"https:\/\/r-mboutique.com\/index.php\/wp-json\/wp\/v2\/types\/product"}],"replies":[{"embeddable":true,"href":"https:\/\/r-mboutique.com\/index.php\/wp-json\/wp\/v2\/comments?post=9694"}],"wp:featuredmedia":[{"embeddable":true,"href":"https:\/\/r-mboutique.com\/index.php\/wp-json\/wp\/v2\/media\/9737"}],"wp:attachment":[{"href":"https:\/\/r-mboutique.com\/index.php\/wp-json\/wp\/v2\/media?parent=9694"}],"wp:term":[{"taxonomy":"product_cat","embeddable":true,"href":"https:\/\/r-mboutique.com\/index.php\/wp-json\/wp\/v2\/product_cat?post=9694"},{"taxonomy":"product_tag","embeddable":true,"href":"https:\/\/r-mboutique.com\/index.php\/wp-json\/wp\/v2\/product_tag?post=9694"}],"curies":[{"name":"wp","href":"https:\/\/api.w.org\/{rel}","templated":true}]}}