{"id":9892,"date":"2025-12-02T17:48:26","date_gmt":"2025-12-02T16:48:26","guid":{"rendered":"https:\/\/r-mboutique.com\/index.php\/product\/fossil-machine-fs5361\/"},"modified":"2025-12-02T17:48:34","modified_gmt":"2025-12-02T16:48:34","slug":"fossil-machine-fs5361","status":"publish","type":"product","link":"https:\/\/r-mboutique.com\/index.php\/product\/fossil-machine-fs5361\/","title":{"rendered":"Fossil Machine FS5361"},"content":{"rendered":"<p><span style=\"margin: 0px;padding: 0px;border: 0px;font-style: inherit;font-weight: inherit;line-height: inherit;font-family: inherit;font-size: 14px;vertical-align: baseline\">Cette montre Fossil \u00e0 un bo\u00eetier en Acier Inoxydable Rev\u00eatue en Couleur avec un diam\u00e8tre de 45mm et poss\u00e8de un bracelet en cuir. <\/span><\/p>\n<p><span style=\"margin: 0px;padding: 0px;border: 0px;font-style: inherit;font-weight: inherit;line-height: inherit;font-family: inherit;font-size: 14px;vertical-align: baseline\">Le bo\u00eetier de la montre contient un mouvement et un cristal min\u00e9ral.<\/span><\/p>\n<p style=\"margin: 0px 0px 20px;padding: 0px;border: 0px;font-style: normal;font-weight: 400;line-height: inherit;font-family: Karla, Arial, Helvetica, sans-serif;font-size: 14px;vertical-align: baseline;letter-spacing: normal;text-align: start;text-indent: 0px;text-transform: none;text-decoration: none\"><span style=\"margin: 0px;padding: 0px;border: 0px;font-style: inherit;font-weight: inherit;line-height: inherit;font-family: inherit;font-size: 14px;vertical-align: baseline\">La montre est \u00e9tanche \u00e0 5ATM. Cela signifie que la montre est \u00e9tanche pour la douche. La montre est livr\u00e9e avec 2 ann\u00e9es de garantie<\/span><\/p>\n","protected":false},"excerpt":{"rendered":"<p>Cette montre Fossil \u00e0 un bo\u00eetier en Acier Inoxydable Rev\u00eatue en Couleur avec un diam\u00e8tre de 45mm et poss\u00e8de un<\/p>\n","protected":false},"featured_media":9891,"comment_status":"open","ping_status":"closed","template":"","meta":{"om_disable_all_campaigns":false},"product_cat":[37,43,26,28],"product_tag":[],"jetpack-related-posts":[{"id":2843,"url":"https:\/\/r-mboutique.com\/index.php\/product\/fossil-jacqueline-es4151\/","url_meta":{"origin":9892,"position":0},"title":"Fossil Jacqueline ES4151","author":"Ramzi Merabtine","date":"12\/17\/2021","format":false,"excerpt":"Cette montre Fossil \u00e0 un bo\u00eetier en acier inoxydable avec un diam\u00e8tre de 36mm et poss\u00e8de un bracelet en cuir. Le bo\u00eetier de la montre contient un mouvement et un cristal min\u00e9ral. La montre est \u00e9tanche \u00e0 3ATM. Cela signifie que la montre est \u00e9tanche \u00e0 des \u00e9claboussures. La montre\u2026","rel":"","context":"Article similaire","block_context":{"text":"Article similaire","link":""},"img":{"alt_text":"","src":"https:\/\/i0.wp.com\/r-mboutique.com\/wp-content\/uploads\/2021\/12\/img_3125.jpeg?fit=1000%2C1000&ssl=1&resize=350%2C200","width":350,"height":200,"srcset":"https:\/\/i0.wp.com\/r-mboutique.com\/wp-content\/uploads\/2021\/12\/img_3125.jpeg?fit=1000%2C1000&ssl=1&resize=350%2C200 1x, https:\/\/i0.wp.com\/r-mboutique.com\/wp-content\/uploads\/2021\/12\/img_3125.jpeg?fit=1000%2C1000&ssl=1&resize=525%2C300 1.5x, https:\/\/i0.wp.com\/r-mboutique.com\/wp-content\/uploads\/2021\/12\/img_3125.jpeg?fit=1000%2C1000&ssl=1&resize=700%2C400 2x"},"classes":[]},{"id":2889,"url":"https:\/\/r-mboutique.com\/index.php\/product\/fossil-copeland-es4825\/","url_meta":{"origin":9892,"position":1},"title":"Fossil Copeland ES4825","author":"Ramzi Merabtine","date":"12\/17\/2021","format":false,"excerpt":"Cette montre Fossil \u00e0 un bo\u00eetier en acier inoxydable avec un diam\u00e8tre de 34mm et poss\u00e8de un bracelet en cuir. Le bo\u00eetier de la montre contient un mouvement et un cristal min\u00e9ral. La montre est \u00e9tanche \u00e0 5ATM. Cela signifie que la montre est \u00e9tanche pour la douche. La montre\u2026","rel":"","context":"Article similaire","block_context":{"text":"Article similaire","link":""},"img":{"alt_text":"","src":"https:\/\/i0.wp.com\/r-mboutique.com\/wp-content\/uploads\/2023\/11\/img_7789.jpeg?fit=1200%2C1200&ssl=1&resize=350%2C200","width":350,"height":200,"srcset":"https:\/\/i0.wp.com\/r-mboutique.com\/wp-content\/uploads\/2023\/11\/img_7789.jpeg?fit=1200%2C1200&ssl=1&resize=350%2C200 1x, https:\/\/i0.wp.com\/r-mboutique.com\/wp-content\/uploads\/2023\/11\/img_7789.jpeg?fit=1200%2C1200&ssl=1&resize=525%2C300 1.5x, https:\/\/i0.wp.com\/r-mboutique.com\/wp-content\/uploads\/2023\/11\/img_7789.jpeg?fit=1200%2C1200&ssl=1&resize=700%2C400 2x, https:\/\/i0.wp.com\/r-mboutique.com\/wp-content\/uploads\/2023\/11\/img_7789.jpeg?fit=1200%2C1200&ssl=1&resize=1050%2C600 3x"},"classes":[]},{"id":6286,"url":"https:\/\/r-mboutique.com\/index.php\/product\/fossil-evanston-bq2611\/","url_meta":{"origin":9892,"position":2},"title":"Fossil Evanston BQ2611","author":"Ramzi Merabtine","date":"10\/04\/2022","format":false,"excerpt":"Cette montre Fossil \u00e0 un bo\u00eetier en acier inoxydable avec un diam\u00e8tre de 45mm et poss\u00e8de un bracelet en m\u00e9tal. Le bo\u00eetier de la montre contient un mouvement et un cristal min\u00e9ral. La montre est \u00e9tanche \u00e0 5ATM. Cela signifie que la montre est \u00e9tanche pour la douche. La montre\u2026","rel":"","context":"Article similaire","block_context":{"text":"Article similaire","link":""},"img":{"alt_text":"","src":"https:\/\/i0.wp.com\/r-mboutique.com\/wp-content\/uploads\/2023\/11\/img_7786.jpeg?fit=1200%2C1200&ssl=1&resize=350%2C200","width":350,"height":200,"srcset":"https:\/\/i0.wp.com\/r-mboutique.com\/wp-content\/uploads\/2023\/11\/img_7786.jpeg?fit=1200%2C1200&ssl=1&resize=350%2C200 1x, https:\/\/i0.wp.com\/r-mboutique.com\/wp-content\/uploads\/2023\/11\/img_7786.jpeg?fit=1200%2C1200&ssl=1&resize=525%2C300 1.5x, https:\/\/i0.wp.com\/r-mboutique.com\/wp-content\/uploads\/2023\/11\/img_7786.jpeg?fit=1200%2C1200&ssl=1&resize=700%2C400 2x, https:\/\/i0.wp.com\/r-mboutique.com\/wp-content\/uploads\/2023\/11\/img_7786.jpeg?fit=1200%2C1200&ssl=1&resize=1050%2C600 3x"},"classes":[]},{"id":7458,"url":"https:\/\/r-mboutique.com\/index.php\/product\/fossil-fenmore-bq2365\/","url_meta":{"origin":9892,"position":3},"title":"Fossil Fenmore BQ2365","author":"Ramzi Merabtine","date":"07\/15\/2023","format":false,"excerpt":"Cette montre Fossil \u00e0 un bo\u00eetier en acier inoxydable avec un diam\u00e8tre de 44mm et poss\u00e8de un bracelet en m\u00e9tal. Le bo\u00eetier de la montre contient un mouvement et un cristal min\u00e9ral. La montre est \u00e9tanche \u00e0 5ATM. Cela signifie que la montre est \u00e9tanche pour la douche. La montre\u2026","rel":"","context":"Article similaire","block_context":{"text":"Article similaire","link":""},"img":{"alt_text":"","src":"https:\/\/i0.wp.com\/r-mboutique.com\/wp-content\/uploads\/2023\/07\/2167a7d2-be5b-4c15-b931-164a263a3d0d.jpeg?fit=1200%2C1200&ssl=1&resize=350%2C200","width":350,"height":200,"srcset":"https:\/\/i0.wp.com\/r-mboutique.com\/wp-content\/uploads\/2023\/07\/2167a7d2-be5b-4c15-b931-164a263a3d0d.jpeg?fit=1200%2C1200&ssl=1&resize=350%2C200 1x, https:\/\/i0.wp.com\/r-mboutique.com\/wp-content\/uploads\/2023\/07\/2167a7d2-be5b-4c15-b931-164a263a3d0d.jpeg?fit=1200%2C1200&ssl=1&resize=525%2C300 1.5x, https:\/\/i0.wp.com\/r-mboutique.com\/wp-content\/uploads\/2023\/07\/2167a7d2-be5b-4c15-b931-164a263a3d0d.jpeg?fit=1200%2C1200&ssl=1&resize=700%2C400 2x, https:\/\/i0.wp.com\/r-mboutique.com\/wp-content\/uploads\/2023\/07\/2167a7d2-be5b-4c15-b931-164a263a3d0d.jpeg?fit=1200%2C1200&ssl=1&resize=1050%2C600 3x"},"classes":[]},{"id":7464,"url":"https:\/\/r-mboutique.com\/index.php\/product\/fossil-bannon-bq2491\/","url_meta":{"origin":9892,"position":4},"title":"Fossil Bannon BQ2491","author":"Ramzi Merabtine","date":"07\/15\/2023","format":false,"excerpt":"Cette montre Fossil \u00e0 un bo\u00eetier en acier inoxydable avec un diam\u00e8tre de 45mm et poss\u00e8de un bracelet en m\u00e9tal. Le bo\u00eetier de la montre contient un mouvement et un cristal min\u00e9ral. La montre est \u00e9tanche \u00e0 5ATM. Cela signifie que la montre est \u00e9tanche pour la douche. La montre\u2026","rel":"","context":"Article similaire","block_context":{"text":"Article similaire","link":""},"img":{"alt_text":"","src":"https:\/\/i0.wp.com\/r-mboutique.com\/wp-content\/uploads\/2023\/07\/img_4633.jpeg?fit=798%2C798&ssl=1&resize=350%2C200","width":350,"height":200,"srcset":"https:\/\/i0.wp.com\/r-mboutique.com\/wp-content\/uploads\/2023\/07\/img_4633.jpeg?fit=798%2C798&ssl=1&resize=350%2C200 1x, https:\/\/i0.wp.com\/r-mboutique.com\/wp-content\/uploads\/2023\/07\/img_4633.jpeg?fit=798%2C798&ssl=1&resize=525%2C300 1.5x, https:\/\/i0.wp.com\/r-mboutique.com\/wp-content\/uploads\/2023\/07\/img_4633.jpeg?fit=798%2C798&ssl=1&resize=700%2C400 2x"},"classes":[]},{"id":2984,"url":"https:\/\/r-mboutique.com\/index.php\/product\/fossil-gabby-es5087\/","url_meta":{"origin":9892,"position":5},"title":"Fossil Gabby ES5087","author":"Ramzi Merabtine","date":"12\/17\/2021","format":false,"excerpt":"Cette montre Fossil \u00e0 un bo\u00eetier en acier inoxydable avec un diam\u00e8tre de 34mm et poss\u00e8de un bracelet en m\u00e9tal. Le bo\u00eetier de la montre contient un mouvement et un cristal min\u00e9ral. La montre est \u00e9tanche \u00e0 5ATM. Cela signifie que la montre est \u00e9tanche pour la douche. La montre\u2026","rel":"","context":"Article similaire","block_context":{"text":"Article similaire","link":""},"img":{"alt_text":"","src":"https:\/\/i0.wp.com\/r-mboutique.com\/wp-content\/uploads\/2021\/12\/img_4708.jpeg?fit=1000%2C1000&ssl=1&resize=350%2C200","width":350,"height":200,"srcset":"https:\/\/i0.wp.com\/r-mboutique.com\/wp-content\/uploads\/2021\/12\/img_4708.jpeg?fit=1000%2C1000&ssl=1&resize=350%2C200 1x, https:\/\/i0.wp.com\/r-mboutique.com\/wp-content\/uploads\/2021\/12\/img_4708.jpeg?fit=1000%2C1000&ssl=1&resize=525%2C300 1.5x, https:\/\/i0.wp.com\/r-mboutique.com\/wp-content\/uploads\/2021\/12\/img_4708.jpeg?fit=1000%2C1000&ssl=1&resize=700%2C400 2x"},"classes":[]}],"_links":{"self":[{"href":"https:\/\/r-mboutique.com\/index.php\/wp-json\/wp\/v2\/product\/9892"}],"collection":[{"href":"https:\/\/r-mboutique.com\/index.php\/wp-json\/wp\/v2\/product"}],"about":[{"href":"https:\/\/r-mboutique.com\/index.php\/wp-json\/wp\/v2\/types\/product"}],"replies":[{"embeddable":true,"href":"https:\/\/r-mboutique.com\/index.php\/wp-json\/wp\/v2\/comments?post=9892"}],"wp:featuredmedia":[{"embeddable":true,"href":"https:\/\/r-mboutique.com\/index.php\/wp-json\/wp\/v2\/media\/9891"}],"wp:attachment":[{"href":"https:\/\/r-mboutique.com\/index.php\/wp-json\/wp\/v2\/media?parent=9892"}],"wp:term":[{"taxonomy":"product_cat","embeddable":true,"href":"https:\/\/r-mboutique.com\/index.php\/wp-json\/wp\/v2\/product_cat?post=9892"},{"taxonomy":"product_tag","embeddable":true,"href":"https:\/\/r-mboutique.com\/index.php\/wp-json\/wp\/v2\/product_tag?post=9892"}],"curies":[{"name":"wp","href":"https:\/\/api.w.org\/{rel}","templated":true}]}}